{"id":2729,"date":"2020-12-23T17:58:52","date_gmt":"2020-12-23T16:58:52","guid":{"rendered":"http:\/\/museu.biblic.arqtgn.cat\/?page_id=2729"},"modified":"2020-12-23T18:44:55","modified_gmt":"2020-12-23T17:44:55","slug":"2007-manos","status":"publish","type":"page","link":"https:\/\/museu.biblic.arqtgn.cat\/es\/2007-manos\/","title":{"rendered":"2007: Manos"},"content":{"rendered":"<p><strong>Exposici\u00f3n <em>Manos<\/em> (del 27 de abril al 1 de junio de 2007):<\/strong><\/p>\n<p style=\"text-align: justify;\">\u201cManos\u201d fue una exposici\u00f3n formada por un conjunto de 12 manos realizadas con la t\u00e9cnica de cer\u00e1mica escult\u00f3rica, material en gres, de alta temperatura, con la t\u00e9cnica del \u201cespesic\u201d y esmaltados de la artista Montserrat Aixal\u00e0. Las manos, de una altura aproximada de 75 cm., expresaban conceptos e ideas transcendentes inspiradas en el mundo de la Biblia. La exposici\u00f3n se ubic\u00f3 dentro del discurso museogr\u00e1fico del Museo B\u00edblico Tarraconense. En este sentido, fue una experiencia innovadora que permiti\u00f3 al visitante descubrir y relacionar las diferentes piezas expuestas con el contenido del Museo.<\/p>\n<p style=\"text-align: center;\"><a href=\"http:\/\/mbt.wp.arqtgn.cat\/wp-content\/uploads\/sites\/34\/2015\/07\/mans.jpg\"><img loading=\"lazy\" decoding=\"async\" class=\"alignnone size-medium wp-image-613\" src=\"http:\/\/mbt.wp.arqtgn.cat\/wp-content\/uploads\/sites\/34\/2015\/07\/mans-229x300.jpg\" alt=\"mans\" width=\"229\" height=\"300\" srcset=\"https:\/\/museu.biblic.arqtgn.cat\/wp-content\/uploads\/sites\/34\/2015\/07\/mans-229x300.jpg 229w, https:\/\/museu.biblic.arqtgn.cat\/wp-content\/uploads\/sites\/34\/2015\/07\/mans.jpg 596w\" sizes=\"auto, (max-width: 229px) 100vw, 229px\" \/><\/a><\/p>\n","protected":false},"excerpt":{"rendered":"<p>Exposici\u00f3n Manos (del 27 de abril al 1 de junio de 2007): \u201cManos\u201d fue una exposici\u00f3n formada por un conjunto de 12 manos realizadas con la t\u00e9cnica de cer\u00e1mica escult\u00f3rica, material en gres, de alta temperatura, con la t\u00e9cnica del \u201cespesic\u201d y esmaltados de la artista Montserrat Aixal\u00e0. Las manos, de una altura aproximada de<\/p>\n","protected":false},"author":34,"featured_media":0,"parent":0,"menu_order":0,"comment_status":"closed","ping_status":"closed","template":"page-template-full.php","meta":{"footnotes":""},"class_list":["post-2729","page","type-page","status-publish","hentry"],"amp_enabled":false,"_links":{"self":[{"href":"https:\/\/museu.biblic.arqtgn.cat\/es\/wp-json\/wp\/v2\/pages\/2729","targetHints":{"allow":["GET"]}}],"collection":[{"href":"https:\/\/museu.biblic.arqtgn.cat\/es\/wp-json\/wp\/v2\/pages"}],"about":[{"href":"https:\/\/museu.biblic.arqtgn.cat\/es\/wp-json\/wp\/v2\/types\/page"}],"author":[{"embeddable":true,"href":"https:\/\/museu.biblic.arqtgn.cat\/es\/wp-json\/wp\/v2\/users\/34"}],"replies":[{"embeddable":true,"href":"https:\/\/museu.biblic.arqtgn.cat\/es\/wp-json\/wp\/v2\/comments?post=2729"}],"version-history":[{"count":1,"href":"https:\/\/museu.biblic.arqtgn.cat\/es\/wp-json\/wp\/v2\/pages\/2729\/revisions"}],"predecessor-version":[{"id":2731,"href":"https:\/\/museu.biblic.arqtgn.cat\/es\/wp-json\/wp\/v2\/pages\/2729\/revisions\/2731"}],"wp:attachment":[{"href":"https:\/\/museu.biblic.arqtgn.cat\/es\/wp-json\/wp\/v2\/media?parent=2729"}],"curies":[{"name":"wp","href":"https:\/\/api.w.org\/{rel}","templated":true}]}}