{"id":2733,"date":"2020-12-23T17:59:53","date_gmt":"2020-12-23T16:59:53","guid":{"rendered":"http:\/\/museu.biblic.arqtgn.cat\/?page_id=2733"},"modified":"2020-12-23T18:44:55","modified_gmt":"2020-12-23T17:44:55","slug":"2008-el-sello-biblico-y-religioso","status":"publish","type":"page","link":"https:\/\/museu.biblic.arqtgn.cat\/es\/2008-el-sello-biblico-y-religioso\/","title":{"rendered":"2008: El sello b\u00edblico y religioso"},"content":{"rendered":"<p style=\"text-align: justify;\"><strong>Exposici\u00f3n <em>El sello b\u00edblico y religioso<\/em> (del 21 de marzo al 23 de julio de 2008. Prorrogada del 1 de septiembre al 23 de septiembre):<\/strong><\/p>\n<p style=\"text-align: justify;\">Exposici\u00f3n monogr\u00e1fica sobre el \u201cSello b\u00edblico y religioso\u201d organizada conjuntamente por el propio Museo y la Asociaci\u00f3n Filat\u00e9lica y Numism\u00e1tica de Tarragona (SOFINUTA). M\u00e1s de 30 vitrinas permitieron al visitante disfrutar de este extraordinario patrimonio.<\/p>\n<p style=\"text-align: center;\"><a href=\"http:\/\/mbt.wp.arqtgn.cat\/wp-content\/uploads\/sites\/34\/2015\/07\/Exposici\u00f3-general.jpg\"><img loading=\"lazy\" decoding=\"async\" class=\"alignnone size-medium wp-image-625\" src=\"http:\/\/mbt.wp.arqtgn.cat\/wp-content\/uploads\/sites\/34\/2015\/07\/Exposici\u00f3-general-300x225.jpg\" alt=\"Exposici\u00f3 general\" width=\"300\" height=\"225\" srcset=\"https:\/\/museu.biblic.arqtgn.cat\/wp-content\/uploads\/sites\/34\/2015\/07\/Exposici\u00f3-general-300x225.jpg 300w, https:\/\/museu.biblic.arqtgn.cat\/wp-content\/uploads\/sites\/34\/2015\/07\/Exposici\u00f3-general-1024x768.jpg 1024w, https:\/\/museu.biblic.arqtgn.cat\/wp-content\/uploads\/sites\/34\/2015\/07\/Exposici\u00f3-general.jpg 2048w\" sizes=\"auto, (max-width: 300px) 100vw, 300px\" \/><\/a><\/p>\n","protected":false},"excerpt":{"rendered":"<p>Exposici\u00f3n El sello b\u00edblico y religioso (del 21 de marzo al 23 de julio de 2008. Prorrogada del 1 de septiembre al 23 de septiembre): Exposici\u00f3n monogr\u00e1fica sobre el \u201cSello b\u00edblico y religioso\u201d organizada conjuntamente por el propio Museo y la Asociaci\u00f3n Filat\u00e9lica y Numism\u00e1tica de Tarragona (SOFINUTA). M\u00e1s de 30 vitrinas permitieron al visitante<\/p>\n","protected":false},"author":34,"featured_media":0,"parent":0,"menu_order":0,"comment_status":"closed","ping_status":"closed","template":"page-template-full.php","meta":{"footnotes":""},"class_list":["post-2733","page","type-page","status-publish","hentry"],"amp_enabled":false,"_links":{"self":[{"href":"https:\/\/museu.biblic.arqtgn.cat\/es\/wp-json\/wp\/v2\/pages\/2733","targetHints":{"allow":["GET"]}}],"collection":[{"href":"https:\/\/museu.biblic.arqtgn.cat\/es\/wp-json\/wp\/v2\/pages"}],"about":[{"href":"https:\/\/museu.biblic.arqtgn.cat\/es\/wp-json\/wp\/v2\/types\/page"}],"author":[{"embeddable":true,"href":"https:\/\/museu.biblic.arqtgn.cat\/es\/wp-json\/wp\/v2\/users\/34"}],"replies":[{"embeddable":true,"href":"https:\/\/museu.biblic.arqtgn.cat\/es\/wp-json\/wp\/v2\/comments?post=2733"}],"version-history":[{"count":1,"href":"https:\/\/museu.biblic.arqtgn.cat\/es\/wp-json\/wp\/v2\/pages\/2733\/revisions"}],"predecessor-version":[{"id":2735,"href":"https:\/\/museu.biblic.arqtgn.cat\/es\/wp-json\/wp\/v2\/pages\/2733\/revisions\/2735"}],"wp:attachment":[{"href":"https:\/\/museu.biblic.arqtgn.cat\/es\/wp-json\/wp\/v2\/media?parent=2733"}],"curies":[{"name":"wp","href":"https:\/\/api.w.org\/{rel}","templated":true}]}}