{"id":2737,"date":"2020-12-23T18:00:46","date_gmt":"2020-12-23T17:00:46","guid":{"rendered":"http:\/\/museu.biblic.arqtgn.cat\/?page_id=2737"},"modified":"2020-12-23T18:44:55","modified_gmt":"2020-12-23T17:44:55","slug":"2008-san-fructuoso-y-su-tiempotaller","status":"publish","type":"page","link":"https:\/\/museu.biblic.arqtgn.cat\/es\/2008-san-fructuoso-y-su-tiempotaller\/","title":{"rendered":"2008: San Fructuoso y su tiempo+taller"},"content":{"rendered":"<p style=\"text-align: justify;\"><strong>Espacio de interpretaci\u00f3n<em> San Fructuoso y su tiempo<\/em> (del 20 de enero de 2008 al 25 de enero de 2009)+ taller <em>El patrimonio tardoromano en Tarraco a trav\u00e9s de la historia de San Fructuoso<\/em> ( del 9 de octubre al 16 de diciembre de 2008):<\/strong><\/p>\n<p style=\"text-align: justify;\">El 21 de enero del a\u00f1o 259 d.C. murieron martirizados en el anfiteatro de Tarragona el obispo Fructuoso y sus dos di\u00e1conos Augurio y Eulogio, durante las persecuciones de los emperadores Valeriano y Galieno. La historia de estos santos m\u00e1rtires nos ha llegado a trav\u00e9s de sus actas martiriales, documento contempor\u00e1neo a los hechos. El culto de estos m\u00e1rtires transciende en el espacio y el tiempo y su veneraci\u00f3n es universal. El espacio de interpretaci\u00f3n San Fructuoso y su tiempo nos permiti\u00f3 acercarnos a su historia, a su culto y a sus manifestaciones art\u00edsticas y etnogr\u00e1ficas durante el A\u00f1o Jubilar de San Fructuoso.<\/p>\n<p style=\"text-align: justify;\"><a href=\"http:\/\/mbt.wp.arqtgn.cat\/wp-content\/uploads\/sites\/34\/2015\/07\/CIMG0181.jpg\"><img loading=\"lazy\" decoding=\"async\" class=\"alignnone size-medium wp-image-620\" src=\"http:\/\/mbt.wp.arqtgn.cat\/wp-content\/uploads\/sites\/34\/2015\/07\/CIMG0181-300x225.jpg\" alt=\"CIMG0181\" width=\"300\" height=\"225\" srcset=\"https:\/\/museu.biblic.arqtgn.cat\/wp-content\/uploads\/sites\/34\/2015\/07\/CIMG0181-300x225.jpg 300w, https:\/\/museu.biblic.arqtgn.cat\/wp-content\/uploads\/sites\/34\/2015\/07\/CIMG0181.jpg 640w\" sizes=\"auto, (max-width: 300px) 100vw, 300px\" \/><\/a> <a href=\"http:\/\/mbt.wp.arqtgn.cat\/wp-content\/uploads\/sites\/34\/2015\/07\/CIMG0195.jpg\"><img loading=\"lazy\" decoding=\"async\" class=\"alignnone size-medium wp-image-621\" src=\"http:\/\/mbt.wp.arqtgn.cat\/wp-content\/uploads\/sites\/34\/2015\/07\/CIMG0195-300x225.jpg\" alt=\"CIMG0195\" width=\"300\" height=\"225\" srcset=\"https:\/\/museu.biblic.arqtgn.cat\/wp-content\/uploads\/sites\/34\/2015\/07\/CIMG0195-300x225.jpg 300w, https:\/\/museu.biblic.arqtgn.cat\/wp-content\/uploads\/sites\/34\/2015\/07\/CIMG0195.jpg 640w\" sizes=\"auto, (max-width: 300px) 100vw, 300px\" \/><\/a><\/p>\n","protected":false},"excerpt":{"rendered":"<p>Espacio de interpretaci\u00f3n San Fructuoso y su tiempo (del 20 de enero de 2008 al 25 de enero de 2009)+ taller El patrimonio tardoromano en Tarraco a trav\u00e9s de la historia de San Fructuoso ( del 9 de octubre al 16 de diciembre de 2008): El 21 de enero del a\u00f1o 259 d.C. murieron martirizados<\/p>\n","protected":false},"author":34,"featured_media":0,"parent":0,"menu_order":0,"comment_status":"closed","ping_status":"closed","template":"page-template-full.php","meta":{"footnotes":""},"class_list":["post-2737","page","type-page","status-publish","hentry"],"amp_enabled":false,"_links":{"self":[{"href":"https:\/\/museu.biblic.arqtgn.cat\/es\/wp-json\/wp\/v2\/pages\/2737","targetHints":{"allow":["GET"]}}],"collection":[{"href":"https:\/\/museu.biblic.arqtgn.cat\/es\/wp-json\/wp\/v2\/pages"}],"about":[{"href":"https:\/\/museu.biblic.arqtgn.cat\/es\/wp-json\/wp\/v2\/types\/page"}],"author":[{"embeddable":true,"href":"https:\/\/museu.biblic.arqtgn.cat\/es\/wp-json\/wp\/v2\/users\/34"}],"replies":[{"embeddable":true,"href":"https:\/\/museu.biblic.arqtgn.cat\/es\/wp-json\/wp\/v2\/comments?post=2737"}],"version-history":[{"count":1,"href":"https:\/\/museu.biblic.arqtgn.cat\/es\/wp-json\/wp\/v2\/pages\/2737\/revisions"}],"predecessor-version":[{"id":2740,"href":"https:\/\/museu.biblic.arqtgn.cat\/es\/wp-json\/wp\/v2\/pages\/2737\/revisions\/2740"}],"wp:attachment":[{"href":"https:\/\/museu.biblic.arqtgn.cat\/es\/wp-json\/wp\/v2\/media?parent=2737"}],"curies":[{"name":"wp","href":"https:\/\/api.w.org\/{rel}","templated":true}]}}