{"id":2742,"date":"2020-12-23T18:02:29","date_gmt":"2020-12-23T17:02:29","guid":{"rendered":"http:\/\/museu.biblic.arqtgn.cat\/?page_id=2742"},"modified":"2020-12-23T18:44:55","modified_gmt":"2020-12-23T17:44:55","slug":"2009-2010-20-anos-de-pasion","status":"publish","type":"page","link":"https:\/\/museu.biblic.arqtgn.cat\/es\/2009-2010-20-anos-de-pasion\/","title":{"rendered":"2009-2010: 20 a\u00f1os de Pasi\u00f3n"},"content":{"rendered":"<p style=\"text-align: justify;\"><strong>Exposici\u00f3n <em>La Pasi\u00f3n de San Fructuoso. 20 a\u00f1os (1990-2010),<\/em> (del 28 de diciembre de 2009 al 21 de enero de 2010):<\/strong><\/p>\n<p style=\"text-align: justify;\">En el a\u00f1o 2010 se conmemoraron los 20 a\u00f1os de la representaci\u00f3n de <em>La Pasi\u00f3n de San Fructuoso<\/em>. Por ese motivo la Asociaci\u00f3n Cultural San Fructuoso y el Museo B\u00edblico hicieron una exposici\u00f3n conmemorativa para celebrar este acontecimiento. La muestra presentaba diferentes materiales relacionados con la obra, desde los carteles de cada a\u00f1o de representaci\u00f3n, los programas de mano o los vestuarios.<strong><br \/>\n<\/strong><\/p>\n<p style=\"text-align: justify;\"><a href=\"http:\/\/mbt.wp.arqtgn.cat\/wp-content\/uploads\/sites\/34\/2015\/07\/172480_101278403286665_2159997_o.jpg\"><img loading=\"lazy\" decoding=\"async\" class=\" wp-image-494 aligncenter\" src=\"http:\/\/mbt.wp.arqtgn.cat\/wp-content\/uploads\/sites\/34\/2015\/07\/172480_101278403286665_2159997_o-300x201.jpg\" alt=\"172480_101278403286665_2159997_o\" width=\"437\" height=\"293\" srcset=\"https:\/\/museu.biblic.arqtgn.cat\/wp-content\/uploads\/sites\/34\/2015\/07\/172480_101278403286665_2159997_o-300x201.jpg 300w, https:\/\/museu.biblic.arqtgn.cat\/wp-content\/uploads\/sites\/34\/2015\/07\/172480_101278403286665_2159997_o-1024x688.jpg 1024w, https:\/\/museu.biblic.arqtgn.cat\/wp-content\/uploads\/sites\/34\/2015\/07\/172480_101278403286665_2159997_o.jpg 2048w\" sizes=\"auto, (max-width: 437px) 100vw, 437px\" \/><\/a><\/p>\n","protected":false},"excerpt":{"rendered":"<p>Exposici\u00f3n La Pasi\u00f3n de San Fructuoso. 20 a\u00f1os (1990-2010), (del 28 de diciembre de 2009 al 21 de enero de 2010): En el a\u00f1o 2010 se conmemoraron los 20 a\u00f1os de la representaci\u00f3n de La Pasi\u00f3n de San Fructuoso. Por ese motivo la Asociaci\u00f3n Cultural San Fructuoso y el Museo B\u00edblico hicieron una exposici\u00f3n conmemorativa<\/p>\n","protected":false},"author":34,"featured_media":0,"parent":0,"menu_order":0,"comment_status":"closed","ping_status":"closed","template":"page-template-full.php","meta":{"footnotes":""},"class_list":["post-2742","page","type-page","status-publish","hentry"],"amp_enabled":false,"_links":{"self":[{"href":"https:\/\/museu.biblic.arqtgn.cat\/es\/wp-json\/wp\/v2\/pages\/2742","targetHints":{"allow":["GET"]}}],"collection":[{"href":"https:\/\/museu.biblic.arqtgn.cat\/es\/wp-json\/wp\/v2\/pages"}],"about":[{"href":"https:\/\/museu.biblic.arqtgn.cat\/es\/wp-json\/wp\/v2\/types\/page"}],"author":[{"embeddable":true,"href":"https:\/\/museu.biblic.arqtgn.cat\/es\/wp-json\/wp\/v2\/users\/34"}],"replies":[{"embeddable":true,"href":"https:\/\/museu.biblic.arqtgn.cat\/es\/wp-json\/wp\/v2\/comments?post=2742"}],"version-history":[{"count":1,"href":"https:\/\/museu.biblic.arqtgn.cat\/es\/wp-json\/wp\/v2\/pages\/2742\/revisions"}],"predecessor-version":[{"id":2744,"href":"https:\/\/museu.biblic.arqtgn.cat\/es\/wp-json\/wp\/v2\/pages\/2742\/revisions\/2744"}],"wp:attachment":[{"href":"https:\/\/museu.biblic.arqtgn.cat\/es\/wp-json\/wp\/v2\/media?parent=2742"}],"curies":[{"name":"wp","href":"https:\/\/api.w.org\/{rel}","templated":true}]}}