{"id":2746,"date":"2020-12-23T18:03:05","date_gmt":"2020-12-23T17:03:05","guid":{"rendered":"http:\/\/museu.biblic.arqtgn.cat\/?page_id=2746"},"modified":"2020-12-23T18:44:55","modified_gmt":"2020-12-23T17:44:55","slug":"2009-biblias-de-africa","status":"publish","type":"page","link":"https:\/\/museu.biblic.arqtgn.cat\/es\/2009-biblias-de-africa\/","title":{"rendered":"2009: Biblias de \u00c1frica"},"content":{"rendered":"<p style=\"text-align: justify;\"><strong>Exposici\u00f3n <em>Biblias de \u00c1frica<\/em> del Museo Africano Daniel Comboni de Barcelona (del 3 de marzo al 10 de abril de 2009):<\/strong><\/p>\n<p style=\"text-align: justify;\">El Museo B\u00edblico Tarraconense acogi\u00f3 la exposici\u00f3n itinerante \u201cBiblias de \u00c1frica\u201d organizada por el Museo Africano Daniel Comboni con el objetivo de dar a conocer otro aspecto de las riquezas de \u00c1frica. La exposici\u00f3n la formaron m\u00e1s de 40 biblias en diferentes idiomas hablados en m\u00e1s de 20 pa\u00edses del continente. Algunos ejemplares fueron acompa\u00f1ados con im\u00e1genes de las culturas a las que pertenecen con objetos de arte y artesan\u00eda de estas mismas.<\/p>\n<p style=\"text-align: justify;\"><a href=\"http:\/\/mbt.wp.arqtgn.cat\/wp-content\/uploads\/sites\/34\/2015\/07\/172480_101278393286666_4639024_o.jpg\"><img loading=\"lazy\" decoding=\"async\" class=\" wp-image-497 aligncenter\" src=\"http:\/\/mbt.wp.arqtgn.cat\/wp-content\/uploads\/sites\/34\/2015\/07\/172480_101278393286666_4639024_o-300x225.jpg\" alt=\"172480_101278393286666_4639024_o\" width=\"364\" height=\"273\" srcset=\"https:\/\/museu.biblic.arqtgn.cat\/wp-content\/uploads\/sites\/34\/2015\/07\/172480_101278393286666_4639024_o-300x225.jpg 300w, https:\/\/museu.biblic.arqtgn.cat\/wp-content\/uploads\/sites\/34\/2015\/07\/172480_101278393286666_4639024_o-1024x768.jpg 1024w, https:\/\/museu.biblic.arqtgn.cat\/wp-content\/uploads\/sites\/34\/2015\/07\/172480_101278393286666_4639024_o.jpg 2048w\" sizes=\"auto, (max-width: 364px) 100vw, 364px\" \/><\/a><\/p>\n","protected":false},"excerpt":{"rendered":"<p>Exposici\u00f3n Biblias de \u00c1frica del Museo Africano Daniel Comboni de Barcelona (del 3 de marzo al 10 de abril de 2009): El Museo B\u00edblico Tarraconense acogi\u00f3 la exposici\u00f3n itinerante \u201cBiblias de \u00c1frica\u201d organizada por el Museo Africano Daniel Comboni con el objetivo de dar a conocer otro aspecto de las riquezas de \u00c1frica. La exposici\u00f3n<\/p>\n","protected":false},"author":34,"featured_media":0,"parent":0,"menu_order":0,"comment_status":"closed","ping_status":"closed","template":"page-template-full.php","meta":{"footnotes":""},"class_list":["post-2746","page","type-page","status-publish","hentry"],"amp_enabled":false,"_links":{"self":[{"href":"https:\/\/museu.biblic.arqtgn.cat\/es\/wp-json\/wp\/v2\/pages\/2746","targetHints":{"allow":["GET"]}}],"collection":[{"href":"https:\/\/museu.biblic.arqtgn.cat\/es\/wp-json\/wp\/v2\/pages"}],"about":[{"href":"https:\/\/museu.biblic.arqtgn.cat\/es\/wp-json\/wp\/v2\/types\/page"}],"author":[{"embeddable":true,"href":"https:\/\/museu.biblic.arqtgn.cat\/es\/wp-json\/wp\/v2\/users\/34"}],"replies":[{"embeddable":true,"href":"https:\/\/museu.biblic.arqtgn.cat\/es\/wp-json\/wp\/v2\/comments?post=2746"}],"version-history":[{"count":1,"href":"https:\/\/museu.biblic.arqtgn.cat\/es\/wp-json\/wp\/v2\/pages\/2746\/revisions"}],"predecessor-version":[{"id":2748,"href":"https:\/\/museu.biblic.arqtgn.cat\/es\/wp-json\/wp\/v2\/pages\/2746\/revisions\/2748"}],"wp:attachment":[{"href":"https:\/\/museu.biblic.arqtgn.cat\/es\/wp-json\/wp\/v2\/media?parent=2746"}],"curies":[{"name":"wp","href":"https:\/\/api.w.org\/{rel}","templated":true}]}}