{"id":2751,"date":"2020-12-23T18:04:04","date_gmt":"2020-12-23T17:04:04","guid":{"rendered":"http:\/\/museu.biblic.arqtgn.cat\/?page_id=2751"},"modified":"2020-12-23T18:44:55","modified_gmt":"2020-12-23T17:44:55","slug":"2009-natus-est","status":"publish","type":"page","link":"https:\/\/museu.biblic.arqtgn.cat\/es\/2009-natus-est\/","title":{"rendered":"2009: Natus est"},"content":{"rendered":"<p style=\"text-align: justify;\"><strong>Exposici\u00f3n <em>Natus est. Una aproximaci\u00f3n hist\u00f3rica e iconogr\u00e1fica a la Navidad<\/em> (del 10 al 22 de diciembre de 2009):<\/strong><\/p>\n<p style=\"text-align: justify;\">\u00abNatus est\u00bb, se alej\u00f3 de otras exposiciones de car\u00e1cter pesebrista y propuso una aproximaci\u00f3n a la Navidad desde una vertiente hist\u00f3rica, conectando las narraciones evang\u00e9licas de la Navidad con la arqueolog\u00eda. Algunas de las piezas que se expusieron fueron una maqueta de la casa hebrea de los tiempos evang\u00e9licos y diferentes elementos de arqueolog\u00eda de Tierra Santa de la misma \u00e9poca, como una \u00e1nfora de aceite herodiana (30 a.C.-100 d.C.); una moneda de Herodes el Grande; una moneda de Coponius, primer gobernador de Judea; una tableta cuneiforme del tiempo del profeta Jerem\u00edas que profetizaba la llegada del Mes\u00edas; una fotograf\u00eda panor\u00e1mica de Bel\u00e9n de hace cien a\u00f1os, y una reproducci\u00f3n de un sarc\u00f3fago con la escena de la Epifan\u00eda. El contenido te\u00f3rico de la muestra abord\u00f3 aspectos como el contexto hist\u00f3rico del nacimiento de Jes\u00fas, la Natividad y la Epifan\u00eda en la memoria art\u00edstica de todos los tiempos, o la casa en la que naci\u00f3 Jes\u00fas seg\u00fan los relatos de Mateo y Lucas. M\u00e1s all\u00e1 de la hermen\u00e9utica neo testamentaria, la narraci\u00f3n evang\u00e9lica puede sustentarse perfectamente en criterios de veracidad arqueol\u00f3gica e hist\u00f3rica.<\/p>\n<p style=\"text-align: justify;\"><a href=\"http:\/\/mbt.wp.arqtgn.cat\/wp-content\/uploads\/sites\/34\/2015\/07\/Expo-general-dos.jpg\"><img loading=\"lazy\" decoding=\"async\" class=\"alignnone size-medium wp-image-632\" src=\"http:\/\/mbt.wp.arqtgn.cat\/wp-content\/uploads\/sites\/34\/2015\/07\/Expo-general-dos-300x225.jpg\" alt=\"Expo general dos\" width=\"300\" height=\"225\" srcset=\"https:\/\/museu.biblic.arqtgn.cat\/wp-content\/uploads\/sites\/34\/2015\/07\/Expo-general-dos-300x225.jpg 300w, https:\/\/museu.biblic.arqtgn.cat\/wp-content\/uploads\/sites\/34\/2015\/07\/Expo-general-dos-1024x768.jpg 1024w, https:\/\/museu.biblic.arqtgn.cat\/wp-content\/uploads\/sites\/34\/2015\/07\/Expo-general-dos.jpg 2048w\" sizes=\"auto, (max-width: 300px) 100vw, 300px\" \/><\/a> <a href=\"http:\/\/mbt.wp.arqtgn.cat\/wp-content\/uploads\/sites\/34\/2015\/07\/Pessebre-popular.jpg\"><img loading=\"lazy\" decoding=\"async\" class=\"alignnone size-medium wp-image-633\" src=\"http:\/\/mbt.wp.arqtgn.cat\/wp-content\/uploads\/sites\/34\/2015\/07\/Pessebre-popular-225x300.jpg\" alt=\"Pessebre popular\" width=\"225\" height=\"300\" srcset=\"https:\/\/museu.biblic.arqtgn.cat\/wp-content\/uploads\/sites\/34\/2015\/07\/Pessebre-popular-225x300.jpg 225w, https:\/\/museu.biblic.arqtgn.cat\/wp-content\/uploads\/sites\/34\/2015\/07\/Pessebre-popular-768x1024.jpg 768w, https:\/\/museu.biblic.arqtgn.cat\/wp-content\/uploads\/sites\/34\/2015\/07\/Pessebre-popular.jpg 1536w\" sizes=\"auto, (max-width: 225px) 100vw, 225px\" \/><\/a><\/p>\n","protected":false},"excerpt":{"rendered":"<p>Exposici\u00f3n Natus est. Una aproximaci\u00f3n hist\u00f3rica e iconogr\u00e1fica a la Navidad (del 10 al 22 de diciembre de 2009): \u00abNatus est\u00bb, se alej\u00f3 de otras exposiciones de car\u00e1cter pesebrista y propuso una aproximaci\u00f3n a la Navidad desde una vertiente hist\u00f3rica, conectando las narraciones evang\u00e9licas de la Navidad con la arqueolog\u00eda. Algunas de las piezas que<\/p>\n","protected":false},"author":34,"featured_media":0,"parent":0,"menu_order":0,"comment_status":"closed","ping_status":"closed","template":"page-template-full.php","meta":{"footnotes":""},"class_list":["post-2751","page","type-page","status-publish","hentry"],"amp_enabled":false,"_links":{"self":[{"href":"https:\/\/museu.biblic.arqtgn.cat\/es\/wp-json\/wp\/v2\/pages\/2751","targetHints":{"allow":["GET"]}}],"collection":[{"href":"https:\/\/museu.biblic.arqtgn.cat\/es\/wp-json\/wp\/v2\/pages"}],"about":[{"href":"https:\/\/museu.biblic.arqtgn.cat\/es\/wp-json\/wp\/v2\/types\/page"}],"author":[{"embeddable":true,"href":"https:\/\/museu.biblic.arqtgn.cat\/es\/wp-json\/wp\/v2\/users\/34"}],"replies":[{"embeddable":true,"href":"https:\/\/museu.biblic.arqtgn.cat\/es\/wp-json\/wp\/v2\/comments?post=2751"}],"version-history":[{"count":1,"href":"https:\/\/museu.biblic.arqtgn.cat\/es\/wp-json\/wp\/v2\/pages\/2751\/revisions"}],"predecessor-version":[{"id":2754,"href":"https:\/\/museu.biblic.arqtgn.cat\/es\/wp-json\/wp\/v2\/pages\/2751\/revisions\/2754"}],"wp:attachment":[{"href":"https:\/\/museu.biblic.arqtgn.cat\/es\/wp-json\/wp\/v2\/media?parent=2751"}],"curies":[{"name":"wp","href":"https:\/\/api.w.org\/{rel}","templated":true}]}}