{"id":2756,"date":"2020-12-23T18:04:47","date_gmt":"2020-12-23T17:04:47","guid":{"rendered":"http:\/\/museu.biblic.arqtgn.cat\/?page_id=2756"},"modified":"2020-12-23T18:44:55","modified_gmt":"2020-12-23T17:44:55","slug":"2009-pablo-de-tarso","status":"publish","type":"page","link":"https:\/\/museu.biblic.arqtgn.cat\/es\/2009-pablo-de-tarso\/","title":{"rendered":"2009: Pablo de Tarso"},"content":{"rendered":"<p style=\"text-align: justify;\"><strong>Exposici\u00f3n <em>Pablo de Tarso: de Jerusal\u00e9n a Tarraco<\/em> (del 1 de junio al 9 de julio de 2009):<\/strong><\/p>\n<p style=\"text-align: justify;\">Al final del a\u00f1o Paulino en el que se celebra el bimilenario del nacimiento del ap\u00f3stol Pablo, el Museo B\u00edblico Tarraconense crey\u00f3 conveniente acercar este fen\u00f3meno a la ciudadan\u00eda. Pablo es un punto de referencia indispensable para comprender la g\u00e9nesis de la Iglesia y los or\u00edgenes de la historia del cristianismo universal. San Pablo, despu\u00e9s de ser aceptado por el resto de los ap\u00f3stoles, recibi\u00f3 el encargo de predicar el Evangelio a los \u201cgentiles\u201d, llevando el mensaje de Cristo a numerosas regiones de Asia Menor y de Europa, a\u00f1adi\u00e9ndole Roma y, seg\u00fan la tradici\u00f3n, tambi\u00e9n Hispania. Esta tradici\u00f3n sit\u00faa a Tarraco como espacio preferente del destino del Ap\u00f3stol. El hecho est\u00e1 avalado por una antigua tradici\u00f3n dentro de la ciudad y por una atendibilidad cient\u00edfica que gana fuerza en el mundo de la investigaci\u00f3n actual. Esta exposici\u00f3n estuvo coorganizada con el Museo de Historia de Tarragona, la Asociaci\u00f3n B\u00edblica de Catalu\u00f1a, el Secretariado de Pastoral B\u00edblica del Arzobispado de Tarragona y la Asociaci\u00f3n Cultural San Fructuoso. Tambi\u00e9n colabor\u00f3 la Delegaci\u00f3n de Medios de Comunicaci\u00f3n y la Delegaci\u00f3n Diocesana de Catequesis del Arzobispado de Tarragona. La exposici\u00f3n estuvo acompa\u00f1ada por un conjunto de actividades complementarias.<strong><br \/>\n<\/strong><\/p>\n<p style=\"text-align: justify;\"><a href=\"http:\/\/mbt.wp.arqtgn.cat\/wp-content\/uploads\/sites\/34\/2015\/07\/189642_102289903185515_4711513_n.jpg\"><img loading=\"lazy\" decoding=\"async\" class=\"alignnone size-medium wp-image-501\" src=\"http:\/\/mbt.wp.arqtgn.cat\/wp-content\/uploads\/sites\/34\/2015\/07\/189642_102289903185515_4711513_n-225x300.jpg\" alt=\"189642_102289903185515_4711513_n\" width=\"225\" height=\"300\" srcset=\"https:\/\/museu.biblic.arqtgn.cat\/wp-content\/uploads\/sites\/34\/2015\/07\/189642_102289903185515_4711513_n-225x300.jpg 225w, https:\/\/museu.biblic.arqtgn.cat\/wp-content\/uploads\/sites\/34\/2015\/07\/189642_102289903185515_4711513_n.jpg 540w\" sizes=\"auto, (max-width: 225px) 100vw, 225px\" \/><\/a> <a href=\"http:\/\/mbt.wp.arqtgn.cat\/wp-content\/uploads\/sites\/34\/2015\/07\/172480_101278396619999_3621882_o.jpg\"><img loading=\"lazy\" decoding=\"async\" class=\"alignnone size-medium wp-image-500\" src=\"http:\/\/mbt.wp.arqtgn.cat\/wp-content\/uploads\/sites\/34\/2015\/07\/172480_101278396619999_3621882_o-300x225.jpg\" alt=\"172480_101278396619999_3621882_o\" width=\"300\" height=\"225\" srcset=\"https:\/\/museu.biblic.arqtgn.cat\/wp-content\/uploads\/sites\/34\/2015\/07\/172480_101278396619999_3621882_o-300x225.jpg 300w, https:\/\/museu.biblic.arqtgn.cat\/wp-content\/uploads\/sites\/34\/2015\/07\/172480_101278396619999_3621882_o-1024x768.jpg 1024w, https:\/\/museu.biblic.arqtgn.cat\/wp-content\/uploads\/sites\/34\/2015\/07\/172480_101278396619999_3621882_o.jpg 2048w\" sizes=\"auto, (max-width: 300px) 100vw, 300px\" \/><\/a><\/p>\n","protected":false},"excerpt":{"rendered":"<p>Exposici\u00f3n Pablo de Tarso: de Jerusal\u00e9n a Tarraco (del 1 de junio al 9 de julio de 2009): Al final del a\u00f1o Paulino en el que se celebra el bimilenario del nacimiento del ap\u00f3stol Pablo, el Museo B\u00edblico Tarraconense crey\u00f3 conveniente acercar este fen\u00f3meno a la ciudadan\u00eda. Pablo es un punto de referencia indispensable para<\/p>\n","protected":false},"author":34,"featured_media":0,"parent":0,"menu_order":0,"comment_status":"closed","ping_status":"closed","template":"page-template-full.php","meta":{"footnotes":""},"class_list":["post-2756","page","type-page","status-publish","hentry"],"amp_enabled":false,"_links":{"self":[{"href":"https:\/\/museu.biblic.arqtgn.cat\/es\/wp-json\/wp\/v2\/pages\/2756","targetHints":{"allow":["GET"]}}],"collection":[{"href":"https:\/\/museu.biblic.arqtgn.cat\/es\/wp-json\/wp\/v2\/pages"}],"about":[{"href":"https:\/\/museu.biblic.arqtgn.cat\/es\/wp-json\/wp\/v2\/types\/page"}],"author":[{"embeddable":true,"href":"https:\/\/museu.biblic.arqtgn.cat\/es\/wp-json\/wp\/v2\/users\/34"}],"replies":[{"embeddable":true,"href":"https:\/\/museu.biblic.arqtgn.cat\/es\/wp-json\/wp\/v2\/comments?post=2756"}],"version-history":[{"count":1,"href":"https:\/\/museu.biblic.arqtgn.cat\/es\/wp-json\/wp\/v2\/pages\/2756\/revisions"}],"predecessor-version":[{"id":2759,"href":"https:\/\/museu.biblic.arqtgn.cat\/es\/wp-json\/wp\/v2\/pages\/2756\/revisions\/2759"}],"wp:attachment":[{"href":"https:\/\/museu.biblic.arqtgn.cat\/es\/wp-json\/wp\/v2\/media?parent=2756"}],"curies":[{"name":"wp","href":"https:\/\/api.w.org\/{rel}","templated":true}]}}