{"id":2761,"date":"2020-12-23T18:05:29","date_gmt":"2020-12-23T17:05:29","guid":{"rendered":"http:\/\/museu.biblic.arqtgn.cat\/?page_id=2761"},"modified":"2020-12-23T18:44:56","modified_gmt":"2020-12-23T17:44:56","slug":"2010-aqua-sacra","status":"publish","type":"page","link":"https:\/\/museu.biblic.arqtgn.cat\/es\/2010-aqua-sacra\/","title":{"rendered":"2010: Aqua Sacra"},"content":{"rendered":"<p style=\"text-align: justify;\"><strong>Exposici\u00f3n <em>Aqua Sacra: Botijos y tradici\u00f3n. Colecci\u00f3n de la familia Gali\u00e0-Iglesias<\/em> (del 12 de agosto al 21 de agosto y prorrogada los d\u00edas 18, 19, 23 y 24 de septiembre de 2010):<\/strong><\/p>\n<p style=\"text-align: justify;\">En el marco de las fiestas de San Mag\u00edn 2010, el Museo acogi\u00f3 esta muestra. Una colecci\u00f3n particular de la familia Gali\u00e0- Iglesias donde se expusieron m\u00e1s de trescientos botijos, un objeto \u00edntimamente ligado a la tradici\u00f3n de San Mag\u00edn y el agua.<\/p>\n<p style=\"text-align: center;\"><a href=\"http:\/\/mbt.wp.arqtgn.cat\/wp-content\/uploads\/sites\/34\/2015\/07\/172480_101278389953333_1685064_o.jpg\"><img loading=\"lazy\" decoding=\"async\" class=\"alignnone wp-image-487\" src=\"http:\/\/mbt.wp.arqtgn.cat\/wp-content\/uploads\/sites\/34\/2015\/07\/172480_101278389953333_1685064_o-300x225.jpg\" alt=\"172480_101278389953333_1685064_o\" width=\"339\" height=\"254\" srcset=\"https:\/\/museu.biblic.arqtgn.cat\/wp-content\/uploads\/sites\/34\/2015\/07\/172480_101278389953333_1685064_o-300x225.jpg 300w, https:\/\/museu.biblic.arqtgn.cat\/wp-content\/uploads\/sites\/34\/2015\/07\/172480_101278389953333_1685064_o-1024x768.jpg 1024w, https:\/\/museu.biblic.arqtgn.cat\/wp-content\/uploads\/sites\/34\/2015\/07\/172480_101278389953333_1685064_o.jpg 2048w\" sizes=\"auto, (max-width: 339px) 100vw, 339px\" \/><\/a><\/p>\n","protected":false},"excerpt":{"rendered":"<p>Exposici\u00f3n Aqua Sacra: Botijos y tradici\u00f3n. Colecci\u00f3n de la familia Gali\u00e0-Iglesias (del 12 de agosto al 21 de agosto y prorrogada los d\u00edas 18, 19, 23 y 24 de septiembre de 2010): En el marco de las fiestas de San Mag\u00edn 2010, el Museo acogi\u00f3 esta muestra. Una colecci\u00f3n particular de la familia Gali\u00e0- Iglesias<\/p>\n","protected":false},"author":34,"featured_media":0,"parent":0,"menu_order":0,"comment_status":"closed","ping_status":"closed","template":"page-template-full.php","meta":{"footnotes":""},"class_list":["post-2761","page","type-page","status-publish","hentry"],"amp_enabled":false,"_links":{"self":[{"href":"https:\/\/museu.biblic.arqtgn.cat\/es\/wp-json\/wp\/v2\/pages\/2761","targetHints":{"allow":["GET"]}}],"collection":[{"href":"https:\/\/museu.biblic.arqtgn.cat\/es\/wp-json\/wp\/v2\/pages"}],"about":[{"href":"https:\/\/museu.biblic.arqtgn.cat\/es\/wp-json\/wp\/v2\/types\/page"}],"author":[{"embeddable":true,"href":"https:\/\/museu.biblic.arqtgn.cat\/es\/wp-json\/wp\/v2\/users\/34"}],"replies":[{"embeddable":true,"href":"https:\/\/museu.biblic.arqtgn.cat\/es\/wp-json\/wp\/v2\/comments?post=2761"}],"version-history":[{"count":1,"href":"https:\/\/museu.biblic.arqtgn.cat\/es\/wp-json\/wp\/v2\/pages\/2761\/revisions"}],"predecessor-version":[{"id":2763,"href":"https:\/\/museu.biblic.arqtgn.cat\/es\/wp-json\/wp\/v2\/pages\/2761\/revisions\/2763"}],"wp:attachment":[{"href":"https:\/\/museu.biblic.arqtgn.cat\/es\/wp-json\/wp\/v2\/media?parent=2761"}],"curies":[{"name":"wp","href":"https:\/\/api.w.org\/{rel}","templated":true}]}}