{"id":2765,"date":"2020-12-23T18:06:17","date_gmt":"2020-12-23T17:06:17","guid":{"rendered":"http:\/\/museu.biblic.arqtgn.cat\/?page_id=2765"},"modified":"2020-12-23T18:44:56","modified_gmt":"2020-12-23T17:44:56","slug":"2011-praesidivm-templvm-et-ecclesia","status":"publish","type":"page","link":"https:\/\/museu.biblic.arqtgn.cat\/es\/2011-praesidivm-templvm-et-ecclesia\/","title":{"rendered":"2011: Praesidivm, Templvm et Ecclesia"},"content":{"rendered":"<p style=\"text-align: justify;\"><strong>Exposici\u00f3n <em>Praesidivm, Templvm et Ecclesia: Las intervenciones arqueol\u00f3gicas en \u00a0la Catedral de Tarragona<\/em> (del 7 al 15 de mayo de 2011):<\/strong><\/p>\n<p style=\"text-align: justify;\">Exposici\u00f3n que pretendi\u00f3 acercar la sociedad al proceso de evoluci\u00f3n hist\u00f3rica del espacio urbano de la Catedral (de Praesidivm romano a la erecci\u00f3n medieval de la Catedral). Al mismo tiempo se expusieron los resultados y los materiales m\u00e1s significativos de las \u00faltimas intervenciones arqueol\u00f3gicas en la catedral de Tarragona. La exposici\u00f3n estuvo organizada por el Ayuntamiento de Tarragona, la Asociaci\u00f3n Cultural San Fructuoso, el Cap\u00edtulo Catedralicio, el Instituto Catal\u00e1n de Arqueolog\u00eda Cl\u00e1sica y el Museo B\u00edblico Tarraconense y colabor\u00f3 el Museo Nacional Arqueol\u00f3gico de Tarragona y el Museo Diocesano de Tarragona. La exposici\u00f3n fue galardonada el mes de agosto de 2011, por la revista <em>Auriga<\/em>, con el premio Musa sobre exposiciones del mundo antiguo.<\/p>\n<p style=\"text-align: justify;\">\u00a0<a href=\"http:\/\/mbt.wp.arqtgn.cat\/wp-content\/uploads\/sites\/34\/2015\/07\/253464_126863947394777_3148296_n.jpg\"><img loading=\"lazy\" decoding=\"async\" class=\"alignnone size-medium wp-image-507\" src=\"http:\/\/mbt.wp.arqtgn.cat\/wp-content\/uploads\/sites\/34\/2015\/07\/253464_126863947394777_3148296_n-300x225.jpg\" alt=\"253464_126863947394777_3148296_n\" width=\"300\" height=\"225\" srcset=\"https:\/\/museu.biblic.arqtgn.cat\/wp-content\/uploads\/sites\/34\/2015\/07\/253464_126863947394777_3148296_n-300x225.jpg 300w, https:\/\/museu.biblic.arqtgn.cat\/wp-content\/uploads\/sites\/34\/2015\/07\/253464_126863947394777_3148296_n.jpg 720w\" sizes=\"auto, (max-width: 300px) 100vw, 300px\" \/><\/a> <a href=\"http:\/\/mbt.wp.arqtgn.cat\/wp-content\/uploads\/sites\/34\/2015\/07\/249945_126864607394711_8222029_n.jpg\"><img loading=\"lazy\" decoding=\"async\" class=\"alignnone size-medium wp-image-508\" src=\"http:\/\/mbt.wp.arqtgn.cat\/wp-content\/uploads\/sites\/34\/2015\/07\/249945_126864607394711_8222029_n-300x225.jpg\" alt=\"249945_126864607394711_8222029_n\" width=\"300\" height=\"225\" srcset=\"https:\/\/museu.biblic.arqtgn.cat\/wp-content\/uploads\/sites\/34\/2015\/07\/249945_126864607394711_8222029_n-300x225.jpg 300w, https:\/\/museu.biblic.arqtgn.cat\/wp-content\/uploads\/sites\/34\/2015\/07\/249945_126864607394711_8222029_n.jpg 720w\" sizes=\"auto, (max-width: 300px) 100vw, 300px\" \/><\/a><\/p>\n","protected":false},"excerpt":{"rendered":"<p>Exposici\u00f3n Praesidivm, Templvm et Ecclesia: Las intervenciones arqueol\u00f3gicas en \u00a0la Catedral de Tarragona (del 7 al 15 de mayo de 2011): Exposici\u00f3n que pretendi\u00f3 acercar la sociedad al proceso de evoluci\u00f3n hist\u00f3rica del espacio urbano de la Catedral (de Praesidivm romano a la erecci\u00f3n medieval de la Catedral). Al mismo tiempo se expusieron los resultados<\/p>\n","protected":false},"author":34,"featured_media":0,"parent":0,"menu_order":0,"comment_status":"closed","ping_status":"closed","template":"page-template-full.php","meta":{"footnotes":""},"class_list":["post-2765","page","type-page","status-publish","hentry"],"amp_enabled":false,"_links":{"self":[{"href":"https:\/\/museu.biblic.arqtgn.cat\/es\/wp-json\/wp\/v2\/pages\/2765","targetHints":{"allow":["GET"]}}],"collection":[{"href":"https:\/\/museu.biblic.arqtgn.cat\/es\/wp-json\/wp\/v2\/pages"}],"about":[{"href":"https:\/\/museu.biblic.arqtgn.cat\/es\/wp-json\/wp\/v2\/types\/page"}],"author":[{"embeddable":true,"href":"https:\/\/museu.biblic.arqtgn.cat\/es\/wp-json\/wp\/v2\/users\/34"}],"replies":[{"embeddable":true,"href":"https:\/\/museu.biblic.arqtgn.cat\/es\/wp-json\/wp\/v2\/comments?post=2765"}],"version-history":[{"count":1,"href":"https:\/\/museu.biblic.arqtgn.cat\/es\/wp-json\/wp\/v2\/pages\/2765\/revisions"}],"predecessor-version":[{"id":2770,"href":"https:\/\/museu.biblic.arqtgn.cat\/es\/wp-json\/wp\/v2\/pages\/2765\/revisions\/2770"}],"wp:attachment":[{"href":"https:\/\/museu.biblic.arqtgn.cat\/es\/wp-json\/wp\/v2\/media?parent=2765"}],"curies":[{"name":"wp","href":"https:\/\/api.w.org\/{rel}","templated":true}]}}