{"id":2772,"date":"2020-12-23T18:07:14","date_gmt":"2020-12-23T17:07:14","guid":{"rendered":"http:\/\/museu.biblic.arqtgn.cat\/?page_id=2772"},"modified":"2020-12-23T18:44:56","modified_gmt":"2020-12-23T17:44:56","slug":"2012-vita-theclae","status":"publish","type":"page","link":"https:\/\/museu.biblic.arqtgn.cat\/es\/2012-vita-theclae\/","title":{"rendered":"2012:  Vita Theclae"},"content":{"rendered":"<p style=\"text-align: justify;\"><strong>Exposici\u00f3n <em>Vita Theclae.<\/em> Una narraci\u00f3n art\u00edstica de Tarracoart (del 14 al 30 de septiembre de 2012, prorrogada para las escuelas hasta el mes de diciembre):<\/strong><\/p>\n<p style=\"text-align: justify;\">En el marco de la festividad de Santa Tecla, esta muestra tuvo como objetivo introducir a las personas en uno de los documentos m\u00e1s interesantes y venerables de la literatura ap\u00f3crifa neotestamentaria: los <em>Hechos de Pablo y Tecla<\/em>, redactados a mediados del siglo II, y que recogen la historia primigenia y el testimonio de santa Tecla de Iconio. A partir de aqu\u00ed los artistas de la Asociaci\u00f3n Cultural Tarracoart interpretan cada una de las partes de esta venerable historia y nos la transcriben en muestras art\u00edsticas en pintura, escultura y fotograf\u00eda, con una gran calidad y diversidad t\u00e9cnica. Complementaba la exposici\u00f3n un conjunto de grabados del siglo XVIII y material bibliogr\u00e1fico de santa Tecla de la colecci\u00f3n particular del Sr. F\u00e8lix Adserias.<\/p>\n<p style=\"text-align: justify;\"><a href=\"http:\/\/mbt.wp.arqtgn.cat\/wp-content\/uploads\/sites\/34\/2015\/07\/Expo-2.jpg\"><img loading=\"lazy\" decoding=\"async\" class=\" wp-image-635 aligncenter\" src=\"http:\/\/mbt.wp.arqtgn.cat\/wp-content\/uploads\/sites\/34\/2015\/07\/Expo-2-300x225.jpg\" alt=\"Expo 2\" width=\"356\" height=\"267\" srcset=\"https:\/\/museu.biblic.arqtgn.cat\/wp-content\/uploads\/sites\/34\/2015\/07\/Expo-2-300x225.jpg 300w, https:\/\/museu.biblic.arqtgn.cat\/wp-content\/uploads\/sites\/34\/2015\/07\/Expo-2-1024x768.jpg 1024w\" sizes=\"auto, (max-width: 356px) 100vw, 356px\" \/><\/a><\/p>\n","protected":false},"excerpt":{"rendered":"<p>Exposici\u00f3n Vita Theclae. Una narraci\u00f3n art\u00edstica de Tarracoart (del 14 al 30 de septiembre de 2012, prorrogada para las escuelas hasta el mes de diciembre): En el marco de la festividad de Santa Tecla, esta muestra tuvo como objetivo introducir a las personas en uno de los documentos m\u00e1s interesantes y venerables de la literatura<\/p>\n","protected":false},"author":34,"featured_media":0,"parent":0,"menu_order":0,"comment_status":"closed","ping_status":"closed","template":"page-template-full.php","meta":{"footnotes":""},"class_list":["post-2772","page","type-page","status-publish","hentry"],"amp_enabled":false,"_links":{"self":[{"href":"https:\/\/museu.biblic.arqtgn.cat\/es\/wp-json\/wp\/v2\/pages\/2772","targetHints":{"allow":["GET"]}}],"collection":[{"href":"https:\/\/museu.biblic.arqtgn.cat\/es\/wp-json\/wp\/v2\/pages"}],"about":[{"href":"https:\/\/museu.biblic.arqtgn.cat\/es\/wp-json\/wp\/v2\/types\/page"}],"author":[{"embeddable":true,"href":"https:\/\/museu.biblic.arqtgn.cat\/es\/wp-json\/wp\/v2\/users\/34"}],"replies":[{"embeddable":true,"href":"https:\/\/museu.biblic.arqtgn.cat\/es\/wp-json\/wp\/v2\/comments?post=2772"}],"version-history":[{"count":1,"href":"https:\/\/museu.biblic.arqtgn.cat\/es\/wp-json\/wp\/v2\/pages\/2772\/revisions"}],"predecessor-version":[{"id":2774,"href":"https:\/\/museu.biblic.arqtgn.cat\/es\/wp-json\/wp\/v2\/pages\/2772\/revisions\/2774"}],"wp:attachment":[{"href":"https:\/\/museu.biblic.arqtgn.cat\/es\/wp-json\/wp\/v2\/media?parent=2772"}],"curies":[{"name":"wp","href":"https:\/\/api.w.org\/{rel}","templated":true}]}}