{"id":2776,"date":"2020-12-23T18:07:59","date_gmt":"2020-12-23T17:07:59","guid":{"rendered":"http:\/\/museu.biblic.arqtgn.cat\/?page_id=2776"},"modified":"2020-12-23T18:44:56","modified_gmt":"2020-12-23T17:44:56","slug":"2012-de-abraham-a-fructuoso","status":"publish","type":"page","link":"https:\/\/museu.biblic.arqtgn.cat\/es\/2012-de-abraham-a-fructuoso\/","title":{"rendered":"2012: De Abraham a Fructuoso"},"content":{"rendered":"<p style=\"text-align: justify;\"><strong>Exposici\u00f3n <em>De Abraham a Fructuoso<\/em>, del artista Lucas Bravo (del 10 al 29 de abril de 2012):<\/strong><\/p>\n<p style=\"text-align: justify;\">La Historia de la Salvaci\u00f3n ha sido transcrita por el arte a trav\u00e9s de estilos y culturas diferentes, a lo largo de los siglos. Una nueva propuesta del Museo B\u00edblico Tarraconense, en forma de exposici\u00f3n, fue ofrecer una visi\u00f3n contempor\u00e1nea de esta Historia mediante un artista de nuestro tiempo: Lucas Bravo. El artista de El Vendrell, a trav\u00e9s de un lenguaje propio y particular, tomando como base las tendencias art\u00edsticas actuales, se hace c\u00f3mplice de grandes pintores de la historia universal. Del mismo modo cada una de sus obras transmite su marcada personalidad.<\/p>\n<p style=\"text-align: justify;\"><a href=\"http:\/\/mbt.wp.arqtgn.cat\/wp-content\/uploads\/sites\/34\/2015\/07\/1.-El-sacrifici-disaac.jpg\"><img loading=\"lazy\" decoding=\"async\" class=\"alignnone size-medium wp-image-523\" src=\"http:\/\/mbt.wp.arqtgn.cat\/wp-content\/uploads\/sites\/34\/2015\/07\/1.-El-sacrifici-disaac-300x225.jpg\" alt=\"1. El sacrifici d'isaac\" width=\"300\" height=\"225\" srcset=\"https:\/\/museu.biblic.arqtgn.cat\/wp-content\/uploads\/sites\/34\/2015\/07\/1.-El-sacrifici-disaac-300x225.jpg 300w, https:\/\/museu.biblic.arqtgn.cat\/wp-content\/uploads\/sites\/34\/2015\/07\/1.-El-sacrifici-disaac-1024x768.jpg 1024w, https:\/\/museu.biblic.arqtgn.cat\/wp-content\/uploads\/sites\/34\/2015\/07\/1.-El-sacrifici-disaac.jpg 2048w\" sizes=\"auto, (max-width: 300px) 100vw, 300px\" \/><\/a> <a href=\"http:\/\/mbt.wp.arqtgn.cat\/wp-content\/uploads\/sites\/34\/2015\/07\/16.-Fructu\u00f3s-Auguri-i-Eulogi.jpg\"><img loading=\"lazy\" decoding=\"async\" class=\"alignnone size-medium wp-image-524\" src=\"http:\/\/mbt.wp.arqtgn.cat\/wp-content\/uploads\/sites\/34\/2015\/07\/16.-Fructu\u00f3s-Auguri-i-Eulogi-225x300.jpg\" alt=\"16. Fructu\u00f3s, Auguri i Eulogi\" width=\"225\" height=\"300\" srcset=\"https:\/\/museu.biblic.arqtgn.cat\/wp-content\/uploads\/sites\/34\/2015\/07\/16.-Fructu\u00f3s-Auguri-i-Eulogi-225x300.jpg 225w, https:\/\/museu.biblic.arqtgn.cat\/wp-content\/uploads\/sites\/34\/2015\/07\/16.-Fructu\u00f3s-Auguri-i-Eulogi-768x1024.jpg 768w, https:\/\/museu.biblic.arqtgn.cat\/wp-content\/uploads\/sites\/34\/2015\/07\/16.-Fructu\u00f3s-Auguri-i-Eulogi.jpg 1536w\" sizes=\"auto, (max-width: 225px) 100vw, 225px\" \/><\/a><\/p>\n","protected":false},"excerpt":{"rendered":"<p>Exposici\u00f3n De Abraham a Fructuoso, del artista Lucas Bravo (del 10 al 29 de abril de 2012): La Historia de la Salvaci\u00f3n ha sido transcrita por el arte a trav\u00e9s de estilos y culturas diferentes, a lo largo de los siglos. Una nueva propuesta del Museo B\u00edblico Tarraconense, en forma de exposici\u00f3n, fue ofrecer una<\/p>\n","protected":false},"author":34,"featured_media":0,"parent":0,"menu_order":0,"comment_status":"closed","ping_status":"closed","template":"page-template-full.php","meta":{"footnotes":""},"class_list":["post-2776","page","type-page","status-publish","hentry"],"amp_enabled":false,"_links":{"self":[{"href":"https:\/\/museu.biblic.arqtgn.cat\/es\/wp-json\/wp\/v2\/pages\/2776","targetHints":{"allow":["GET"]}}],"collection":[{"href":"https:\/\/museu.biblic.arqtgn.cat\/es\/wp-json\/wp\/v2\/pages"}],"about":[{"href":"https:\/\/museu.biblic.arqtgn.cat\/es\/wp-json\/wp\/v2\/types\/page"}],"author":[{"embeddable":true,"href":"https:\/\/museu.biblic.arqtgn.cat\/es\/wp-json\/wp\/v2\/users\/34"}],"replies":[{"embeddable":true,"href":"https:\/\/museu.biblic.arqtgn.cat\/es\/wp-json\/wp\/v2\/comments?post=2776"}],"version-history":[{"count":1,"href":"https:\/\/museu.biblic.arqtgn.cat\/es\/wp-json\/wp\/v2\/pages\/2776\/revisions"}],"predecessor-version":[{"id":2779,"href":"https:\/\/museu.biblic.arqtgn.cat\/es\/wp-json\/wp\/v2\/pages\/2776\/revisions\/2779"}],"wp:attachment":[{"href":"https:\/\/museu.biblic.arqtgn.cat\/es\/wp-json\/wp\/v2\/media?parent=2776"}],"curies":[{"name":"wp","href":"https:\/\/api.w.org\/{rel}","templated":true}]}}