{"id":2781,"date":"2020-12-23T18:08:45","date_gmt":"2020-12-23T17:08:45","guid":{"rendered":"http:\/\/museu.biblic.arqtgn.cat\/?page_id=2781"},"modified":"2020-12-23T18:44:56","modified_gmt":"2020-12-23T17:44:56","slug":"2012-felicitaciones-navidenas-de-ayer-y-hoy","status":"publish","type":"page","link":"https:\/\/museu.biblic.arqtgn.cat\/es\/2012-felicitaciones-navidenas-de-ayer-y-hoy\/","title":{"rendered":"2012: Felicitaciones navide\u00f1as de ayer y hoy"},"content":{"rendered":"<p style=\"text-align: justify;\"><strong>Exposici\u00f3n <em>Felicitaciones navide\u00f1as de ayer y hoy<\/em> (del 26 de noviembre al 24 de diciembre de 2012):<\/strong><\/p>\n<p style=\"text-align: justify;\">Una muestra de postales en la que se pudo disfrutar de un paseo por la historia de la felicitaci\u00f3n navide\u00f1a, formada por las colecciones de Josep Maria Brull, F\u00e8lix Adserias, Joan Aragon\u00e8s, Dolors Amell y Lu\u00eds Jos\u00e9 Baixauli. La exposici\u00f3n exhib\u00eda, entre otros ejemplares, una felicitaci\u00f3n firmada del a\u00f1o 1904 que mostraba un peque\u00f1o pesebre desplegable tridimensional o una felicitaci\u00f3n de 1907 que llevaba insertada una miniatura de un calendario de aquel a\u00f1o. M\u00e1s de 200 ejemplares expuestos mostraban las felicitaciones que ofrec\u00edan diferentes oficios, muchos de ellos perdidos como el de farolero, carbonero o carretero.<\/p>\n<p style=\"text-align: justify;\"><a href=\"http:\/\/mbt.wp.arqtgn.cat\/wp-content\/uploads\/sites\/34\/2015\/08\/DSC00868.jpg\"><img loading=\"lazy\" decoding=\"async\" class=\"alignnone size-medium wp-image-540\" src=\"http:\/\/mbt.wp.arqtgn.cat\/wp-content\/uploads\/sites\/34\/2015\/08\/DSC00868-300x225.jpg\" alt=\"DSC00868\" width=\"300\" height=\"225\" srcset=\"https:\/\/museu.biblic.arqtgn.cat\/wp-content\/uploads\/sites\/34\/2015\/08\/DSC00868-300x225.jpg 300w, https:\/\/museu.biblic.arqtgn.cat\/wp-content\/uploads\/sites\/34\/2015\/08\/DSC00868-1024x768.jpg 1024w, https:\/\/museu.biblic.arqtgn.cat\/wp-content\/uploads\/sites\/34\/2015\/08\/DSC00868.jpg 2048w\" sizes=\"auto, (max-width: 300px) 100vw, 300px\" \/><\/a> <a href=\"http:\/\/mbt.wp.arqtgn.cat\/wp-content\/uploads\/sites\/34\/2015\/08\/Nadala-1904.jpg\"><img loading=\"lazy\" decoding=\"async\" class=\"alignnone size-medium wp-image-541\" src=\"http:\/\/mbt.wp.arqtgn.cat\/wp-content\/uploads\/sites\/34\/2015\/08\/Nadala-1904-300x225.jpg\" alt=\"Nadala 1904\" width=\"300\" height=\"225\" srcset=\"https:\/\/museu.biblic.arqtgn.cat\/wp-content\/uploads\/sites\/34\/2015\/08\/Nadala-1904-300x225.jpg 300w, https:\/\/museu.biblic.arqtgn.cat\/wp-content\/uploads\/sites\/34\/2015\/08\/Nadala-1904-1024x768.jpg 1024w, https:\/\/museu.biblic.arqtgn.cat\/wp-content\/uploads\/sites\/34\/2015\/08\/Nadala-1904.jpg 2048w\" sizes=\"auto, (max-width: 300px) 100vw, 300px\" \/><\/a><\/p>\n","protected":false},"excerpt":{"rendered":"<p>Exposici\u00f3n Felicitaciones navide\u00f1as de ayer y hoy (del 26 de noviembre al 24 de diciembre de 2012): Una muestra de postales en la que se pudo disfrutar de un paseo por la historia de la felicitaci\u00f3n navide\u00f1a, formada por las colecciones de Josep Maria Brull, F\u00e8lix Adserias, Joan Aragon\u00e8s, Dolors Amell y Lu\u00eds Jos\u00e9 Baixauli.<\/p>\n","protected":false},"author":34,"featured_media":0,"parent":0,"menu_order":0,"comment_status":"closed","ping_status":"closed","template":"page-template-full.php","meta":{"footnotes":""},"class_list":["post-2781","page","type-page","status-publish","hentry"],"amp_enabled":false,"_links":{"self":[{"href":"https:\/\/museu.biblic.arqtgn.cat\/es\/wp-json\/wp\/v2\/pages\/2781","targetHints":{"allow":["GET"]}}],"collection":[{"href":"https:\/\/museu.biblic.arqtgn.cat\/es\/wp-json\/wp\/v2\/pages"}],"about":[{"href":"https:\/\/museu.biblic.arqtgn.cat\/es\/wp-json\/wp\/v2\/types\/page"}],"author":[{"embeddable":true,"href":"https:\/\/museu.biblic.arqtgn.cat\/es\/wp-json\/wp\/v2\/users\/34"}],"replies":[{"embeddable":true,"href":"https:\/\/museu.biblic.arqtgn.cat\/es\/wp-json\/wp\/v2\/comments?post=2781"}],"version-history":[{"count":1,"href":"https:\/\/museu.biblic.arqtgn.cat\/es\/wp-json\/wp\/v2\/pages\/2781\/revisions"}],"predecessor-version":[{"id":2784,"href":"https:\/\/museu.biblic.arqtgn.cat\/es\/wp-json\/wp\/v2\/pages\/2781\/revisions\/2784"}],"wp:attachment":[{"href":"https:\/\/museu.biblic.arqtgn.cat\/es\/wp-json\/wp\/v2\/media?parent=2781"}],"curies":[{"name":"wp","href":"https:\/\/api.w.org\/{rel}","templated":true}]}}