{"id":2786,"date":"2020-12-23T18:09:32","date_gmt":"2020-12-23T17:09:32","guid":{"rendered":"http:\/\/museu.biblic.arqtgn.cat\/?page_id=2786"},"modified":"2020-12-23T18:44:56","modified_gmt":"2020-12-23T17:44:56","slug":"2012-theotokos","status":"publish","type":"page","link":"https:\/\/museu.biblic.arqtgn.cat\/es\/2012-theotokos\/","title":{"rendered":"2012: Theotokos"},"content":{"rendered":"<p style=\"text-align: justify;\"><strong>Exposici\u00f3n <em>Theotokos: La Virgen del Claustro de Tarragona. 100 a\u00f1os de su coronaci\u00f3n can\u00f3nica<\/em> (del 1 al 30 de marzo de 2012):<\/strong><\/p>\n<p style=\"text-align: justify;\">La muestra se enmarc\u00f3 dentro de las actividades que se celebraron en el contexto de las celebraciones del centenario de la coronaci\u00f3n can\u00f3nica de la Virgen del Claustro. Fue fruto de la iniciativa del Museo B\u00edblico Tarraconense y de la Cofrad\u00eda de la Virgen del Claustro de Tarragona, y pretend\u00eda dar a conocer los valores espirituales y culturales que gravitan alrededor de la devoci\u00f3n de la Virgen del Claustro y ayudar, por consiguiente, a descubrir el papel de Mar\u00eda en el marco de la Historia de la Salvaci\u00f3n.<\/p>\n<p style=\"text-align: justify;\"><a href=\"http:\/\/mbt.wp.arqtgn.cat\/wp-content\/uploads\/sites\/34\/2015\/07\/529304_286807018067135_115691014_n.jpg\"><img loading=\"lazy\" decoding=\"async\" class=\"alignnone size-medium wp-image-517\" src=\"http:\/\/mbt.wp.arqtgn.cat\/wp-content\/uploads\/sites\/34\/2015\/07\/529304_286807018067135_115691014_n-300x225.jpg\" alt=\"529304_286807018067135_115691014_n\" width=\"300\" height=\"225\" srcset=\"https:\/\/museu.biblic.arqtgn.cat\/wp-content\/uploads\/sites\/34\/2015\/07\/529304_286807018067135_115691014_n-300x225.jpg 300w, https:\/\/museu.biblic.arqtgn.cat\/wp-content\/uploads\/sites\/34\/2015\/07\/529304_286807018067135_115691014_n.jpg 960w\" sizes=\"auto, (max-width: 300px) 100vw, 300px\" \/><\/a> <a href=\"http:\/\/mbt.wp.arqtgn.cat\/wp-content\/uploads\/sites\/34\/2015\/07\/558602_286806958067141_415913953_n-1.jpg\"><img loading=\"lazy\" decoding=\"async\" class=\"alignnone size-medium wp-image-518\" src=\"http:\/\/mbt.wp.arqtgn.cat\/wp-content\/uploads\/sites\/34\/2015\/07\/558602_286806958067141_415913953_n-1-300x225.jpg\" alt=\"558602_286806958067141_415913953_n (1)\" width=\"300\" height=\"225\" srcset=\"https:\/\/museu.biblic.arqtgn.cat\/wp-content\/uploads\/sites\/34\/2015\/07\/558602_286806958067141_415913953_n-1-300x225.jpg 300w, https:\/\/museu.biblic.arqtgn.cat\/wp-content\/uploads\/sites\/34\/2015\/07\/558602_286806958067141_415913953_n-1.jpg 960w\" sizes=\"auto, (max-width: 300px) 100vw, 300px\" \/><\/a><\/p>\n","protected":false},"excerpt":{"rendered":"<p>Exposici\u00f3n Theotokos: La Virgen del Claustro de Tarragona. 100 a\u00f1os de su coronaci\u00f3n can\u00f3nica (del 1 al 30 de marzo de 2012): La muestra se enmarc\u00f3 dentro de las actividades que se celebraron en el contexto de las celebraciones del centenario de la coronaci\u00f3n can\u00f3nica de la Virgen del Claustro. Fue fruto de la iniciativa<\/p>\n","protected":false},"author":34,"featured_media":0,"parent":0,"menu_order":0,"comment_status":"closed","ping_status":"closed","template":"page-template-full.php","meta":{"footnotes":""},"class_list":["post-2786","page","type-page","status-publish","hentry"],"amp_enabled":false,"_links":{"self":[{"href":"https:\/\/museu.biblic.arqtgn.cat\/es\/wp-json\/wp\/v2\/pages\/2786","targetHints":{"allow":["GET"]}}],"collection":[{"href":"https:\/\/museu.biblic.arqtgn.cat\/es\/wp-json\/wp\/v2\/pages"}],"about":[{"href":"https:\/\/museu.biblic.arqtgn.cat\/es\/wp-json\/wp\/v2\/types\/page"}],"author":[{"embeddable":true,"href":"https:\/\/museu.biblic.arqtgn.cat\/es\/wp-json\/wp\/v2\/users\/34"}],"replies":[{"embeddable":true,"href":"https:\/\/museu.biblic.arqtgn.cat\/es\/wp-json\/wp\/v2\/comments?post=2786"}],"version-history":[{"count":1,"href":"https:\/\/museu.biblic.arqtgn.cat\/es\/wp-json\/wp\/v2\/pages\/2786\/revisions"}],"predecessor-version":[{"id":2790,"href":"https:\/\/museu.biblic.arqtgn.cat\/es\/wp-json\/wp\/v2\/pages\/2786\/revisions\/2790"}],"wp:attachment":[{"href":"https:\/\/museu.biblic.arqtgn.cat\/es\/wp-json\/wp\/v2\/media?parent=2786"}],"curies":[{"name":"wp","href":"https:\/\/api.w.org\/{rel}","templated":true}]}}