{"id":2792,"date":"2020-12-23T18:10:10","date_gmt":"2020-12-23T17:10:10","guid":{"rendered":"http:\/\/museu.biblic.arqtgn.cat\/?page_id=2792"},"modified":"2020-12-23T18:44:56","modified_gmt":"2020-12-23T17:44:56","slug":"2014-anno-domini","status":"publish","type":"page","link":"https:\/\/museu.biblic.arqtgn.cat\/es\/2014-anno-domini\/","title":{"rendered":"2014: Anno Domini"},"content":{"rendered":"<p style=\"text-align: justify;\"><strong>Exposici\u00f3n <em>Anno Domini: Judea en tiempo de Augusto<\/em> (del 8 de mayo al 8 de junio de 2014):<\/strong><\/p>\n<p style=\"text-align: justify;\">La exposici\u00f3n pretend\u00eda ofrecer una visi\u00f3n hist\u00f3rica y arqueol\u00f3gica de las relaciones entre Roma y el mundo jud\u00edo en el marco de la pol\u00edtica imperial del emperador Augusto, en el momento del nacimiento de Jes\u00fas de Nazaret, y el desarrollo hist\u00f3rico posterior de la regi\u00f3n, durante la \u00e9poca romana.<\/p>\n<p style=\"text-align: justify;\"><a href=\"http:\/\/mbt.wp.arqtgn.cat\/wp-content\/uploads\/sites\/34\/2015\/07\/1.-Fortalesa-Antonia.jpg\"><img loading=\"lazy\" decoding=\"async\" class=\"alignnone wp-image-643\" src=\"http:\/\/mbt.wp.arqtgn.cat\/wp-content\/uploads\/sites\/34\/2015\/07\/1.-Fortalesa-Antonia-300x165.jpg\" alt=\"1. Fortalesa Antonia\" width=\"315\" height=\"173\" srcset=\"https:\/\/museu.biblic.arqtgn.cat\/wp-content\/uploads\/sites\/34\/2015\/07\/1.-Fortalesa-Antonia-300x165.jpg 300w, https:\/\/museu.biblic.arqtgn.cat\/wp-content\/uploads\/sites\/34\/2015\/07\/1.-Fortalesa-Antonia-1024x563.jpg 1024w\" sizes=\"auto, (max-width: 315px) 100vw, 315px\" \/><\/a> <a href=\"http:\/\/mbt.wp.arqtgn.cat\/wp-content\/uploads\/sites\/34\/2015\/07\/2.-Procurador.jpg\"><img loading=\"lazy\" decoding=\"async\" class=\"alignnone wp-image-644\" src=\"http:\/\/mbt.wp.arqtgn.cat\/wp-content\/uploads\/sites\/34\/2015\/07\/2.-Procurador-300x283.jpg\" alt=\"2. Procurador\" width=\"232\" height=\"219\" srcset=\"https:\/\/museu.biblic.arqtgn.cat\/wp-content\/uploads\/sites\/34\/2015\/07\/2.-Procurador-300x283.jpg 300w, https:\/\/museu.biblic.arqtgn.cat\/wp-content\/uploads\/sites\/34\/2015\/07\/2.-Procurador-1024x965.jpg 1024w, https:\/\/museu.biblic.arqtgn.cat\/wp-content\/uploads\/sites\/34\/2015\/07\/2.-Procurador.jpg 2032w\" sizes=\"auto, (max-width: 232px) 100vw, 232px\" \/><\/a><\/p>\n","protected":false},"excerpt":{"rendered":"<p>Exposici\u00f3n Anno Domini: Judea en tiempo de Augusto (del 8 de mayo al 8 de junio de 2014): La exposici\u00f3n pretend\u00eda ofrecer una visi\u00f3n hist\u00f3rica y arqueol\u00f3gica de las relaciones entre Roma y el mundo jud\u00edo en el marco de la pol\u00edtica imperial del emperador Augusto, en el momento del nacimiento de Jes\u00fas de Nazaret,<\/p>\n","protected":false},"author":34,"featured_media":0,"parent":0,"menu_order":0,"comment_status":"closed","ping_status":"closed","template":"page-template-full.php","meta":{"footnotes":""},"class_list":["post-2792","page","type-page","status-publish","hentry"],"amp_enabled":false,"_links":{"self":[{"href":"https:\/\/museu.biblic.arqtgn.cat\/es\/wp-json\/wp\/v2\/pages\/2792","targetHints":{"allow":["GET"]}}],"collection":[{"href":"https:\/\/museu.biblic.arqtgn.cat\/es\/wp-json\/wp\/v2\/pages"}],"about":[{"href":"https:\/\/museu.biblic.arqtgn.cat\/es\/wp-json\/wp\/v2\/types\/page"}],"author":[{"embeddable":true,"href":"https:\/\/museu.biblic.arqtgn.cat\/es\/wp-json\/wp\/v2\/users\/34"}],"replies":[{"embeddable":true,"href":"https:\/\/museu.biblic.arqtgn.cat\/es\/wp-json\/wp\/v2\/comments?post=2792"}],"version-history":[{"count":1,"href":"https:\/\/museu.biblic.arqtgn.cat\/es\/wp-json\/wp\/v2\/pages\/2792\/revisions"}],"predecessor-version":[{"id":2795,"href":"https:\/\/museu.biblic.arqtgn.cat\/es\/wp-json\/wp\/v2\/pages\/2792\/revisions\/2795"}],"wp:attachment":[{"href":"https:\/\/museu.biblic.arqtgn.cat\/es\/wp-json\/wp\/v2\/media?parent=2792"}],"curies":[{"name":"wp","href":"https:\/\/api.w.org\/{rel}","templated":true}]}}