{"id":2797,"date":"2020-12-23T18:10:44","date_gmt":"2020-12-23T17:10:44","guid":{"rendered":"http:\/\/museu.biblic.arqtgn.cat\/?page_id=2797"},"modified":"2020-12-23T18:44:56","modified_gmt":"2020-12-23T17:44:56","slug":"2014-exposicion-de-postales","status":"publish","type":"page","link":"https:\/\/museu.biblic.arqtgn.cat\/es\/2014-exposicion-de-postales\/","title":{"rendered":"2014: Exposici\u00f3n de postales"},"content":{"rendered":"<p style=\"text-align: justify;\"><strong>Exposici\u00f3n<em> El patrimonio religioso de la archidi\u00f3cesis de Tarragona a trav\u00e9s de las postales (1897-2014). Colecci\u00f3n de Josep Maria Brull Alabar<\/em>t (del 7 de noviembre al 14 de diciembre de 2014):<\/strong><\/p>\n<p style=\"text-align: justify;\">La exposici\u00f3n formada por 1.100 postales, nos propuso introducirnos en el patrimonio religioso de la archidi\u00f3cesis de Tarragona a trav\u00e9s de las tarjetas postales. Se organizaba en torno a diferentes secciones tem\u00e1ticas que englobaban desde los or\u00edgenes del arte cristiano, la Catedral, el barrio eclesi\u00e1stico de Tarragona, los monumentos religiosos, las iglesias, los conventos, las instituciones, los colegios religiosos, la toponimia religiosa, los acontecimientos y fiestas y el patrimonio art\u00edstico de los arciprestados de la di\u00f3cesis.<\/p>\n<p style=\"text-align: justify;\"><a href=\"http:\/\/mbt.wp.arqtgn.cat\/wp-content\/uploads\/sites\/34\/2015\/08\/DSCF5035.jpg\"><img loading=\"lazy\" decoding=\"async\" class=\"alignnone size-medium wp-image-640\" src=\"http:\/\/mbt.wp.arqtgn.cat\/wp-content\/uploads\/sites\/34\/2015\/08\/DSCF5035-300x225.jpg\" alt=\"DSCF5035\" width=\"300\" height=\"225\" srcset=\"https:\/\/museu.biblic.arqtgn.cat\/wp-content\/uploads\/sites\/34\/2015\/08\/DSCF5035-300x225.jpg 300w, https:\/\/museu.biblic.arqtgn.cat\/wp-content\/uploads\/sites\/34\/2015\/08\/DSCF5035-1024x768.jpg 1024w\" sizes=\"auto, (max-width: 300px) 100vw, 300px\" \/><\/a> <a href=\"http:\/\/mbt.wp.arqtgn.cat\/wp-content\/uploads\/sites\/34\/2015\/08\/DSCF5045.jpg\"><img loading=\"lazy\" decoding=\"async\" class=\"alignnone size-medium wp-image-641\" src=\"http:\/\/mbt.wp.arqtgn.cat\/wp-content\/uploads\/sites\/34\/2015\/08\/DSCF5045-300x225.jpg\" alt=\"DSCF5045\" width=\"300\" height=\"225\" srcset=\"https:\/\/museu.biblic.arqtgn.cat\/wp-content\/uploads\/sites\/34\/2015\/08\/DSCF5045-300x225.jpg 300w, https:\/\/museu.biblic.arqtgn.cat\/wp-content\/uploads\/sites\/34\/2015\/08\/DSCF5045-1024x768.jpg 1024w\" sizes=\"auto, (max-width: 300px) 100vw, 300px\" \/><\/a><\/p>\n","protected":false},"excerpt":{"rendered":"<p>Exposici\u00f3n El patrimonio religioso de la archidi\u00f3cesis de Tarragona a trav\u00e9s de las postales (1897-2014). Colecci\u00f3n de Josep Maria Brull Alabart (del 7 de noviembre al 14 de diciembre de 2014): La exposici\u00f3n formada por 1.100 postales, nos propuso introducirnos en el patrimonio religioso de la archidi\u00f3cesis de Tarragona a trav\u00e9s de las tarjetas postales.<\/p>\n","protected":false},"author":34,"featured_media":0,"parent":0,"menu_order":0,"comment_status":"closed","ping_status":"closed","template":"page-template-full.php","meta":{"footnotes":""},"class_list":["post-2797","page","type-page","status-publish","hentry"],"amp_enabled":false,"_links":{"self":[{"href":"https:\/\/museu.biblic.arqtgn.cat\/es\/wp-json\/wp\/v2\/pages\/2797","targetHints":{"allow":["GET"]}}],"collection":[{"href":"https:\/\/museu.biblic.arqtgn.cat\/es\/wp-json\/wp\/v2\/pages"}],"about":[{"href":"https:\/\/museu.biblic.arqtgn.cat\/es\/wp-json\/wp\/v2\/types\/page"}],"author":[{"embeddable":true,"href":"https:\/\/museu.biblic.arqtgn.cat\/es\/wp-json\/wp\/v2\/users\/34"}],"replies":[{"embeddable":true,"href":"https:\/\/museu.biblic.arqtgn.cat\/es\/wp-json\/wp\/v2\/comments?post=2797"}],"version-history":[{"count":1,"href":"https:\/\/museu.biblic.arqtgn.cat\/es\/wp-json\/wp\/v2\/pages\/2797\/revisions"}],"predecessor-version":[{"id":2800,"href":"https:\/\/museu.biblic.arqtgn.cat\/es\/wp-json\/wp\/v2\/pages\/2797\/revisions\/2800"}],"wp:attachment":[{"href":"https:\/\/museu.biblic.arqtgn.cat\/es\/wp-json\/wp\/v2\/media?parent=2797"}],"curies":[{"name":"wp","href":"https:\/\/api.w.org\/{rel}","templated":true}]}}