{"id":2802,"date":"2020-12-23T18:11:19","date_gmt":"2020-12-23T17:11:19","guid":{"rendered":"http:\/\/museu.biblic.arqtgn.cat\/?page_id=2802"},"modified":"2020-12-23T18:44:56","modified_gmt":"2020-12-23T17:44:56","slug":"2014-ii-edicion-aqua-sacra","status":"publish","type":"page","link":"https:\/\/museu.biblic.arqtgn.cat\/es\/2014-ii-edicion-aqua-sacra\/","title":{"rendered":"2014: II edici\u00f3n Aqua Sacra"},"content":{"rendered":"<p style=\"text-align: justify;\"><strong>Exposici\u00f3n <em>Aqua Sacra II edici\u00f3n: Botijos y tradici\u00f3n. Colecci\u00f3n de la familia Gali\u00e0-Iglesias<\/em> (del 12 de agosto al 20 de agosto y del 18 al 24 de septiembre de 2014):<\/strong><\/p>\n<p style=\"text-align: justify;\">Dentro del marco de las fiestas de San Mag\u00edn 2014, el Museo acogi\u00f3 esta exposici\u00f3n, una segunda edici\u00f3n de la colecci\u00f3n particular de la familia Gali\u00e0-Iglesias en la que se mostraron m\u00e1s de trescientos botijos, un objeto ligado a la tradici\u00f3n de San Mag\u00edn y el agua.<\/p>\n<p><a href=\"http:\/\/mbt.wp.arqtgn.cat\/wp-content\/uploads\/sites\/34\/2015\/08\/foto-cantir.jpg\"><img loading=\"lazy\" decoding=\"async\" class=\" size-medium wp-image-638 aligncenter\" src=\"http:\/\/mbt.wp.arqtgn.cat\/wp-content\/uploads\/sites\/34\/2015\/08\/foto-cantir-259x300.jpg\" alt=\"foto cantir\" width=\"259\" height=\"300\" srcset=\"https:\/\/museu.biblic.arqtgn.cat\/wp-content\/uploads\/sites\/34\/2015\/08\/foto-cantir-259x300.jpg 259w, https:\/\/museu.biblic.arqtgn.cat\/wp-content\/uploads\/sites\/34\/2015\/08\/foto-cantir.jpg 709w\" sizes=\"auto, (max-width: 259px) 100vw, 259px\" \/><\/a><\/p>\n","protected":false},"excerpt":{"rendered":"<p>Exposici\u00f3n Aqua Sacra II edici\u00f3n: Botijos y tradici\u00f3n. Colecci\u00f3n de la familia Gali\u00e0-Iglesias (del 12 de agosto al 20 de agosto y del 18 al 24 de septiembre de 2014): Dentro del marco de las fiestas de San Mag\u00edn 2014, el Museo acogi\u00f3 esta exposici\u00f3n, una segunda edici\u00f3n de la colecci\u00f3n particular de la familia<\/p>\n","protected":false},"author":34,"featured_media":0,"parent":0,"menu_order":0,"comment_status":"closed","ping_status":"closed","template":"page-template-full.php","meta":{"footnotes":""},"class_list":["post-2802","page","type-page","status-publish","hentry"],"amp_enabled":false,"_links":{"self":[{"href":"https:\/\/museu.biblic.arqtgn.cat\/es\/wp-json\/wp\/v2\/pages\/2802","targetHints":{"allow":["GET"]}}],"collection":[{"href":"https:\/\/museu.biblic.arqtgn.cat\/es\/wp-json\/wp\/v2\/pages"}],"about":[{"href":"https:\/\/museu.biblic.arqtgn.cat\/es\/wp-json\/wp\/v2\/types\/page"}],"author":[{"embeddable":true,"href":"https:\/\/museu.biblic.arqtgn.cat\/es\/wp-json\/wp\/v2\/users\/34"}],"replies":[{"embeddable":true,"href":"https:\/\/museu.biblic.arqtgn.cat\/es\/wp-json\/wp\/v2\/comments?post=2802"}],"version-history":[{"count":1,"href":"https:\/\/museu.biblic.arqtgn.cat\/es\/wp-json\/wp\/v2\/pages\/2802\/revisions"}],"predecessor-version":[{"id":2804,"href":"https:\/\/museu.biblic.arqtgn.cat\/es\/wp-json\/wp\/v2\/pages\/2802\/revisions\/2804"}],"wp:attachment":[{"href":"https:\/\/museu.biblic.arqtgn.cat\/es\/wp-json\/wp\/v2\/media?parent=2802"}],"curies":[{"name":"wp","href":"https:\/\/api.w.org\/{rel}","templated":true}]}}