{"id":2806,"date":"2020-12-23T18:12:02","date_gmt":"2020-12-23T17:12:02","guid":{"rendered":"http:\/\/museu.biblic.arqtgn.cat\/?page_id=2806"},"modified":"2020-12-23T18:44:56","modified_gmt":"2020-12-23T17:44:56","slug":"2016-iii-edicion-aqua-sacra","status":"publish","type":"page","link":"https:\/\/museu.biblic.arqtgn.cat\/es\/2016-iii-edicion-aqua-sacra\/","title":{"rendered":"2016: III edici\u00f3n Aqua Sacra"},"content":{"rendered":"<p style=\"text-align: justify;\"><strong>Exposici\u00f3n <em>Aqua Sacra III edici\u00f3n: Botijos y tradici\u00f3n. Colecci\u00f3n de la familia Gali\u00e0-Iglesias<\/em> (del 11 de agosto al 27 de agosto y del 22 al 23 de septiembre de 2016):<\/strong><\/p>\n<p style=\"text-align: justify;\">Dentro del marco de las fiestas de San Mag\u00edn 2016, el Museo acogi\u00f3 esta exposici\u00f3n, una tercera edici\u00f3n de la colecci\u00f3n particular de la familia Gali\u00e0-Iglesias en la que se mostraron botijos tradicionales de la festividad de san Mag\u00edn (patr\u00f3n de Tarragona), otros de tema religioso y una gran variedad tipol\u00f3gica con diferentes usos que este objeto ha tenido a lo largo del tiempo. El discurso museogr\u00e1fico gir\u00f3 entorno al agua, s\u00edmbolo de vida, elemento muy vinculado a la tradici\u00f3n de San Mag\u00edn y con m\u00faltiples referencias dentro de la Biblia.<\/p>\n<p style=\"text-align: justify;\"><img loading=\"lazy\" decoding=\"async\" class=\"alignnone wp-image-1139\" src=\"http:\/\/mbt.wp.arqtgn.cat\/wp-content\/uploads\/sites\/34\/2016\/09\/13892260_1721267464790342_1538939342278007520_n-300x232.jpg\" alt=\"13892260_1721267464790342_1538939342278007520_n\" width=\"344\" height=\"266\" srcset=\"https:\/\/museu.biblic.arqtgn.cat\/wp-content\/uploads\/sites\/34\/2016\/09\/13892260_1721267464790342_1538939342278007520_n-300x232.jpg 300w, https:\/\/museu.biblic.arqtgn.cat\/wp-content\/uploads\/sites\/34\/2016\/09\/13892260_1721267464790342_1538939342278007520_n-768x594.jpg 768w, https:\/\/museu.biblic.arqtgn.cat\/wp-content\/uploads\/sites\/34\/2016\/09\/13892260_1721267464790342_1538939342278007520_n.jpg 960w\" sizes=\"auto, (max-width: 344px) 100vw, 344px\" \/> <img loading=\"lazy\" decoding=\"async\" class=\"alignnone wp-image-1140 \" src=\"http:\/\/mbt.wp.arqtgn.cat\/wp-content\/uploads\/sites\/34\/2016\/09\/DSC04915-e1474878101221-225x300.jpg\" alt=\"dsc04915\" width=\"200\" height=\"267\" srcset=\"https:\/\/museu.biblic.arqtgn.cat\/wp-content\/uploads\/sites\/34\/2016\/09\/DSC04915-e1474878101221-225x300.jpg 225w, https:\/\/museu.biblic.arqtgn.cat\/wp-content\/uploads\/sites\/34\/2016\/09\/DSC04915-e1474878101221-768x1024.jpg 768w, https:\/\/museu.biblic.arqtgn.cat\/wp-content\/uploads\/sites\/34\/2016\/09\/DSC04915-e1474878101221.jpg 1536w\" sizes=\"auto, (max-width: 200px) 100vw, 200px\" \/><\/p>\n<p style=\"text-align: justify;\">\u00a0<img loading=\"lazy\" decoding=\"async\" class=\"alignnone wp-image-1151 \" src=\"http:\/\/mbt.wp.arqtgn.cat\/wp-content\/uploads\/sites\/34\/2016\/09\/IMG_0162-e1474879153432-300x228.jpg\" alt=\"img_0162\" width=\"264\" height=\"201\" srcset=\"https:\/\/museu.biblic.arqtgn.cat\/wp-content\/uploads\/sites\/34\/2016\/09\/IMG_0162-e1474879153432-300x228.jpg 300w, https:\/\/museu.biblic.arqtgn.cat\/wp-content\/uploads\/sites\/34\/2016\/09\/IMG_0162-e1474879153432-768x584.jpg 768w, https:\/\/museu.biblic.arqtgn.cat\/wp-content\/uploads\/sites\/34\/2016\/09\/IMG_0162-e1474879153432-1024x778.jpg 1024w, https:\/\/museu.biblic.arqtgn.cat\/wp-content\/uploads\/sites\/34\/2016\/09\/IMG_0162-e1474879153432.jpg 1145w\" sizes=\"auto, (max-width: 264px) 100vw, 264px\" \/> <img loading=\"lazy\" decoding=\"async\" class=\"alignnone wp-image-1152\" src=\"http:\/\/mbt.wp.arqtgn.cat\/wp-content\/uploads\/sites\/34\/2016\/09\/IMG_0175-300x225.jpg\" alt=\"img_0175\" width=\"268\" height=\"201\" srcset=\"https:\/\/museu.biblic.arqtgn.cat\/wp-content\/uploads\/sites\/34\/2016\/09\/IMG_0175-300x225.jpg 300w, https:\/\/museu.biblic.arqtgn.cat\/wp-content\/uploads\/sites\/34\/2016\/09\/IMG_0175-768x576.jpg 768w, https:\/\/museu.biblic.arqtgn.cat\/wp-content\/uploads\/sites\/34\/2016\/09\/IMG_0175-1024x768.jpg 1024w, https:\/\/museu.biblic.arqtgn.cat\/wp-content\/uploads\/sites\/34\/2016\/09\/IMG_0175.jpg 1600w\" sizes=\"auto, (max-width: 268px) 100vw, 268px\" \/><\/p>\n<p style=\"text-align: justify;\"><img loading=\"lazy\" decoding=\"async\" class=\"alignnone wp-image-1153\" src=\"http:\/\/mbt.wp.arqtgn.cat\/wp-content\/uploads\/sites\/34\/2016\/09\/IMG_0173-300x225.jpg\" alt=\"img_0173\" width=\"232\" height=\"174\" srcset=\"https:\/\/museu.biblic.arqtgn.cat\/wp-content\/uploads\/sites\/34\/2016\/09\/IMG_0173-300x225.jpg 300w, https:\/\/museu.biblic.arqtgn.cat\/wp-content\/uploads\/sites\/34\/2016\/09\/IMG_0173-768x576.jpg 768w, https:\/\/museu.biblic.arqtgn.cat\/wp-content\/uploads\/sites\/34\/2016\/09\/IMG_0173-1024x768.jpg 1024w, https:\/\/museu.biblic.arqtgn.cat\/wp-content\/uploads\/sites\/34\/2016\/09\/IMG_0173.jpg 1600w\" sizes=\"auto, (max-width: 232px) 100vw, 232px\" \/> <img loading=\"lazy\" decoding=\"async\" class=\"alignnone wp-image-1154\" src=\"http:\/\/mbt.wp.arqtgn.cat\/wp-content\/uploads\/sites\/34\/2016\/09\/13876702_1721267498123672_648189560629342424_n-300x169.jpg\" alt=\"13876702_1721267498123672_648189560629342424_n\" width=\"307\" height=\"173\" srcset=\"https:\/\/museu.biblic.arqtgn.cat\/wp-content\/uploads\/sites\/34\/2016\/09\/13876702_1721267498123672_648189560629342424_n-300x169.jpg 300w, https:\/\/museu.biblic.arqtgn.cat\/wp-content\/uploads\/sites\/34\/2016\/09\/13876702_1721267498123672_648189560629342424_n-768x432.jpg 768w, https:\/\/museu.biblic.arqtgn.cat\/wp-content\/uploads\/sites\/34\/2016\/09\/13876702_1721267498123672_648189560629342424_n.jpg 960w\" sizes=\"auto, (max-width: 307px) 100vw, 307px\" \/><\/p>\n","protected":false},"excerpt":{"rendered":"<p>Exposici\u00f3n Aqua Sacra III edici\u00f3n: Botijos y tradici\u00f3n. Colecci\u00f3n de la familia Gali\u00e0-Iglesias (del 11 de agosto al 27 de agosto y del 22 al 23 de septiembre de 2016): Dentro del marco de las fiestas de San Mag\u00edn 2016, el Museo acogi\u00f3 esta exposici\u00f3n, una tercera edici\u00f3n de la colecci\u00f3n particular de la familia<\/p>\n","protected":false},"author":34,"featured_media":0,"parent":0,"menu_order":0,"comment_status":"closed","ping_status":"closed","template":"page-template-full.php","meta":{"footnotes":""},"class_list":["post-2806","page","type-page","status-publish","hentry"],"amp_enabled":false,"_links":{"self":[{"href":"https:\/\/museu.biblic.arqtgn.cat\/es\/wp-json\/wp\/v2\/pages\/2806","targetHints":{"allow":["GET"]}}],"collection":[{"href":"https:\/\/museu.biblic.arqtgn.cat\/es\/wp-json\/wp\/v2\/pages"}],"about":[{"href":"https:\/\/museu.biblic.arqtgn.cat\/es\/wp-json\/wp\/v2\/types\/page"}],"author":[{"embeddable":true,"href":"https:\/\/museu.biblic.arqtgn.cat\/es\/wp-json\/wp\/v2\/users\/34"}],"replies":[{"embeddable":true,"href":"https:\/\/museu.biblic.arqtgn.cat\/es\/wp-json\/wp\/v2\/comments?post=2806"}],"version-history":[{"count":1,"href":"https:\/\/museu.biblic.arqtgn.cat\/es\/wp-json\/wp\/v2\/pages\/2806\/revisions"}],"predecessor-version":[{"id":2815,"href":"https:\/\/museu.biblic.arqtgn.cat\/es\/wp-json\/wp\/v2\/pages\/2806\/revisions\/2815"}],"wp:attachment":[{"href":"https:\/\/museu.biblic.arqtgn.cat\/es\/wp-json\/wp\/v2\/media?parent=2806"}],"curies":[{"name":"wp","href":"https:\/\/api.w.org\/{rel}","templated":true}]}}