{"id":2817,"date":"2020-12-23T18:16:33","date_gmt":"2020-12-23T17:16:33","guid":{"rendered":"http:\/\/museu.biblic.arqtgn.cat\/?page_id=2817"},"modified":"2020-12-23T18:44:56","modified_gmt":"2020-12-23T17:44:56","slug":"2016-miniaturas-pasos-de-semana-santa","status":"publish","type":"page","link":"https:\/\/museu.biblic.arqtgn.cat\/es\/2016-miniaturas-pasos-de-semana-santa\/","title":{"rendered":"2016: Miniaturas pasos de Semana Santa"},"content":{"rendered":"<p><strong>Exposici\u00f3n<em> Im\u00e1genes de la Semana Santa Tarraconense &#8211; miniaturas, carteles y postales- Colecciones de Andreu Ximenis Rovira y Josep Maria Brull Alabart.<\/em> (Del 16 de marzo al 3 de abril en la sala de actos del Museo B\u00edblico)<\/strong><\/p>\n<p>El Museo B\u00edblico Tarraconense se quiso sumar al conjunto de actos de la Semana Santa tarraconense para transferir sus valores patrimoniales y espirituales organizando una exposici\u00f3n bajo el t\u00edtulo <em>Im\u00e1genes de la Semana Santa tarraconense: miniaturas, carteles y postales -Col\u00b7leccions de Andreu Ximenis Rovira y Josep M. Brull Alabart-<\/em>, y hacer un sentido homenaje al Sr. Andreu Ximenis Morron. Se expusieron fundamentalmente las colecciones de maquetas de Andreu Ximenis Rovira y las colecciones de postales y carteles de Josep Maria Brull Alabart, as\u00ed como tambi\u00e9n los pasos de la Cofrad\u00eda del Cristo del Buen Amor y Nuestra Se\u00f1ora de la Amargura cono San Juan Evangelista, de la familia Santiago Hidalgo; la maqueta de la Santa Cena del Gremio de Mareantes y la maqueta del Santo Sepulcro, propiedad de la familia Amen\u00f3s. Fue esta una exposici\u00f3n \u00fanica donde se pudieron ver todos los pasos en miniatura que forman parte de la procesi\u00f3n del Santo Entierro.<\/p>\n<p><img loading=\"lazy\" decoding=\"async\" class=\"alignnone wp-image-1033\" src=\"http:\/\/mbt.wp.arqtgn.cat\/wp-content\/uploads\/sites\/34\/2016\/04\/431_20160317011641-300x225.jpg\" alt=\"431_20160317011641\" width=\"273\" height=\"205\" srcset=\"https:\/\/museu.biblic.arqtgn.cat\/wp-content\/uploads\/sites\/34\/2016\/04\/431_20160317011641-300x225.jpg 300w, https:\/\/museu.biblic.arqtgn.cat\/wp-content\/uploads\/sites\/34\/2016\/04\/431_20160317011641.jpg 444w\" sizes=\"auto, (max-width: 273px) 100vw, 273px\" \/> <img loading=\"lazy\" decoding=\"async\" class=\"alignnone wp-image-1032\" src=\"http:\/\/mbt.wp.arqtgn.cat\/wp-content\/uploads\/sites\/34\/2016\/04\/431_20160317011629-300x225.jpg\" alt=\"431_20160317011629\" width=\"268\" height=\"201\" srcset=\"https:\/\/museu.biblic.arqtgn.cat\/wp-content\/uploads\/sites\/34\/2016\/04\/431_20160317011629-300x225.jpg 300w, https:\/\/museu.biblic.arqtgn.cat\/wp-content\/uploads\/sites\/34\/2016\/04\/431_20160317011629.jpg 444w\" sizes=\"auto, (max-width: 268px) 100vw, 268px\" \/> <img loading=\"lazy\" decoding=\"async\" class=\"alignnone wp-image-1031\" src=\"http:\/\/mbt.wp.arqtgn.cat\/wp-content\/uploads\/sites\/34\/2016\/04\/431_20160317011551-300x225.jpg\" alt=\"431_20160317011551\" width=\"264\" height=\"198\" srcset=\"https:\/\/museu.biblic.arqtgn.cat\/wp-content\/uploads\/sites\/34\/2016\/04\/431_20160317011551-300x225.jpg 300w, https:\/\/museu.biblic.arqtgn.cat\/wp-content\/uploads\/sites\/34\/2016\/04\/431_20160317011551.jpg 444w\" sizes=\"auto, (max-width: 264px) 100vw, 264px\" \/> <img loading=\"lazy\" decoding=\"async\" class=\"alignnone wp-image-1030\" src=\"http:\/\/mbt.wp.arqtgn.cat\/wp-content\/uploads\/sites\/34\/2016\/04\/IMG_7223-300x186.jpg\" alt=\"IMG_7223\" width=\"290\" height=\"180\" srcset=\"https:\/\/museu.biblic.arqtgn.cat\/wp-content\/uploads\/sites\/34\/2016\/04\/IMG_7223-300x186.jpg 300w, https:\/\/museu.biblic.arqtgn.cat\/wp-content\/uploads\/sites\/34\/2016\/04\/IMG_7223-768x477.jpg 768w, https:\/\/museu.biblic.arqtgn.cat\/wp-content\/uploads\/sites\/34\/2016\/04\/IMG_7223-1024x636.jpg 1024w\" sizes=\"auto, (max-width: 290px) 100vw, 290px\" \/><\/p>\n","protected":false},"excerpt":{"rendered":"<p>Exposici\u00f3n Im\u00e1genes de la Semana Santa Tarraconense &#8211; miniaturas, carteles y postales- Colecciones de Andreu Ximenis Rovira y Josep Maria Brull Alabart. (Del 16 de marzo al 3 de abril en la sala de actos del Museo B\u00edblico) El Museo B\u00edblico Tarraconense se quiso sumar al conjunto de actos de la Semana Santa tarraconense para<\/p>\n","protected":false},"author":34,"featured_media":0,"parent":0,"menu_order":0,"comment_status":"closed","ping_status":"closed","template":"page-template-full.php","meta":{"footnotes":""},"class_list":["post-2817","page","type-page","status-publish","hentry"],"amp_enabled":false,"_links":{"self":[{"href":"https:\/\/museu.biblic.arqtgn.cat\/es\/wp-json\/wp\/v2\/pages\/2817","targetHints":{"allow":["GET"]}}],"collection":[{"href":"https:\/\/museu.biblic.arqtgn.cat\/es\/wp-json\/wp\/v2\/pages"}],"about":[{"href":"https:\/\/museu.biblic.arqtgn.cat\/es\/wp-json\/wp\/v2\/types\/page"}],"author":[{"embeddable":true,"href":"https:\/\/museu.biblic.arqtgn.cat\/es\/wp-json\/wp\/v2\/users\/34"}],"replies":[{"embeddable":true,"href":"https:\/\/museu.biblic.arqtgn.cat\/es\/wp-json\/wp\/v2\/comments?post=2817"}],"version-history":[{"count":1,"href":"https:\/\/museu.biblic.arqtgn.cat\/es\/wp-json\/wp\/v2\/pages\/2817\/revisions"}],"predecessor-version":[{"id":2822,"href":"https:\/\/museu.biblic.arqtgn.cat\/es\/wp-json\/wp\/v2\/pages\/2817\/revisions\/2822"}],"wp:attachment":[{"href":"https:\/\/museu.biblic.arqtgn.cat\/es\/wp-json\/wp\/v2\/media?parent=2817"}],"curies":[{"name":"wp","href":"https:\/\/api.w.org\/{rel}","templated":true}]}}