{"id":2824,"date":"2020-12-23T18:17:17","date_gmt":"2020-12-23T17:17:17","guid":{"rendered":"http:\/\/museu.biblic.arqtgn.cat\/?page_id=2824"},"modified":"2020-12-23T18:44:56","modified_gmt":"2020-12-23T17:44:56","slug":"2017-de-tarragona-a-tournai-la-arqueologia-de-las-primeras-catedrales-de-europa","status":"publish","type":"page","link":"https:\/\/museu.biblic.arqtgn.cat\/es\/2017-de-tarragona-a-tournai-la-arqueologia-de-las-primeras-catedrales-de-europa\/","title":{"rendered":"2017: De Tarragona a Tournai: la arqueolog\u00eda de las primeras catedrales de Europa"},"content":{"rendered":"<p style=\"text-align: justify;\"><strong>Exposici\u00f3n temporal: De Tarragona a Tournai: la arqueolog\u00eda de las primeras catedrales de Europa (del 27 de noviembre de 2017 al 21 de enero de 2018)<\/strong><\/p>\n<p style=\"text-align: justify;\">Exposici\u00f3n itinerante producida en B\u00e9lgica en 2016 que recogi\u00f3 los resultados de las intervenciones arqueol\u00f3gicas en diferentes catedrales europeas, entre ellas Tarragona, Girona, Barcelona, Valencia, Terrassa, Idanha, Ginebra, Martigny, Aosta, Alba y Mil\u00e1n, entre otros. El montaje en el MBT incorpor\u00f3 los trabajos arqueol\u00f3gicos desarrollados en la ciudad de Tarragona, de manera que el visitante pudo conocer el estado de la cuesti\u00f3n de la Catedral de Tarragona y al mismo tiempo tener una visi\u00f3n de s\u00edntesis de la arqueolog\u00eda en las catedrales europeas.<\/p>\n<p><img loading=\"lazy\" decoding=\"async\" class=\"alignnone size-medium wp-image-1442\" src=\"http:\/\/mbt.wp.arqtgn.cat\/wp-content\/uploads\/sites\/34\/2018\/08\/IMG_1538-300x225.jpg\" alt=\"\" width=\"300\" height=\"225\" srcset=\"https:\/\/museu.biblic.arqtgn.cat\/wp-content\/uploads\/sites\/34\/2018\/08\/IMG_1538-300x225.jpg 300w, https:\/\/museu.biblic.arqtgn.cat\/wp-content\/uploads\/sites\/34\/2018\/08\/IMG_1538-768x576.jpg 768w, https:\/\/museu.biblic.arqtgn.cat\/wp-content\/uploads\/sites\/34\/2018\/08\/IMG_1538-1024x768.jpg 1024w\" sizes=\"auto, (max-width: 300px) 100vw, 300px\" \/> <img loading=\"lazy\" decoding=\"async\" class=\"alignnone size-medium wp-image-1446\" src=\"http:\/\/mbt.wp.arqtgn.cat\/wp-content\/uploads\/sites\/34\/2018\/08\/Fonamentaci\u00f3-romana-pati-MBT-e1533283114628-225x300.jpg\" alt=\"\" width=\"225\" height=\"300\" srcset=\"https:\/\/museu.biblic.arqtgn.cat\/wp-content\/uploads\/sites\/34\/2018\/08\/Fonamentaci\u00f3-romana-pati-MBT-e1533283114628-225x300.jpg 225w, https:\/\/museu.biblic.arqtgn.cat\/wp-content\/uploads\/sites\/34\/2018\/08\/Fonamentaci\u00f3-romana-pati-MBT-e1533283114628-768x1024.jpg 768w\" sizes=\"auto, (max-width: 225px) 100vw, 225px\" \/><\/p>\n<p>&nbsp;<\/p>\n","protected":false},"excerpt":{"rendered":"<p>Exposici\u00f3n temporal: De Tarragona a Tournai: la arqueolog\u00eda de las primeras catedrales de Europa (del 27 de noviembre de 2017 al 21 de enero de 2018) Exposici\u00f3n itinerante producida en B\u00e9lgica en 2016 que recogi\u00f3 los resultados de las intervenciones arqueol\u00f3gicas en diferentes catedrales europeas, entre ellas Tarragona, Girona, Barcelona, Valencia, Terrassa, Idanha, Ginebra, Martigny,<\/p>\n","protected":false},"author":34,"featured_media":0,"parent":0,"menu_order":0,"comment_status":"closed","ping_status":"closed","template":"page-template-full.php","meta":{"footnotes":""},"class_list":["post-2824","page","type-page","status-publish","hentry"],"amp_enabled":false,"_links":{"self":[{"href":"https:\/\/museu.biblic.arqtgn.cat\/es\/wp-json\/wp\/v2\/pages\/2824","targetHints":{"allow":["GET"]}}],"collection":[{"href":"https:\/\/museu.biblic.arqtgn.cat\/es\/wp-json\/wp\/v2\/pages"}],"about":[{"href":"https:\/\/museu.biblic.arqtgn.cat\/es\/wp-json\/wp\/v2\/types\/page"}],"author":[{"embeddable":true,"href":"https:\/\/museu.biblic.arqtgn.cat\/es\/wp-json\/wp\/v2\/users\/34"}],"replies":[{"embeddable":true,"href":"https:\/\/museu.biblic.arqtgn.cat\/es\/wp-json\/wp\/v2\/comments?post=2824"}],"version-history":[{"count":1,"href":"https:\/\/museu.biblic.arqtgn.cat\/es\/wp-json\/wp\/v2\/pages\/2824\/revisions"}],"predecessor-version":[{"id":2830,"href":"https:\/\/museu.biblic.arqtgn.cat\/es\/wp-json\/wp\/v2\/pages\/2824\/revisions\/2830"}],"wp:attachment":[{"href":"https:\/\/museu.biblic.arqtgn.cat\/es\/wp-json\/wp\/v2\/media?parent=2824"}],"curies":[{"name":"wp","href":"https:\/\/api.w.org\/{rel}","templated":true}]}}