{"id":2832,"date":"2020-12-23T18:18:13","date_gmt":"2020-12-23T17:18:13","guid":{"rendered":"http:\/\/museu.biblic.arqtgn.cat\/?page_id=2832"},"modified":"2020-12-23T18:44:56","modified_gmt":"2020-12-23T17:44:56","slug":"2017-joan-curieses-escultor","status":"publish","type":"page","link":"https:\/\/museu.biblic.arqtgn.cat\/es\/2017-joan-curieses-escultor\/","title":{"rendered":"2017: Joan Curieses, escultor"},"content":{"rendered":"<p><strong>EXPOSICI\u00d3N JOAN CURIESES, ESCULTOR (Del 23 de marzo al 23 de abril de 2017)<\/strong><\/p>\n<p>Joan Curieses es el exponente por excelencia del arte religioso posconciliar de Tarragona y un referente en el arte contempor\u00e1neo del \u00faltimo cuarto del siglo XX en las comarcas de Tarragona. La exposici\u00f3n hizo un recorrido por su obra religiosa y laica. Estuvo organizada conjuntamente con el Museo de Arte Moderno de la Diputaci\u00f3n de Tarragona.<\/p>\n<p><img loading=\"lazy\" decoding=\"async\" class=\"alignnone size-medium wp-image-1435\" src=\"http:\/\/mbt.wp.arqtgn.cat\/wp-content\/uploads\/sites\/34\/2018\/08\/20170324085103-4063b023-la-300x200.jpg\" alt=\"\" width=\"300\" height=\"200\" srcset=\"https:\/\/museu.biblic.arqtgn.cat\/wp-content\/uploads\/sites\/34\/2018\/08\/20170324085103-4063b023-la-300x200.jpg 300w, https:\/\/museu.biblic.arqtgn.cat\/wp-content\/uploads\/sites\/34\/2018\/08\/20170324085103-4063b023-la-768x511.jpg 768w, https:\/\/museu.biblic.arqtgn.cat\/wp-content\/uploads\/sites\/34\/2018\/08\/20170324085103-4063b023-la.jpg 1008w\" sizes=\"auto, (max-width: 300px) 100vw, 300px\" \/> <img loading=\"lazy\" decoding=\"async\" class=\"alignnone size-medium wp-image-1432\" src=\"http:\/\/mbt.wp.arqtgn.cat\/wp-content\/uploads\/sites\/34\/2018\/08\/20170324085057-f5d41c3b-la-300x200.jpg\" alt=\"\" width=\"300\" height=\"200\" srcset=\"https:\/\/museu.biblic.arqtgn.cat\/wp-content\/uploads\/sites\/34\/2018\/08\/20170324085057-f5d41c3b-la-300x200.jpg 300w, https:\/\/museu.biblic.arqtgn.cat\/wp-content\/uploads\/sites\/34\/2018\/08\/20170324085057-f5d41c3b-la-768x511.jpg 768w, https:\/\/museu.biblic.arqtgn.cat\/wp-content\/uploads\/sites\/34\/2018\/08\/20170324085057-f5d41c3b-la.jpg 1008w\" sizes=\"auto, (max-width: 300px) 100vw, 300px\" \/><\/p>\n<p><img loading=\"lazy\" decoding=\"async\" class=\"alignnone size-medium wp-image-1434\" src=\"http:\/\/mbt.wp.arqtgn.cat\/wp-content\/uploads\/sites\/34\/2018\/08\/20170324085100-b3da5079-la-300x200.jpg\" alt=\"\" width=\"300\" height=\"200\" srcset=\"https:\/\/museu.biblic.arqtgn.cat\/wp-content\/uploads\/sites\/34\/2018\/08\/20170324085100-b3da5079-la-300x200.jpg 300w, https:\/\/museu.biblic.arqtgn.cat\/wp-content\/uploads\/sites\/34\/2018\/08\/20170324085100-b3da5079-la-768x511.jpg 768w, https:\/\/museu.biblic.arqtgn.cat\/wp-content\/uploads\/sites\/34\/2018\/08\/20170324085100-b3da5079-la.jpg 1008w\" sizes=\"auto, (max-width: 300px) 100vw, 300px\" \/> <img loading=\"lazy\" decoding=\"async\" class=\"alignnone size-medium wp-image-1433\" src=\"http:\/\/mbt.wp.arqtgn.cat\/wp-content\/uploads\/sites\/34\/2018\/08\/20170324085100-2eec44d6-la-300x200.jpg\" alt=\"\" width=\"300\" height=\"200\" srcset=\"https:\/\/museu.biblic.arqtgn.cat\/wp-content\/uploads\/sites\/34\/2018\/08\/20170324085100-2eec44d6-la-300x200.jpg 300w, https:\/\/museu.biblic.arqtgn.cat\/wp-content\/uploads\/sites\/34\/2018\/08\/20170324085100-2eec44d6-la-768x511.jpg 768w, https:\/\/museu.biblic.arqtgn.cat\/wp-content\/uploads\/sites\/34\/2018\/08\/20170324085100-2eec44d6-la.jpg 1008w\" sizes=\"auto, (max-width: 300px) 100vw, 300px\" \/><\/p>\n","protected":false},"excerpt":{"rendered":"<p>EXPOSICI\u00d3N JOAN CURIESES, ESCULTOR (Del 23 de marzo al 23 de abril de 2017) Joan Curieses es el exponente por excelencia del arte religioso posconciliar de Tarragona y un referente en el arte contempor\u00e1neo del \u00faltimo cuarto del siglo XX en las comarcas de Tarragona. La exposici\u00f3n hizo un recorrido por su obra religiosa y<\/p>\n","protected":false},"author":34,"featured_media":0,"parent":0,"menu_order":0,"comment_status":"closed","ping_status":"closed","template":"page-template-full.php","meta":{"footnotes":""},"class_list":["post-2832","page","type-page","status-publish","hentry"],"amp_enabled":false,"_links":{"self":[{"href":"https:\/\/museu.biblic.arqtgn.cat\/es\/wp-json\/wp\/v2\/pages\/2832","targetHints":{"allow":["GET"]}}],"collection":[{"href":"https:\/\/museu.biblic.arqtgn.cat\/es\/wp-json\/wp\/v2\/pages"}],"about":[{"href":"https:\/\/museu.biblic.arqtgn.cat\/es\/wp-json\/wp\/v2\/types\/page"}],"author":[{"embeddable":true,"href":"https:\/\/museu.biblic.arqtgn.cat\/es\/wp-json\/wp\/v2\/users\/34"}],"replies":[{"embeddable":true,"href":"https:\/\/museu.biblic.arqtgn.cat\/es\/wp-json\/wp\/v2\/comments?post=2832"}],"version-history":[{"count":1,"href":"https:\/\/museu.biblic.arqtgn.cat\/es\/wp-json\/wp\/v2\/pages\/2832\/revisions"}],"predecessor-version":[{"id":2833,"href":"https:\/\/museu.biblic.arqtgn.cat\/es\/wp-json\/wp\/v2\/pages\/2832\/revisions\/2833"}],"wp:attachment":[{"href":"https:\/\/museu.biblic.arqtgn.cat\/es\/wp-json\/wp\/v2\/media?parent=2832"}],"curies":[{"name":"wp","href":"https:\/\/api.w.org\/{rel}","templated":true}]}}