{"id":2835,"date":"2020-12-23T18:19:03","date_gmt":"2020-12-23T17:19:03","guid":{"rendered":"http:\/\/museu.biblic.arqtgn.cat\/?page_id=2835"},"modified":"2020-12-23T18:44:56","modified_gmt":"2020-12-23T17:44:56","slug":"2018-el-crucificado","status":"publish","type":"page","link":"https:\/\/museu.biblic.arqtgn.cat\/es\/2018-el-crucificado\/","title":{"rendered":"2018: El Crucificado"},"content":{"rendered":"<p><strong>Exposici\u00f3n temporal: EL CRUCIFICADO Fotograf\u00edas de Francesc Roca (del 19 de abril al 19 de mayo de 2018)<\/strong><\/p>\n<p>El crucificado es el signo m\u00e1s representado en el cristianismo, en cualquiera de sus artes pl\u00e1sticas, por eso siempre es mirado por los creyentes como se\u00f1al de devoci\u00f3n y veneraci\u00f3n. Esta exposici\u00f3n pretendi\u00f3 llevar al espectador a descubrir el arte y los sentimientos de los diferentes autores a lo largo del tiempo, a trav\u00e9s de la mirada del fot\u00f3grafo Francesc Roca.<\/p>\n<p><img loading=\"lazy\" decoding=\"async\" class=\"alignnone size-medium wp-image-1450\" src=\"http:\/\/mbt.wp.arqtgn.cat\/wp-content\/uploads\/sites\/34\/2018\/08\/IMG_6592-300x225.jpg\" alt=\"\" width=\"300\" height=\"225\" srcset=\"https:\/\/museu.biblic.arqtgn.cat\/wp-content\/uploads\/sites\/34\/2018\/08\/IMG_6592-300x225.jpg 300w, https:\/\/museu.biblic.arqtgn.cat\/wp-content\/uploads\/sites\/34\/2018\/08\/IMG_6592-768x576.jpg 768w, https:\/\/museu.biblic.arqtgn.cat\/wp-content\/uploads\/sites\/34\/2018\/08\/IMG_6592-1024x768.jpg 1024w\" sizes=\"auto, (max-width: 300px) 100vw, 300px\" \/> <img loading=\"lazy\" decoding=\"async\" class=\"alignnone size-medium wp-image-1451\" src=\"http:\/\/mbt.wp.arqtgn.cat\/wp-content\/uploads\/sites\/34\/2018\/08\/IMG_6582-300x225.jpg\" alt=\"\" width=\"300\" height=\"225\" srcset=\"https:\/\/museu.biblic.arqtgn.cat\/wp-content\/uploads\/sites\/34\/2018\/08\/IMG_6582-300x225.jpg 300w, https:\/\/museu.biblic.arqtgn.cat\/wp-content\/uploads\/sites\/34\/2018\/08\/IMG_6582-768x576.jpg 768w, https:\/\/museu.biblic.arqtgn.cat\/wp-content\/uploads\/sites\/34\/2018\/08\/IMG_6582-1024x768.jpg 1024w\" sizes=\"auto, (max-width: 300px) 100vw, 300px\" \/><\/p>\n<p><img loading=\"lazy\" decoding=\"async\" class=\"alignnone size-medium wp-image-1453\" src=\"http:\/\/mbt.wp.arqtgn.cat\/wp-content\/uploads\/sites\/34\/2018\/08\/IMG_6591-300x225.jpg\" alt=\"\" width=\"300\" height=\"225\" srcset=\"https:\/\/museu.biblic.arqtgn.cat\/wp-content\/uploads\/sites\/34\/2018\/08\/IMG_6591-300x225.jpg 300w, https:\/\/museu.biblic.arqtgn.cat\/wp-content\/uploads\/sites\/34\/2018\/08\/IMG_6591-768x576.jpg 768w, https:\/\/museu.biblic.arqtgn.cat\/wp-content\/uploads\/sites\/34\/2018\/08\/IMG_6591-1024x768.jpg 1024w\" sizes=\"auto, (max-width: 300px) 100vw, 300px\" \/> <img loading=\"lazy\" decoding=\"async\" class=\"alignnone size-medium wp-image-1452\" src=\"http:\/\/mbt.wp.arqtgn.cat\/wp-content\/uploads\/sites\/34\/2018\/08\/IMG_6586-300x225.jpg\" alt=\"\" width=\"300\" height=\"225\" srcset=\"https:\/\/museu.biblic.arqtgn.cat\/wp-content\/uploads\/sites\/34\/2018\/08\/IMG_6586-300x225.jpg 300w, https:\/\/museu.biblic.arqtgn.cat\/wp-content\/uploads\/sites\/34\/2018\/08\/IMG_6586-768x576.jpg 768w, https:\/\/museu.biblic.arqtgn.cat\/wp-content\/uploads\/sites\/34\/2018\/08\/IMG_6586-1024x768.jpg 1024w\" sizes=\"auto, (max-width: 300px) 100vw, 300px\" \/><\/p>\n","protected":false},"excerpt":{"rendered":"<p>Exposici\u00f3n temporal: EL CRUCIFICADO Fotograf\u00edas de Francesc Roca (del 19 de abril al 19 de mayo de 2018) El crucificado es el signo m\u00e1s representado en el cristianismo, en cualquiera de sus artes pl\u00e1sticas, por eso siempre es mirado por los creyentes como se\u00f1al de devoci\u00f3n y veneraci\u00f3n. Esta exposici\u00f3n pretendi\u00f3 llevar al espectador a<\/p>\n","protected":false},"author":34,"featured_media":0,"parent":0,"menu_order":0,"comment_status":"closed","ping_status":"closed","template":"page-template-full.php","meta":{"footnotes":""},"class_list":["post-2835","page","type-page","status-publish","hentry"],"amp_enabled":false,"_links":{"self":[{"href":"https:\/\/museu.biblic.arqtgn.cat\/es\/wp-json\/wp\/v2\/pages\/2835","targetHints":{"allow":["GET"]}}],"collection":[{"href":"https:\/\/museu.biblic.arqtgn.cat\/es\/wp-json\/wp\/v2\/pages"}],"about":[{"href":"https:\/\/museu.biblic.arqtgn.cat\/es\/wp-json\/wp\/v2\/types\/page"}],"author":[{"embeddable":true,"href":"https:\/\/museu.biblic.arqtgn.cat\/es\/wp-json\/wp\/v2\/users\/34"}],"replies":[{"embeddable":true,"href":"https:\/\/museu.biblic.arqtgn.cat\/es\/wp-json\/wp\/v2\/comments?post=2835"}],"version-history":[{"count":1,"href":"https:\/\/museu.biblic.arqtgn.cat\/es\/wp-json\/wp\/v2\/pages\/2835\/revisions"}],"predecessor-version":[{"id":2840,"href":"https:\/\/museu.biblic.arqtgn.cat\/es\/wp-json\/wp\/v2\/pages\/2835\/revisions\/2840"}],"wp:attachment":[{"href":"https:\/\/museu.biblic.arqtgn.cat\/es\/wp-json\/wp\/v2\/media?parent=2835"}],"curies":[{"name":"wp","href":"https:\/\/api.w.org\/{rel}","templated":true}]}}