{"id":2842,"date":"2020-12-23T18:19:49","date_gmt":"2020-12-23T17:19:49","guid":{"rendered":"http:\/\/museu.biblic.arqtgn.cat\/?page_id=2842"},"modified":"2024-01-22T11:31:46","modified_gmt":"2024-01-22T10:31:46","slug":"actividades-y-talleres-pedagogicos","status":"publish","type":"page","link":"https:\/\/museu.biblic.arqtgn.cat\/es\/actividades-y-talleres-pedagogicos\/","title":{"rendered":"ACTIVIDADES Y TALLERES PEDAG\u00d3GICOS"},"content":{"rendered":"<p style=\"text-align: justify\"><span style=\"color: #800000\"><strong>VISITA MONITORIZADA EN EL MUSEO B\u00cdBLICO TARRACONENSE:<\/strong>\u00a0<span style=\"color: #000000\">E<\/span><\/span>l Museo B\u00edblico Tarraconense os ofrece la posibilidad de realizar un recorrido por la arqueolog\u00eda y la historia del Pr\u00f3ximo Oriente desde la Prehistoria hasta \u00e9poca bizantina y entender la evoluci\u00f3n de la cultura judeocristiana a lo largo del tiempo.<\/p>\n<p style=\"text-align: justify\"><a href=\"http:\/\/museu.biblic.arqtgn.cat\/wp-content\/uploads\/sites\/34\/2015\/07\/23degenerde2014_1-300x225.jpg\"><img loading=\"lazy\" decoding=\"async\" class=\"alignnone wp-image-1465\" src=\"http:\/\/museu.biblic.arqtgn.cat\/wp-content\/uploads\/sites\/34\/2018\/08\/IMG_2804-300x225.jpg\" alt=\"\" width=\"329\" height=\"247\" srcset=\"https:\/\/museu.biblic.arqtgn.cat\/wp-content\/uploads\/sites\/34\/2018\/08\/IMG_2804-300x225.jpg 300w, https:\/\/museu.biblic.arqtgn.cat\/wp-content\/uploads\/sites\/34\/2018\/08\/IMG_2804-768x576.jpg 768w, https:\/\/museu.biblic.arqtgn.cat\/wp-content\/uploads\/sites\/34\/2018\/08\/IMG_2804-1024x768.jpg 1024w\" sizes=\"auto, (max-width: 329px) 100vw, 329px\" \/><img loading=\"lazy\" decoding=\"async\" class=\" wp-image-352\" src=\"http:\/\/museu.biblic.arqtgn.cat\/wp-content\/uploads\/sites\/34\/2015\/07\/23degenerde2014_1-300x225.jpg\" alt=\"SAMSUNG\" width=\"329\" height=\"247\" srcset=\"https:\/\/museu.biblic.arqtgn.cat\/wp-content\/uploads\/sites\/34\/2015\/07\/23degenerde2014_1-300x225.jpg 300w, https:\/\/museu.biblic.arqtgn.cat\/wp-content\/uploads\/sites\/34\/2015\/07\/23degenerde2014_1-1024x768.jpg 1024w\" sizes=\"auto, (max-width: 329px) 100vw, 329px\" \/><\/a><\/p>\n<p><strong>Duraci\u00f3n: <\/strong>60 minutos \/90 minutos (a convenir). <strong>Precio:<\/strong> Grupos hasta un m\u00e1ximo de 25 personas, 5 euros por persona (incluye visita guiada y dosier did\u00e1ctico).<\/p>\n<p style=\"text-align: justify\"><span style=\"background-color: #ffffff;color: #800000\"><strong>TALLERES PEDAG\u00d3GICOS:<\/strong><\/span><\/p>\n<p style=\"text-align: justify\"><span style=\"text-decoration: underline\"><strong>1.TALLER UN VIAJE A TRAV\u00c9S DE LA HISTORIA B\u00cdBLICA DE LA MANO DE SUS PROTAGONISTAS:<\/strong> <\/span>Una introducci\u00f3n adaptada a la Historia Sagrada. Un taller en que los ni\u00f1os y j\u00f3venes empiezan su itinerario vistiendo una t\u00fanica como n\u00f3madas de la historia. A trav\u00e9s de las salas del museo se cuenta la historia de 12 personajes b\u00edblicos mientras van creando un mini \u00e1lbum, con adhesivos a color, donde sintetizan los contenidos que van descubriendo. Una introducci\u00f3n a los valores, significado e iconografia de estos personajes b\u00edblicos.<\/p>\n<p style=\"text-align: justify\"><img loading=\"lazy\" decoding=\"async\" class=\"alignnone size-medium wp-image-1463\" src=\"http:\/\/museu.biblic.arqtgn.cat\/wp-content\/uploads\/sites\/34\/2018\/08\/QEMS8587-300x225.jpg\" alt=\"\" width=\"300\" height=\"225\" srcset=\"https:\/\/museu.biblic.arqtgn.cat\/wp-content\/uploads\/sites\/34\/2018\/08\/QEMS8587-300x225.jpg 300w, https:\/\/museu.biblic.arqtgn.cat\/wp-content\/uploads\/sites\/34\/2018\/08\/QEMS8587-768x576.jpg 768w, https:\/\/museu.biblic.arqtgn.cat\/wp-content\/uploads\/sites\/34\/2018\/08\/QEMS8587-1024x768.jpg 1024w, https:\/\/museu.biblic.arqtgn.cat\/wp-content\/uploads\/sites\/34\/2018\/08\/QEMS8587.jpg 1600w\" sizes=\"auto, (max-width: 300px) 100vw, 300px\" \/>\u00a0\u00a0\u00a0<img loading=\"lazy\" decoding=\"async\" class=\"alignnone size-medium wp-image-1460\" src=\"http:\/\/museu.biblic.arqtgn.cat\/wp-content\/uploads\/sites\/34\/2018\/08\/CAMI4628-300x225.jpg\" alt=\"\" width=\"300\" height=\"225\" srcset=\"https:\/\/museu.biblic.arqtgn.cat\/wp-content\/uploads\/sites\/34\/2018\/08\/CAMI4628-300x225.jpg 300w, https:\/\/museu.biblic.arqtgn.cat\/wp-content\/uploads\/sites\/34\/2018\/08\/CAMI4628-768x576.jpg 768w, https:\/\/museu.biblic.arqtgn.cat\/wp-content\/uploads\/sites\/34\/2018\/08\/CAMI4628-1024x768.jpg 1024w, https:\/\/museu.biblic.arqtgn.cat\/wp-content\/uploads\/sites\/34\/2018\/08\/CAMI4628.jpg 1600w\" sizes=\"auto, (max-width: 300px) 100vw, 300px\" \/><\/p>\n<p><img loading=\"lazy\" decoding=\"async\" class=\"alignnone size-medium wp-image-1461\" src=\"http:\/\/museu.biblic.arqtgn.cat\/wp-content\/uploads\/sites\/34\/2018\/08\/DRCP4664-300x225.jpg\" alt=\"\" width=\"300\" height=\"225\" srcset=\"https:\/\/museu.biblic.arqtgn.cat\/wp-content\/uploads\/sites\/34\/2018\/08\/DRCP4664-300x225.jpg 300w, https:\/\/museu.biblic.arqtgn.cat\/wp-content\/uploads\/sites\/34\/2018\/08\/DRCP4664-768x576.jpg 768w, https:\/\/museu.biblic.arqtgn.cat\/wp-content\/uploads\/sites\/34\/2018\/08\/DRCP4664.jpg 1024w\" sizes=\"auto, (max-width: 300px) 100vw, 300px\" \/>\u00a0\u00a0<img loading=\"lazy\" decoding=\"async\" class=\"alignnone size-medium wp-image-1464\" src=\"http:\/\/museu.biblic.arqtgn.cat\/wp-content\/uploads\/sites\/34\/2018\/08\/SUER2356-300x225.jpg\" alt=\"\" width=\"300\" height=\"225\" srcset=\"https:\/\/museu.biblic.arqtgn.cat\/wp-content\/uploads\/sites\/34\/2018\/08\/SUER2356-300x225.jpg 300w, https:\/\/museu.biblic.arqtgn.cat\/wp-content\/uploads\/sites\/34\/2018\/08\/SUER2356-768x576.jpg 768w, https:\/\/museu.biblic.arqtgn.cat\/wp-content\/uploads\/sites\/34\/2018\/08\/SUER2356-1024x768.jpg 1024w, https:\/\/museu.biblic.arqtgn.cat\/wp-content\/uploads\/sites\/34\/2018\/08\/SUER2356.jpg 1600w\" sizes=\"auto, (max-width: 300px) 100vw, 300px\" \/><\/p>\n<p><strong>Precio:<\/strong> 5 euros por alumno\/a (Incluye el material, la visita al museo y la monitorizaci\u00f3n). <strong>Duraci\u00f3n:<\/strong> 90 minutos (a convenir). <strong>Destinatarios:<\/strong> Para todas las edades a partir de los 8 a\u00f1os.<\/p>\n<p style=\"text-align: justify\"><span style=\"text-decoration: underline\"><strong>2.TALLER LA VIDA DE LOS PRIMEROS CRISTIANOS:<\/strong> <\/span>Una introducci\u00f3n a la vida de los primeros cristianos. Sus creencias, ritos y s\u00edmbolos. Un apasionante mundo que nos permitir\u00e1 descubrir historias de las primeras persecuciones con m\u00e1rtires como Fructuoso, Augurio y Eulogio, las primeras bas\u00edlicas, las catacumbas (&#8230;). El taller tiene como base la proyecci\u00f3n de un audiovisual con la historia de los m\u00e1rtires de Tarragona, la visita de la sala paleocristiana del Museo B\u00edblico y la confecci\u00f3n de un relieve con el s\u00edmbolo de un pez con el acr\u00f3stico (\u0399\u03a7\u0398\u03a5\u03a3 \u00abpez\u00bb) que los ni\u00f1os y j\u00f3venes se llevar\u00e1n de recuerdo.<\/p>\n<p style=\"text-align: justify\"><img loading=\"lazy\" decoding=\"async\" class=\"alignnone size-medium wp-image-1286\" src=\"http:\/\/museu.biblic.arqtgn.cat\/wp-content\/uploads\/sites\/34\/2015\/07\/DSC00067-300x225.jpg\" alt=\"\" width=\"300\" height=\"225\" srcset=\"https:\/\/museu.biblic.arqtgn.cat\/wp-content\/uploads\/sites\/34\/2015\/07\/DSC00067-300x225.jpg 300w, https:\/\/museu.biblic.arqtgn.cat\/wp-content\/uploads\/sites\/34\/2015\/07\/DSC00067-768x576.jpg 768w, https:\/\/museu.biblic.arqtgn.cat\/wp-content\/uploads\/sites\/34\/2015\/07\/DSC00067-1024x768.jpg 1024w\" sizes=\"auto, (max-width: 300px) 100vw, 300px\" \/><img loading=\"lazy\" decoding=\"async\" class=\"alignnone size-medium wp-image-1462\" src=\"http:\/\/museu.biblic.arqtgn.cat\/wp-content\/uploads\/sites\/34\/2018\/08\/PRUU9975-300x225.jpg\" alt=\"\" width=\"300\" height=\"225\" srcset=\"https:\/\/museu.biblic.arqtgn.cat\/wp-content\/uploads\/sites\/34\/2018\/08\/PRUU9975-300x225.jpg 300w, https:\/\/museu.biblic.arqtgn.cat\/wp-content\/uploads\/sites\/34\/2018\/08\/PRUU9975-768x576.jpg 768w, https:\/\/museu.biblic.arqtgn.cat\/wp-content\/uploads\/sites\/34\/2018\/08\/PRUU9975-1024x768.jpg 1024w, https:\/\/museu.biblic.arqtgn.cat\/wp-content\/uploads\/sites\/34\/2018\/08\/PRUU9975.jpg 1600w\" sizes=\"auto, (max-width: 300px) 100vw, 300px\" \/><\/p>\n<p style=\"text-align: justify\"><strong>Precio:<\/strong> 5 euros por alumno\/a (Incluye el material, la visita al museo y la monitorizaci\u00f3n). <strong>Duraci\u00f3n:<\/strong> 90 minutos (a convenir). <strong>Destinatarios:<\/strong> Para todas las edades a partir de los 8 a\u00f1os.<\/p>\n<p style=\"text-align: justify\"><span style=\"text-decoration: underline\"><strong>3.TALLER CELEBREMOS LA SEMANA SANTA Y LA PASCUA:<\/strong> <\/span>La Pascua ocupa el lugar central de la fe cristiana, fundamentada en la creencia de la resurrecci\u00f3n de Jesucristo. Se parte de la explicaci\u00f3n de la Pasi\u00f3n de Jesucristo a partir de la colecci\u00f3n de maquetas de la Semana Santa Tarraconense y de los textos evang\u00e9licos. A continuaci\u00f3n visita de la Sala del mundo romano del Museo para conocer los apasionantes temas La S\u00e1bana Santa de Tur\u00edn, la maqueta del Santo Sepulcro, (&#8230;). Finalmente la confecci\u00f3n de una manualidad en madera y escayola con el tema de la Resurrecci\u00f3n de Cristo.<\/p>\n<p style=\"text-align: justify\"><img loading=\"lazy\" decoding=\"async\" class=\"alignnone wp-image-1290\" src=\"http:\/\/museu.biblic.arqtgn.cat\/wp-content\/uploads\/sites\/34\/2015\/07\/Diorama-Sant-Sepulcre-300x200.jpg\" alt=\"\" width=\"322\" height=\"214\" srcset=\"https:\/\/museu.biblic.arqtgn.cat\/wp-content\/uploads\/sites\/34\/2015\/07\/Diorama-Sant-Sepulcre-300x200.jpg 300w, https:\/\/museu.biblic.arqtgn.cat\/wp-content\/uploads\/sites\/34\/2015\/07\/Diorama-Sant-Sepulcre-768x513.jpg 768w, https:\/\/museu.biblic.arqtgn.cat\/wp-content\/uploads\/sites\/34\/2015\/07\/Diorama-Sant-Sepulcre-1024x684.jpg 1024w\" sizes=\"auto, (max-width: 322px) 100vw, 322px\" \/><img loading=\"lazy\" decoding=\"async\" class=\"alignnone size-medium wp-image-1291\" src=\"http:\/\/museu.biblic.arqtgn.cat\/wp-content\/uploads\/sites\/34\/2015\/07\/Diorama-ressurrecci\u00f3-300x215.jpg\" alt=\"\" width=\"300\" height=\"215\" srcset=\"https:\/\/museu.biblic.arqtgn.cat\/wp-content\/uploads\/sites\/34\/2015\/07\/Diorama-ressurrecci\u00f3-300x215.jpg 300w, https:\/\/museu.biblic.arqtgn.cat\/wp-content\/uploads\/sites\/34\/2015\/07\/Diorama-ressurrecci\u00f3-768x550.jpg 768w, https:\/\/museu.biblic.arqtgn.cat\/wp-content\/uploads\/sites\/34\/2015\/07\/Diorama-ressurrecci\u00f3-1024x734.jpg 1024w\" sizes=\"auto, (max-width: 300px) 100vw, 300px\" \/><\/p>\n<p><strong>Precio:<\/strong> 5 euros por alumno\/a (Incluye el material, la visita al museo y la monitorizaci\u00f3n). <strong>Duraci\u00f3n:<\/strong> 90 minutos (a convenir). <strong>Destinatarios:<\/strong> Para todas las edades a partir de los 8 a\u00f1os.<\/p>\n<p style=\"text-align: justify\"><span style=\"text-decoration: underline\"><span style=\"color: #000000\"><strong>4.TALLER PREPAREMOS LA NAVIDAD EN EL MUSEO B\u00cdBLICO (del 2 al 20 de diciembre de 2024):<\/strong><\/span><\/span> \u00a0Taller dirigido a ni\u00f1os de primaria en adelante.\u00a0El objetivo de este taller es acercar al alumno a la realidad de la Navidad desde una dimensi\u00f3n cultural y religiosa. Lectura de un timpano de la Catedral de Tarragona, visualizaci\u00f3n de un audiovisual y confecci\u00f3n de un diorama de pesebre tradicional en formato de recortable, imprimido a color.<\/p>\n<p><img loading=\"lazy\" decoding=\"async\" class=\"alignnone wp-image-1459\" src=\"http:\/\/mbt.wp.arqtgn.cat\/wp-content\/uploads\/sites\/34\/2018\/08\/maq-retratar-036-e1534405243909-198x300.jpg\" alt=\"\" width=\"212\" height=\"321\" srcset=\"https:\/\/museu.biblic.arqtgn.cat\/wp-content\/uploads\/sites\/34\/2018\/08\/maq-retratar-036-e1534405243909-198x300.jpg 198w, https:\/\/museu.biblic.arqtgn.cat\/wp-content\/uploads\/sites\/34\/2018\/08\/maq-retratar-036-e1534405243909-768x1165.jpg 768w, https:\/\/museu.biblic.arqtgn.cat\/wp-content\/uploads\/sites\/34\/2018\/08\/maq-retratar-036-e1534405243909-675x1024.jpg 675w, https:\/\/museu.biblic.arqtgn.cat\/wp-content\/uploads\/sites\/34\/2018\/08\/maq-retratar-036-e1534405243909.jpg 1350w\" sizes=\"auto, (max-width: 212px) 100vw, 212px\" \/>\u00a0\u00a0<img loading=\"lazy\" decoding=\"async\" class=\"alignnone wp-image-1458\" src=\"http:\/\/mbt.wp.arqtgn.cat\/wp-content\/uploads\/sites\/34\/2018\/08\/IMG_2322-e1534405231671-225x300.jpg\" alt=\"\" width=\"239\" height=\"319\" srcset=\"https:\/\/museu.biblic.arqtgn.cat\/wp-content\/uploads\/sites\/34\/2018\/08\/IMG_2322-e1534405231671-225x300.jpg 225w, https:\/\/museu.biblic.arqtgn.cat\/wp-content\/uploads\/sites\/34\/2018\/08\/IMG_2322-e1534405231671-768x1024.jpg 768w\" sizes=\"auto, (max-width: 239px) 100vw, 239px\" \/><\/p>\n<p style=\"text-align: justify\"><img loading=\"lazy\" decoding=\"async\" class=\"alignnone size-medium wp-image-1213\" src=\"http:\/\/mbt.wp.arqtgn.cat\/wp-content\/uploads\/sites\/34\/2015\/07\/IMG_2303-300x225.jpg\" alt=\"\" width=\"300\" height=\"225\" srcset=\"https:\/\/museu.biblic.arqtgn.cat\/wp-content\/uploads\/sites\/34\/2015\/07\/IMG_2303-300x225.jpg 300w, https:\/\/museu.biblic.arqtgn.cat\/wp-content\/uploads\/sites\/34\/2015\/07\/IMG_2303-768x576.jpg 768w, https:\/\/museu.biblic.arqtgn.cat\/wp-content\/uploads\/sites\/34\/2015\/07\/IMG_2303-1024x768.jpg 1024w\" sizes=\"auto, (max-width: 300px) 100vw, 300px\" \/><img loading=\"lazy\" decoding=\"async\" class=\"alignnone size-medium wp-image-1214\" src=\"http:\/\/mbt.wp.arqtgn.cat\/wp-content\/uploads\/sites\/34\/2015\/07\/IMG_2292-300x225.jpg\" alt=\"\" width=\"300\" height=\"225\" srcset=\"https:\/\/museu.biblic.arqtgn.cat\/wp-content\/uploads\/sites\/34\/2015\/07\/IMG_2292-300x225.jpg 300w, https:\/\/museu.biblic.arqtgn.cat\/wp-content\/uploads\/sites\/34\/2015\/07\/IMG_2292-768x576.jpg 768w, https:\/\/museu.biblic.arqtgn.cat\/wp-content\/uploads\/sites\/34\/2015\/07\/IMG_2292-1024x768.jpg 1024w\" sizes=\"auto, (max-width: 300px) 100vw, 300px\" \/><\/p>\n<p style=\"text-align: justify\"><strong>Duraci\u00f3n:<\/strong> entre 60 y 90 min. <strong>Precio:<\/strong>\u00a05\u20ac por alumno, incluye la entrada al Museo, monitoraje y la l\u00e1mina recortable del pesebre. El material para confeccionar el recortable lo sirve el propio Museo. En caso de no hacer el taller, ten\u00e9is la posibilidad de adquirir el recortable del diorama al precio de 3\u20ac\/unidad.<\/p>\n<p style=\"text-align: justify\"><span style=\"text-decoration: underline\"><strong>5.TALLER DE MOMIFICACI\u00d3N: \u00a1\u00a1\u00a1VAMOS A HACER UNA MOMIA!!!:<\/strong><\/span> Convi\u00e9rtete en un sacerdote egipcio y reproduce los diferentes pasos que hay que llevar a cabo para hacer una momia: extracci\u00f3n de los \u00f3rganos, colocaci\u00f3n de vendas y amuletos, lectura de papiros m\u00e1gicos, &#8230; y as\u00ed ayudar\u00e1s al fara\u00f3n a vivir eternamente.En primer lugar se har\u00e1 una breve presentaci\u00f3n en PowerPoint sobre los aspectos m\u00e1s relevantes del proceso de momificaci\u00f3n. A continuaci\u00f3n, los alumnos ir\u00e1n saliendo por grupos donde har\u00e1n los pasos mismos pasos que hac\u00edan los sacerdotes egipcios para hacer la momificaci\u00f3n de un difunto. Conocimientos que adquiriremos: Mitos y creencias que llevan a practicar la momificaci\u00f3n, proceso de momificaci\u00f3n natural y artificial y simbolog\u00eda de la momificaci\u00f3n.<\/p>\n<p><img loading=\"lazy\" decoding=\"async\" class=\"alignnone size-medium wp-image-1340\" src=\"http:\/\/museu.biblic.arqtgn.cat\/wp-content\/uploads\/sites\/34\/2015\/07\/DSC02791-1-300x225.jpg\" alt=\"\" width=\"300\" height=\"225\" srcset=\"https:\/\/museu.biblic.arqtgn.cat\/wp-content\/uploads\/sites\/34\/2015\/07\/DSC02791-1-300x225.jpg 300w, https:\/\/museu.biblic.arqtgn.cat\/wp-content\/uploads\/sites\/34\/2015\/07\/DSC02791-1-768x576.jpg 768w, https:\/\/museu.biblic.arqtgn.cat\/wp-content\/uploads\/sites\/34\/2015\/07\/DSC02791-1-1024x768.jpg 1024w\" sizes=\"auto, (max-width: 300px) 100vw, 300px\" \/><img loading=\"lazy\" decoding=\"async\" class=\"alignnone size-medium wp-image-1341\" src=\"http:\/\/museu.biblic.arqtgn.cat\/wp-content\/uploads\/sites\/34\/2015\/07\/DSC02753-300x225.jpg\" alt=\"\" width=\"300\" height=\"225\" srcset=\"https:\/\/museu.biblic.arqtgn.cat\/wp-content\/uploads\/sites\/34\/2015\/07\/DSC02753-300x225.jpg 300w, https:\/\/museu.biblic.arqtgn.cat\/wp-content\/uploads\/sites\/34\/2015\/07\/DSC02753-768x576.jpg 768w, https:\/\/museu.biblic.arqtgn.cat\/wp-content\/uploads\/sites\/34\/2015\/07\/DSC02753-1024x768.jpg 1024w\" sizes=\"auto, (max-width: 300px) 100vw, 300px\" \/><\/p>\n<p><strong>Duraci\u00f3n:<\/strong> 90 minutos.\u00a0<strong>Precio:<\/strong> 5 euros por alumno\/a (Incluye el material \u00a0y la monitorizaci\u00f3n). <strong>Destinatarios:<\/strong> Para todas la edades a partir de 8 a\u00f1os.<\/p>\n<p style=\"text-align: justify\"><strong>RESERVA DE \u00a0ACTIVIDADES EN EL MUSEO B\u00cdBLICO TARRACONENSE<\/strong> <strong> Telefono: 977 25 18 88<\/strong> <strong> Mail: museu.biblic@arqtgn.cat<\/strong><\/p>\n","protected":false},"excerpt":{"rendered":"<p>VISITA MONITORIZADA EN EL MUSEO B\u00cdBLICO TARRACONENSE:\u00a0El Museo B\u00edblico Tarraconense os ofrece la posibilidad de realizar un recorrido por la arqueolog\u00eda y la historia del Pr\u00f3ximo Oriente desde la Prehistoria hasta \u00e9poca bizantina y entender la evoluci\u00f3n de la cultura judeocristiana a lo largo del tiempo. Duraci\u00f3n: 60 minutos \/90 minutos (a convenir). Precio: Grupos<\/p>\n","protected":false},"author":34,"featured_media":0,"parent":0,"menu_order":0,"comment_status":"closed","ping_status":"closed","template":"page-template-full.php","meta":{"footnotes":""},"class_list":["post-2842","page","type-page","status-publish","hentry"],"amp_enabled":false,"_links":{"self":[{"href":"https:\/\/museu.biblic.arqtgn.cat\/es\/wp-json\/wp\/v2\/pages\/2842","targetHints":{"allow":["GET"]}}],"collection":[{"href":"https:\/\/museu.biblic.arqtgn.cat\/es\/wp-json\/wp\/v2\/pages"}],"about":[{"href":"https:\/\/museu.biblic.arqtgn.cat\/es\/wp-json\/wp\/v2\/types\/page"}],"author":[{"embeddable":true,"href":"https:\/\/museu.biblic.arqtgn.cat\/es\/wp-json\/wp\/v2\/users\/34"}],"replies":[{"embeddable":true,"href":"https:\/\/museu.biblic.arqtgn.cat\/es\/wp-json\/wp\/v2\/comments?post=2842"}],"version-history":[{"count":6,"href":"https:\/\/museu.biblic.arqtgn.cat\/es\/wp-json\/wp\/v2\/pages\/2842\/revisions"}],"predecessor-version":[{"id":3715,"href":"https:\/\/museu.biblic.arqtgn.cat\/es\/wp-json\/wp\/v2\/pages\/2842\/revisions\/3715"}],"wp:attachment":[{"href":"https:\/\/museu.biblic.arqtgn.cat\/es\/wp-json\/wp\/v2\/media?parent=2842"}],"curies":[{"name":"wp","href":"https:\/\/api.w.org\/{rel}","templated":true}]}}