{"id":2869,"date":"2020-12-23T18:20:29","date_gmt":"2020-12-23T17:20:29","guid":{"rendered":"http:\/\/museu.biblic.arqtgn.cat\/?page_id=2869"},"modified":"2023-05-08T12:56:08","modified_gmt":"2023-05-08T10:56:08","slug":"bibliografia","status":"publish","type":"page","link":"https:\/\/museu.biblic.arqtgn.cat\/es\/bibliografia\/","title":{"rendered":"BIBLIOGRAF\u00cdA"},"content":{"rendered":"<p>En este apartado se pueden descargar las publicaciones que ha realizado el Museo B\u00edblico, as\u00ed como los art\u00edculos que se han publicado sobre \u00e9l:<\/p>\n<p><a href=\"http:\/\/mbt.wp.arqtgn.cat\/wp-content\/uploads\/sites\/34\/2015\/08\/PortadaMBT.jpg\"><img loading=\"lazy\" decoding=\"async\" class=\"alignnone wp-image-657\" src=\"http:\/\/mbt.wp.arqtgn.cat\/wp-content\/uploads\/sites\/34\/2015\/08\/PortadaMBT-300x300.jpg\" alt=\"PortadaMBT\" width=\"232\" height=\"232\" srcset=\"https:\/\/museu.biblic.arqtgn.cat\/wp-content\/uploads\/sites\/34\/2015\/08\/PortadaMBT-300x300.jpg 300w, https:\/\/museu.biblic.arqtgn.cat\/wp-content\/uploads\/sites\/34\/2015\/08\/PortadaMBT-150x150.jpg 150w, https:\/\/museu.biblic.arqtgn.cat\/wp-content\/uploads\/sites\/34\/2015\/08\/PortadaMBT-1024x1021.jpg 1024w\" sizes=\"auto, (max-width: 232px) 100vw, 232px\" \/><\/a><\/p>\n<p><span style=\"color: #800000\"><strong>PDF:<\/strong><\/span>\u00a0<a href=\"http:\/\/museu.biblic.arqtgn.cat\/wp-content\/uploads\/sites\/34\/2015\/07\/Cat\u00e0leg-MBT.pdf\">Cat\u00e1logo Mvsevm Biblicvm Tarraconsense (2011)<\/a><\/p>\n<p><a href=\"http:\/\/mbt.wp.arqtgn.cat\/wp-content\/uploads\/sites\/34\/2015\/08\/cristians2.jpg\"><img loading=\"lazy\" decoding=\"async\" class=\"alignnone wp-image-743\" src=\"http:\/\/mbt.wp.arqtgn.cat\/wp-content\/uploads\/sites\/34\/2015\/08\/cristians2-300x300.jpg\" alt=\"cristians\" width=\"228\" height=\"228\" srcset=\"https:\/\/museu.biblic.arqtgn.cat\/wp-content\/uploads\/sites\/34\/2015\/08\/cristians2-300x300.jpg 300w, https:\/\/museu.biblic.arqtgn.cat\/wp-content\/uploads\/sites\/34\/2015\/08\/cristians2-150x150.jpg 150w, https:\/\/museu.biblic.arqtgn.cat\/wp-content\/uploads\/sites\/34\/2015\/08\/cristians2-1024x1019.jpg 1024w, https:\/\/museu.biblic.arqtgn.cat\/wp-content\/uploads\/sites\/34\/2015\/08\/cristians2.jpg 1306w\" sizes=\"auto, (max-width: 228px) 100vw, 228px\" \/><\/a><\/p>\n<p><span style=\"color: #800000\"><strong>PDF: <\/strong>\u00a0<a href=\"http:\/\/museu.biblic.arqtgn.cat\/wp-content\/uploads\/sites\/34\/2015\/08\/LLIBRE-CRISTIANS-1.pdf\">La Tarraco de los primeros cristianos (2014)<\/a><\/span><\/p>\n<p><img loading=\"lazy\" decoding=\"async\" class=\"alignnone wp-image-1316\" src=\"http:\/\/mbt.wp.arqtgn.cat\/wp-content\/uploads\/sites\/34\/2015\/08\/portada-AD-288x300.jpg\" alt=\"\" width=\"231\" height=\"241\" srcset=\"https:\/\/museu.biblic.arqtgn.cat\/wp-content\/uploads\/sites\/34\/2015\/08\/portada-AD-288x300.jpg 288w, https:\/\/museu.biblic.arqtgn.cat\/wp-content\/uploads\/sites\/34\/2015\/08\/portada-AD.jpg 300w\" sizes=\"auto, (max-width: 231px) 100vw, 231px\" \/><\/p>\n<p><span style=\"color: #993300;background-color: #ffffff\"><span style=\"color: #800000\"><strong>PDF:<\/strong><\/span>\u00a0<\/span><a href=\"http:\/\/museu.biblic.arqtgn.cat\/wp-content\/uploads\/sites\/34\/2015\/08\/LLIBRE-ANNO-DOMINI.pdf\">Anno Dimini. Una recreaci\u00f3n de la primera Navidad de la historia (2017)<\/a><\/p>\n<p><a href=\"http:\/\/mbt.wp.arqtgn.cat\/wp-content\/uploads\/sites\/34\/2015\/08\/Scan0011.jpg\"><img loading=\"lazy\" decoding=\"async\" class=\"alignnone wp-image-601\" src=\"http:\/\/mbt.wp.arqtgn.cat\/wp-content\/uploads\/sites\/34\/2015\/08\/Scan0011-300x261.jpg\" alt=\"Scan0011\" width=\"230\" height=\"200\" srcset=\"https:\/\/museu.biblic.arqtgn.cat\/wp-content\/uploads\/sites\/34\/2015\/08\/Scan0011-300x261.jpg 300w, https:\/\/museu.biblic.arqtgn.cat\/wp-content\/uploads\/sites\/34\/2015\/08\/Scan0011-1024x891.jpg 1024w, https:\/\/museu.biblic.arqtgn.cat\/wp-content\/uploads\/sites\/34\/2015\/08\/Scan0011.jpg 1883w\" sizes=\"auto, (max-width: 230px) 100vw, 230px\" \/><\/a><\/p>\n<p><span style=\"color: #800000\"><strong>PDF:<\/strong><\/span>\u00a0<a href=\"http:\/\/museu.biblic.arqtgn.cat\/wp-content\/uploads\/sites\/34\/2015\/08\/25-anys-BCI.pdf\">25 a\u00f1os BCI (2007)<\/a><\/p>\n<p><a href=\"http:\/\/mbt.wp.arqtgn.cat\/wp-content\/uploads\/sites\/34\/2015\/08\/11.1.jpg\"><img loading=\"lazy\" decoding=\"async\" class=\"alignnone wp-image-712\" src=\"http:\/\/mbt.wp.arqtgn.cat\/wp-content\/uploads\/sites\/34\/2015\/08\/11.1-298x300.jpg\" alt=\"11.1\" width=\"228\" height=\"230\" srcset=\"https:\/\/museu.biblic.arqtgn.cat\/wp-content\/uploads\/sites\/34\/2015\/08\/11.1-298x300.jpg 298w, https:\/\/museu.biblic.arqtgn.cat\/wp-content\/uploads\/sites\/34\/2015\/08\/11.1-150x150.jpg 150w, https:\/\/museu.biblic.arqtgn.cat\/wp-content\/uploads\/sites\/34\/2015\/08\/11.1-1016x1024.jpg 1016w, https:\/\/museu.biblic.arqtgn.cat\/wp-content\/uploads\/sites\/34\/2015\/08\/11.1.jpg 1346w\" sizes=\"auto, (max-width: 228px) 100vw, 228px\" \/><\/a><span style=\"color: #800000\"><strong>\u00a0<\/strong><\/span><\/p>\n<p><span style=\"color: #800000\"><strong>PDF:\u00a0<\/strong><a href=\"http:\/\/mbt.wp.arqtgn.cat\/wp-content\/uploads\/sites\/34\/2015\/08\/figuerolaFljubilar_03.pdf\"><em>Passio Fructuosi.<\/em>\u00a0Relieves de Antonio Oteiza (2008)<\/a><\/span><\/p>\n<p><a href=\"http:\/\/mbt.wp.arqtgn.cat\/wp-content\/uploads\/sites\/34\/2015\/08\/Sant-Pau-1.jpg\"><img loading=\"lazy\" decoding=\"async\" class=\"alignnone size-medium wp-image-658\" src=\"http:\/\/mbt.wp.arqtgn.cat\/wp-content\/uploads\/sites\/34\/2015\/08\/Sant-Pau-1-200x300.jpg\" alt=\"Sant Pau-1\" width=\"200\" height=\"300\" srcset=\"https:\/\/museu.biblic.arqtgn.cat\/wp-content\/uploads\/sites\/34\/2015\/08\/Sant-Pau-1-200x300.jpg 200w, https:\/\/museu.biblic.arqtgn.cat\/wp-content\/uploads\/sites\/34\/2015\/08\/Sant-Pau-1.jpg 397w\" sizes=\"auto, (max-width: 200px) 100vw, 200px\" \/><\/a><\/p>\n<p><span style=\"color: #800000\"><strong>PDF:\u00a0<\/strong><\/span><a href=\"http:\/\/museu.biblic.arqtgn.cat\/wp-content\/uploads\/sites\/34\/2015\/08\/Pav-de-Tars.-De-Jerusalem-a-T\u00e0rraco.pdf\">Pablo de Tarso. De Jerusal\u00e9n \u00a0a Tarraco (2009)<\/a><\/p>\n<p><a href=\"http:\/\/mbt.wp.arqtgn.cat\/wp-content\/uploads\/sites\/34\/2015\/08\/12.0.jpg\"><img loading=\"lazy\" decoding=\"async\" class=\"alignnone size-medium wp-image-721\" src=\"http:\/\/mbt.wp.arqtgn.cat\/wp-content\/uploads\/sites\/34\/2015\/08\/12.0-210x300.jpg\" alt=\"12.0\" width=\"210\" height=\"300\" srcset=\"https:\/\/museu.biblic.arqtgn.cat\/wp-content\/uploads\/sites\/34\/2015\/08\/12.0-210x300.jpg 210w, https:\/\/museu.biblic.arqtgn.cat\/wp-content\/uploads\/sites\/34\/2015\/08\/12.0-717x1024.jpg 717w, https:\/\/museu.biblic.arqtgn.cat\/wp-content\/uploads\/sites\/34\/2015\/08\/12.0.jpg 1181w\" sizes=\"auto, (max-width: 210px) 100vw, 210px\" \/><\/a><\/p>\n<p><span style=\"color: #800000\"><strong>PDF:\u00a0Lli\u00e7o inaugural Andreu Mu\u00f1oz<\/strong><\/span><\/p>\n<p><a href=\"http:\/\/mbt.wp.arqtgn.cat\/wp-content\/uploads\/sites\/34\/2015\/08\/Praesidium-Templum-et-Ecclesia-1.jpg\"><img loading=\"lazy\" decoding=\"async\" class=\"alignnone size-medium wp-image-661\" src=\"http:\/\/mbt.wp.arqtgn.cat\/wp-content\/uploads\/sites\/34\/2015\/08\/Praesidium-Templum-et-Ecclesia-1-300x199.jpg\" alt=\"Praesidium, Templum et Ecclesia-1\" width=\"300\" height=\"199\" srcset=\"https:\/\/museu.biblic.arqtgn.cat\/wp-content\/uploads\/sites\/34\/2015\/08\/Praesidium-Templum-et-Ecclesia-1-300x199.jpg 300w, https:\/\/museu.biblic.arqtgn.cat\/wp-content\/uploads\/sites\/34\/2015\/08\/Praesidium-Templum-et-Ecclesia-1.jpg 540w\" sizes=\"auto, (max-width: 300px) 100vw, 300px\" \/><\/a><\/p>\n<p><span style=\"color: #800000\"><strong>PDF:<\/strong> <\/span><a href=\"http:\/\/museu.biblic.arqtgn.cat\/wp-content\/uploads\/sites\/34\/2015\/08\/pdf-praesidium-templum-ecclesia-def.pdf\">Praesidivm Templvm et ecclesia (2012)<\/a><\/p>\n<p><a href=\"http:\/\/mbt.wp.arqtgn.cat\/wp-content\/uploads\/sites\/34\/2015\/08\/AMPHITHEATRUM.jpg\"><img loading=\"lazy\" decoding=\"async\" class=\"alignnone wp-image-667\" src=\"http:\/\/mbt.wp.arqtgn.cat\/wp-content\/uploads\/sites\/34\/2015\/08\/AMPHITHEATRUM-300x285.jpg\" alt=\"AMPHITHEATRUM\" width=\"247\" height=\"235\" srcset=\"https:\/\/museu.biblic.arqtgn.cat\/wp-content\/uploads\/sites\/34\/2015\/08\/AMPHITHEATRUM-300x285.jpg 300w, https:\/\/museu.biblic.arqtgn.cat\/wp-content\/uploads\/sites\/34\/2015\/08\/AMPHITHEATRUM-1024x974.jpg 1024w, https:\/\/museu.biblic.arqtgn.cat\/wp-content\/uploads\/sites\/34\/2015\/08\/AMPHITHEATRUM.jpg 1637w\" sizes=\"auto, (max-width: 247px) 100vw, 247px\" \/><\/a><\/p>\n<p><span style=\"color: #800000\"><strong>PDF:<\/strong><\/span>\u00a0<a href=\"http:\/\/museu.biblic.arqtgn.cat\/wp-content\/uploads\/sites\/34\/2015\/08\/AMPHITHEATRVM-MEMORIA-MARTYRVM-ET-ECCLESIAE.pdf\">Amphiteatrvm Memoria Martirvm et ecclesiae (2013)<\/a><\/p>\n<p><a href=\"http:\/\/mbt.wp.arqtgn.cat\/wp-content\/uploads\/sites\/34\/2015\/08\/tarraco-christiana-ciuitas.jpg\"><img loading=\"lazy\" decoding=\"async\" class=\"alignnone size-medium wp-image-670\" src=\"http:\/\/mbt.wp.arqtgn.cat\/wp-content\/uploads\/sites\/34\/2015\/08\/tarraco-christiana-ciuitas-215x300.jpg\" alt=\"tarraco-christiana-ciuitas\" width=\"215\" height=\"300\" srcset=\"https:\/\/museu.biblic.arqtgn.cat\/wp-content\/uploads\/sites\/34\/2015\/08\/tarraco-christiana-ciuitas-215x300.jpg 215w, https:\/\/museu.biblic.arqtgn.cat\/wp-content\/uploads\/sites\/34\/2015\/08\/tarraco-christiana-ciuitas.jpg 407w\" sizes=\"auto, (max-width: 215px) 100vw, 215px\" \/><\/a><\/p>\n<p><span style=\"color: #800000\"><strong>PDF:\u00a0<\/strong><\/span><a href=\"http:\/\/museu.biblic.arqtgn.cat\/wp-content\/uploads\/sites\/34\/2015\/08\/Tarraco-christiana-civitas.pdf\">Tarraco christiana civitas (2014)<\/a><\/p>\n<p><a href=\"http:\/\/mbt.wp.arqtgn.cat\/wp-content\/uploads\/sites\/34\/2015\/08\/2.0.jpg\"><img loading=\"lazy\" decoding=\"async\" class=\"alignnone size-medium wp-image-717\" src=\"http:\/\/mbt.wp.arqtgn.cat\/wp-content\/uploads\/sites\/34\/2015\/08\/2.0-197x300.jpg\" alt=\"2.0\" width=\"197\" height=\"300\" srcset=\"https:\/\/museu.biblic.arqtgn.cat\/wp-content\/uploads\/sites\/34\/2015\/08\/2.0-197x300.jpg 197w, https:\/\/museu.biblic.arqtgn.cat\/wp-content\/uploads\/sites\/34\/2015\/08\/2.0-672x1024.jpg 672w, https:\/\/museu.biblic.arqtgn.cat\/wp-content\/uploads\/sites\/34\/2015\/08\/2.0.jpg 1517w\" sizes=\"auto, (max-width: 197px) 100vw, 197px\" \/><\/a><\/p>\n<p><span style=\"color: #800000\"><strong>PDF:\u00a0<\/strong><a href=\"http:\/\/mbt.wp.arqtgn.cat\/wp-content\/uploads\/sites\/34\/2015\/08\/2.-IV-Jornades-de-Pedagogia-del-Patrimoni-Monumental.pdf\">Art\u00edculo \u00abEl Museu B\u00edblic Tarraconense: una eina pedag\u00f2gica per apropar la cultura b\u00edblica a l&#8217;escola\u00bb en\u00a0<em>IV Jornades de Pedagogia del Patrimoni Monumental <\/em>(2001)<\/a><\/span><\/p>\n<p><a href=\"http:\/\/mbt.wp.arqtgn.cat\/wp-content\/uploads\/sites\/34\/2015\/08\/3.0.jpg\"><img loading=\"lazy\" decoding=\"async\" class=\"alignnone size-medium wp-image-680\" src=\"http:\/\/mbt.wp.arqtgn.cat\/wp-content\/uploads\/sites\/34\/2015\/08\/3.0-205x300.jpg\" alt=\"3.0\" width=\"205\" height=\"300\" srcset=\"https:\/\/museu.biblic.arqtgn.cat\/wp-content\/uploads\/sites\/34\/2015\/08\/3.0-205x300.jpg 205w, https:\/\/museu.biblic.arqtgn.cat\/wp-content\/uploads\/sites\/34\/2015\/08\/3.0-700x1024.jpg 700w, https:\/\/museu.biblic.arqtgn.cat\/wp-content\/uploads\/sites\/34\/2015\/08\/3.0.jpg 1462w\" sizes=\"auto, (max-width: 205px) 100vw, 205px\" \/><\/a><\/p>\n<p><span style=\"color: #800000\"><strong>PDF:<\/strong><\/span>\u00a0<a href=\"http:\/\/mbt.wp.arqtgn.cat\/wp-content\/uploads\/sites\/34\/2015\/08\/3.-ARS-SACRA.pdf\">Art\u00edculo revista: \u00abEl Museo B\u00edblico Tarraconense (Arzobispado de Tarragona)\u00bb en <em>Ars Sacra<\/em> (2008)<\/a><\/p>\n<p><a href=\"http:\/\/mbt.wp.arqtgn.cat\/wp-content\/uploads\/sites\/34\/2014\/11\/vidre.jpg\"><img loading=\"lazy\" decoding=\"async\" class=\"alignnone wp-image-194\" src=\"http:\/\/mbt.wp.arqtgn.cat\/wp-content\/uploads\/sites\/34\/2014\/11\/vidre.jpg\" alt=\"vidre\" width=\"126\" height=\"177\" \/><\/a><a href=\"http:\/\/mbt.wp.arqtgn.cat\/wp-content\/uploads\/sites\/34\/2014\/11\/bronze.jpg\"><img loading=\"lazy\" decoding=\"async\" class=\"alignnone wp-image-193\" src=\"http:\/\/mbt.wp.arqtgn.cat\/wp-content\/uploads\/sites\/34\/2014\/11\/bronze.jpg\" alt=\"bronze\" width=\"125\" height=\"176\" \/><\/a> <a href=\"http:\/\/mbt.wp.arqtgn.cat\/wp-content\/uploads\/sites\/34\/2014\/11\/ivorios.jpg\"><img loading=\"lazy\" decoding=\"async\" class=\"alignnone wp-image-192\" src=\"http:\/\/mbt.wp.arqtgn.cat\/wp-content\/uploads\/sites\/34\/2014\/11\/ivorios.jpg\" alt=\"ivorios\" width=\"127\" height=\"179\" \/><\/a><\/p>\n<p><span style=\"color: #800000\"><strong>PDF Colecci\u00f3n:<\/strong><\/span>\u00a0<em><a href=\"http:\/\/museu.biblic.arqtgn.cat\/wp-content\/uploads\/sites\/34\/2015\/08\/6.-El-vidre-en-museus-de-les-comarques-de-Tarragona.pdf\">El vidre <\/a>\/<a href=\"http:\/\/museu.biblic.arqtgn.cat\/wp-content\/uploads\/sites\/34\/2015\/08\/7.-El-bronze-en-museus-de-les-comarques-de-Tarragona.pdf\">El bronze<\/a>\/<a href=\"http:\/\/museu.biblic.arqtgn.cat\/wp-content\/uploads\/sites\/34\/2015\/08\/8.-Livori-i-los-en-museus-de-les-comarques-de-Tarragona1.pdf\">L&#8217;ivori i l&#8217;os en el Museo B\u00edblico\u00a0<\/a><\/em><a href=\"http:\/\/museu.biblic.arqtgn.cat\/wp-content\/uploads\/sites\/34\/2015\/08\/8.-Livori-i-los-en-museus-de-les-comarques-de-Tarragona1.pdf\">(2002\/2004)<\/a><\/p>\n<p><a href=\"http:\/\/museu.biblic.arqtgn.cat\/wp-content\/uploads\/sites\/34\/2015\/08\/978-84-92839-81-0.jpg\"><img loading=\"lazy\" decoding=\"async\" class=\"alignnone wp-image-690\" src=\"http:\/\/museu.biblic.arqtgn.cat\/wp-content\/uploads\/sites\/34\/2015\/08\/978-84-92839-81-0.jpg\" alt=\"978-84-92839-81-0\" width=\"194\" height=\"194\" \/><\/a><\/p>\n<p><span style=\"color: #800000\"><strong>PDF:\u00a0<\/strong><\/span><a href=\"http:\/\/mbt.wp.arqtgn.cat\/wp-content\/uploads\/sites\/34\/2015\/08\/1.-25-aniversari.-Biblioteca-hemeroteca-municipal-de-Tarragona.pdf\">Art\u00edculo: \u00abReconstruint la hist\u00f2ria del Museu B\u00edblic Tarraconense des de la Biblioteca Hemeroteca Municipal de Tarragona\u00bb en\u00a0<em>25 aniversari. BHMT <\/em>(2010)<\/a><\/p>\n<p><a href=\"http:\/\/mbt.wp.arqtgn.cat\/wp-content\/uploads\/sites\/34\/2015\/08\/5.0.jpg\"><img loading=\"lazy\" decoding=\"async\" class=\"alignnone wp-image-694\" src=\"http:\/\/mbt.wp.arqtgn.cat\/wp-content\/uploads\/sites\/34\/2015\/08\/5.0-241x300.jpg\" alt=\"5.0\" width=\"216\" height=\"269\" srcset=\"https:\/\/museu.biblic.arqtgn.cat\/wp-content\/uploads\/sites\/34\/2015\/08\/5.0-241x300.jpg 241w, https:\/\/museu.biblic.arqtgn.cat\/wp-content\/uploads\/sites\/34\/2015\/08\/5.0-823x1024.jpg 823w, https:\/\/museu.biblic.arqtgn.cat\/wp-content\/uploads\/sites\/34\/2015\/08\/5.0.jpg 1622w\" sizes=\"auto, (max-width: 216px) 100vw, 216px\" \/><\/a><\/p>\n<p><span style=\"color: #800000\"><strong>PDF:<\/strong><\/span>\u00a0<a href=\"http:\/\/mbt.wp.arqtgn.cat\/wp-content\/uploads\/sites\/34\/2015\/08\/5.-Foc-Nou-2008.pdf\">Art\u00edculo revista: \u00abVeure la B\u00edblia\u00bb en \u00a0<em>Foc Nou<\/em> (2008)<\/a><\/p>\n<p><a href=\"http:\/\/mbt.wp.arqtgn.cat\/wp-content\/uploads\/sites\/34\/2015\/08\/4.0.jpg\"><img loading=\"lazy\" decoding=\"async\" class=\"alignnone wp-image-698\" src=\"http:\/\/mbt.wp.arqtgn.cat\/wp-content\/uploads\/sites\/34\/2015\/08\/4.0-300x279.jpg\" alt=\"4.0\" width=\"252\" height=\"234\" srcset=\"https:\/\/museu.biblic.arqtgn.cat\/wp-content\/uploads\/sites\/34\/2015\/08\/4.0-300x279.jpg 300w, https:\/\/museu.biblic.arqtgn.cat\/wp-content\/uploads\/sites\/34\/2015\/08\/4.0-1024x954.jpg 1024w, https:\/\/museu.biblic.arqtgn.cat\/wp-content\/uploads\/sites\/34\/2015\/08\/4.0.jpg 1562w\" sizes=\"auto, (max-width: 252px) 100vw, 252px\" \/><\/a><\/p>\n<p><span style=\"color: #800000\"><strong>PDF:<\/strong><\/span>\u00a0<a href=\"http:\/\/mbt.wp.arqtgn.cat\/wp-content\/uploads\/sites\/34\/2015\/08\/4.-Rese\u00f1a-B\u00edblica-2014.pdf\">Art\u00edculo: \u00abEl Museo B\u00edblico Tarraconense: una oportunidad pastoral\u00bb en\u00a0<em>Rese\u00f1a B\u00edblica <\/em>(2014)<\/a><\/p>\n<p><a href=\"http:\/\/mbt.wp.arqtgn.cat\/wp-content\/uploads\/sites\/34\/2015\/08\/2010.jpg\"><img loading=\"lazy\" decoding=\"async\" class=\"alignnone size-medium wp-image-704\" src=\"http:\/\/mbt.wp.arqtgn.cat\/wp-content\/uploads\/sites\/34\/2015\/08\/2010-212x300.jpg\" alt=\"2010\" width=\"212\" height=\"300\" srcset=\"https:\/\/museu.biblic.arqtgn.cat\/wp-content\/uploads\/sites\/34\/2015\/08\/2010-212x300.jpg 212w, https:\/\/museu.biblic.arqtgn.cat\/wp-content\/uploads\/sites\/34\/2015\/08\/2010-725x1024.jpg 725w, https:\/\/museu.biblic.arqtgn.cat\/wp-content\/uploads\/sites\/34\/2015\/08\/2010.jpg 1133w\" sizes=\"auto, (max-width: 212px) 100vw, 212px\" \/><\/a><\/p>\n<p><span style=\"color: #800000\"><strong>PDF:\u00a0<\/strong><\/span><a href=\"http:\/\/mbt.wp.arqtgn.cat\/wp-content\/uploads\/sites\/34\/2015\/08\/10.-Setmana-Santa-2010.pdf\">Art\u00edculo: \u00abJes\u00fas de Natzaret i el temple de Jerusalem\u00bb en <em>Revista AASST<\/em> (2010<\/a>)<\/p>\n<p><a href=\"http:\/\/mbt.wp.arqtgn.cat\/wp-content\/uploads\/sites\/34\/2015\/08\/opaasst2015.jpg\"><img loading=\"lazy\" decoding=\"async\" class=\"alignnone size-medium wp-image-706\" src=\"http:\/\/mbt.wp.arqtgn.cat\/wp-content\/uploads\/sites\/34\/2015\/08\/opaasst2015-213x300.jpg\" alt=\"opaasst2015\" width=\"213\" height=\"300\" srcset=\"https:\/\/museu.biblic.arqtgn.cat\/wp-content\/uploads\/sites\/34\/2015\/08\/opaasst2015-213x300.jpg 213w, https:\/\/museu.biblic.arqtgn.cat\/wp-content\/uploads\/sites\/34\/2015\/08\/opaasst2015-726x1024.jpg 726w, https:\/\/museu.biblic.arqtgn.cat\/wp-content\/uploads\/sites\/34\/2015\/08\/opaasst2015.jpg 1134w\" sizes=\"auto, (max-width: 213px) 100vw, 213px\" \/><\/a><\/p>\n<p><span style=\"color: #800000\"><strong>PDF:<\/strong><\/span>\u00a0<a href=\"http:\/\/mbt.wp.arqtgn.cat\/wp-content\/uploads\/sites\/34\/2015\/08\/9.-Setmana-Santa-2015.pdf\">Art\u00edculo: \u00abLes representacions de la crucifixi\u00f3 m\u00e9s antigues del m\u00f3n\u00bb en<em> Revista AASST<\/em> (2015)<\/a><\/p>\n<p><img loading=\"lazy\" decoding=\"async\" class=\"alignnone size-medium wp-image-1324\" src=\"http:\/\/mbt.wp.arqtgn.cat\/wp-content\/uploads\/sites\/34\/2015\/08\/2017_tarragona-300x170.jpg\" alt=\"\" width=\"300\" height=\"170\" srcset=\"https:\/\/museu.biblic.arqtgn.cat\/wp-content\/uploads\/sites\/34\/2015\/08\/2017_tarragona-300x170.jpg 300w, https:\/\/museu.biblic.arqtgn.cat\/wp-content\/uploads\/sites\/34\/2015\/08\/2017_tarragona-768x436.jpg 768w, https:\/\/museu.biblic.arqtgn.cat\/wp-content\/uploads\/sites\/34\/2015\/08\/2017_tarragona.jpg 960w\" sizes=\"auto, (max-width: 300px) 100vw, 300px\" \/><\/p>\n<p><span style=\"color: #800000\">PDF:<\/span>\u00a0<a href=\"http:\/\/mbt.wp.arqtgn.cat\/wp-content\/uploads\/sites\/34\/2015\/08\/Article-Santa-Espina-Tarragona.pdf\">Art\u00edculo: \u00abLa rel\u00edquia de la Santa Espina a la Catedral\u00bb a <em>Revista AASST<\/em> (2017)<\/a><\/p>\n<p><img loading=\"lazy\" decoding=\"async\" class=\"alignnone size-medium wp-image-1326\" src=\"http:\/\/mbt.wp.arqtgn.cat\/wp-content\/uploads\/sites\/34\/2015\/08\/17807322_1343576795727391_4563274237199792638_o-207x300.jpg\" alt=\"\" width=\"207\" height=\"300\" srcset=\"https:\/\/museu.biblic.arqtgn.cat\/wp-content\/uploads\/sites\/34\/2015\/08\/17807322_1343576795727391_4563274237199792638_o-207x300.jpg 207w, https:\/\/museu.biblic.arqtgn.cat\/wp-content\/uploads\/sites\/34\/2015\/08\/17807322_1343576795727391_4563274237199792638_o.jpg 480w\" sizes=\"auto, (max-width: 207px) 100vw, 207px\" \/><\/p>\n<p><strong><span style=\"color: #800000\">PDF:<a href=\"http:\/\/mbt.wp.arqtgn.cat\/wp-content\/uploads\/sites\/34\/2015\/08\/article-maqueta-sant-sepulcre.pdf\">Art\u00edculo: \u00abUn diorama del Sant Sepulcre al Museu B\u00edblic Tarraconense\u00bb a <em>Opuscle RGJN de Tarragona<\/em> (2017)<\/a><\/span><\/strong><\/p>\n<p><img loading=\"lazy\" decoding=\"async\" class=\"alignnone  wp-image-3583\" src=\"http:\/\/museu.biblic.arqtgn.cat\/wp-content\/uploads\/sites\/34\/2023\/05\/Pere-Batlle.-Exposicio-300x249.png\" alt=\"\" width=\"245\" height=\"203\" srcset=\"https:\/\/museu.biblic.arqtgn.cat\/wp-content\/uploads\/sites\/34\/2023\/05\/Pere-Batlle.-Exposicio-300x249.png 300w, https:\/\/museu.biblic.arqtgn.cat\/wp-content\/uploads\/sites\/34\/2023\/05\/Pere-Batlle.-Exposicio-1024x849.png 1024w, https:\/\/museu.biblic.arqtgn.cat\/wp-content\/uploads\/sites\/34\/2023\/05\/Pere-Batlle.-Exposicio-768x637.png 768w, https:\/\/museu.biblic.arqtgn.cat\/wp-content\/uploads\/sites\/34\/2023\/05\/Pere-Batlle.-Exposicio-1536x1274.png 1536w, https:\/\/museu.biblic.arqtgn.cat\/wp-content\/uploads\/sites\/34\/2023\/05\/Pere-Batlle.-Exposicio-2048x1698.png 2048w\" sizes=\"auto, (max-width: 245px) 100vw, 245px\" \/><\/p>\n<p><strong>PDF:<\/strong> <a href=\"http:\/\/museu.biblic.arqtgn.cat\/wp-content\/uploads\/sites\/34\/2023\/05\/LLIBRE-PERE-BATLLE-2023.pdf\">LLIBRE PERE BATLLE 2023<\/a><\/p>\n<p>&nbsp;<\/p>\n","protected":false},"excerpt":{"rendered":"<p>En este apartado se pueden descargar las publicaciones que ha realizado el Museo B\u00edblico, as\u00ed como los art\u00edculos que se han publicado sobre \u00e9l: PDF:\u00a0Cat\u00e1logo Mvsevm Biblicvm Tarraconsense (2011) PDF: \u00a0La Tarraco de los primeros cristianos (2014) PDF:\u00a0Anno Dimini. Una recreaci\u00f3n de la primera Navidad de la historia (2017) PDF:\u00a025 a\u00f1os BCI (2007) \u00a0 PDF:\u00a0Passio<\/p>\n","protected":false},"author":34,"featured_media":0,"parent":0,"menu_order":0,"comment_status":"closed","ping_status":"closed","template":"page-template-full.php","meta":{"footnotes":""},"class_list":["post-2869","page","type-page","status-publish","hentry"],"amp_enabled":false,"_links":{"self":[{"href":"https:\/\/museu.biblic.arqtgn.cat\/es\/wp-json\/wp\/v2\/pages\/2869","targetHints":{"allow":["GET"]}}],"collection":[{"href":"https:\/\/museu.biblic.arqtgn.cat\/es\/wp-json\/wp\/v2\/pages"}],"about":[{"href":"https:\/\/museu.biblic.arqtgn.cat\/es\/wp-json\/wp\/v2\/types\/page"}],"author":[{"embeddable":true,"href":"https:\/\/museu.biblic.arqtgn.cat\/es\/wp-json\/wp\/v2\/users\/34"}],"replies":[{"embeddable":true,"href":"https:\/\/museu.biblic.arqtgn.cat\/es\/wp-json\/wp\/v2\/comments?post=2869"}],"version-history":[{"count":2,"href":"https:\/\/museu.biblic.arqtgn.cat\/es\/wp-json\/wp\/v2\/pages\/2869\/revisions"}],"predecessor-version":[{"id":3588,"href":"https:\/\/museu.biblic.arqtgn.cat\/es\/wp-json\/wp\/v2\/pages\/2869\/revisions\/3588"}],"wp:attachment":[{"href":"https:\/\/museu.biblic.arqtgn.cat\/es\/wp-json\/wp\/v2\/media?parent=2869"}],"curies":[{"name":"wp","href":"https:\/\/api.w.org\/{rel}","templated":true}]}}