{"id":2933,"date":"2020-12-23T18:22:04","date_gmt":"2020-12-23T17:22:04","guid":{"rendered":"http:\/\/museu.biblic.arqtgn.cat\/?page_id=2933"},"modified":"2025-01-09T10:54:26","modified_gmt":"2025-01-09T09:54:26","slug":"tienda-del-mbt","status":"publish","type":"page","link":"https:\/\/museu.biblic.arqtgn.cat\/es\/tienda-del-mbt\/","title":{"rendered":"TIENDA DEL MBT"},"content":{"rendered":"<p><a href=\"https:\/\/museu.biblic.arqtgn.cat\/wp-content\/uploads\/sites\/34\/2015\/08\/cristians-300x300.jpg\"><img loading=\"lazy\" decoding=\"async\" class=\"alignnone wp-image-588\" src=\"https:\/\/museu.biblic.arqtgn.cat\/wp-content\/uploads\/sites\/34\/2015\/08\/cristians-300x300.jpg\" alt=\"cristians\" width=\"269\" height=\"269\" srcset=\"https:\/\/museu.biblic.arqtgn.cat\/wp-content\/uploads\/sites\/34\/2015\/08\/cristians-300x300.jpg 300w, https:\/\/museu.biblic.arqtgn.cat\/wp-content\/uploads\/sites\/34\/2015\/08\/cristians-150x150.jpg 150w, https:\/\/museu.biblic.arqtgn.cat\/wp-content\/uploads\/sites\/34\/2015\/08\/cristians-1024x1019.jpg 1024w, https:\/\/museu.biblic.arqtgn.cat\/wp-content\/uploads\/sites\/34\/2015\/08\/cristians.jpg 1306w\" sizes=\"auto, (max-width: 269px) 100vw, 269px\" \/><\/a><\/p>\n<p><strong>La Tarraco de los primeros cristianos:<\/strong> 15 euros<\/p>\n<p><img loading=\"lazy\" decoding=\"async\" class=\"alignnone size-medium wp-image-1316\" src=\"https:\/\/museu.biblic.arqtgn.cat\/wp-content\/uploads\/sites\/34\/2015\/08\/portada-AD-288x300.jpg\" alt=\"\" width=\"288\" height=\"300\" srcset=\"https:\/\/museu.biblic.arqtgn.cat\/wp-content\/uploads\/sites\/34\/2015\/08\/portada-AD-288x300.jpg 288w, https:\/\/museu.biblic.arqtgn.cat\/wp-content\/uploads\/sites\/34\/2015\/08\/portada-AD.jpg 300w\" sizes=\"auto, (max-width: 288px) 100vw, 288px\" \/><\/p>\n<p><strong>Anno Domini: Una recreaci\u00f3n de la primera Navidad de la historia:<\/strong> Libro+DVD: 15 euros<\/p>\n<p><a href=\"https:\/\/museu.biblic.arqtgn.cat\/wp-content\/uploads\/sites\/34\/2015\/08\/1-248x300.jpg\"><img loading=\"lazy\" decoding=\"async\" class=\"alignnone size-medium wp-image-602\" src=\"https:\/\/museu.biblic.arqtgn.cat\/wp-content\/uploads\/sites\/34\/2015\/08\/1-248x300.jpg\" alt=\"1\" width=\"248\" height=\"300\" srcset=\"https:\/\/museu.biblic.arqtgn.cat\/wp-content\/uploads\/sites\/34\/2015\/08\/1-248x300.jpg 248w, https:\/\/museu.biblic.arqtgn.cat\/wp-content\/uploads\/sites\/34\/2015\/08\/1-845x1024.jpg 845w, https:\/\/museu.biblic.arqtgn.cat\/wp-content\/uploads\/sites\/34\/2015\/08\/1.jpg 1366w\" sizes=\"auto, (max-width: 248px) 100vw, 248px\" \/><\/a><\/p>\n<p><strong>Panorama B\u00edblico:<\/strong> 5 euros<\/p>\n<p><a href=\"https:\/\/museu.biblic.arqtgn.cat\/wp-content\/uploads\/sites\/34\/2015\/08\/233007-220x300.jpg\"><img loading=\"lazy\" decoding=\"async\" class=\"alignnone wp-image-598\" src=\"https:\/\/museu.biblic.arqtgn.cat\/wp-content\/uploads\/sites\/34\/2015\/08\/233007-220x300.jpg\" alt=\"233007\" width=\"232\" height=\"316\" srcset=\"https:\/\/museu.biblic.arqtgn.cat\/wp-content\/uploads\/sites\/34\/2015\/08\/233007-220x300.jpg 220w, https:\/\/museu.biblic.arqtgn.cat\/wp-content\/uploads\/sites\/34\/2015\/08\/233007.jpg 280w\" sizes=\"auto, (max-width: 232px) 100vw, 232px\" \/><\/a><\/p>\n<p><strong>Biblia de la Comunidad:<\/strong> 60 euros<\/p>\n<p><a href=\"https:\/\/museu.biblic.arqtgn.cat\/wp-content\/uploads\/sites\/34\/2015\/08\/Scan0011-300x261.jpg\"><img loading=\"lazy\" decoding=\"async\" class=\"alignnone size-medium wp-image-601\" src=\"https:\/\/museu.biblic.arqtgn.cat\/wp-content\/uploads\/sites\/34\/2015\/08\/Scan0011-300x261.jpg\" alt=\"Scan0011\" width=\"300\" height=\"261\" srcset=\"https:\/\/museu.biblic.arqtgn.cat\/wp-content\/uploads\/sites\/34\/2015\/08\/Scan0011-300x261.jpg 300w, https:\/\/museu.biblic.arqtgn.cat\/wp-content\/uploads\/sites\/34\/2015\/08\/Scan0011-1024x891.jpg 1024w, https:\/\/museu.biblic.arqtgn.cat\/wp-content\/uploads\/sites\/34\/2015\/08\/Scan0011.jpg 1883w\" sizes=\"auto, (max-width: 300px) 100vw, 300px\" \/><\/a><\/p>\n<p><strong>25 a\u00f1os de la BCI:<\/strong> 5 euros<\/p>\n<p><a href=\"https:\/\/museu.biblic.arqtgn.cat\/wp-content\/uploads\/sites\/34\/2015\/08\/2-217x300.jpg\"><img loading=\"lazy\" decoding=\"async\" class=\"alignnone size-medium wp-image-603\" src=\"https:\/\/museu.biblic.arqtgn.cat\/wp-content\/uploads\/sites\/34\/2015\/08\/2-217x300.jpg\" alt=\"2\" width=\"217\" height=\"300\" srcset=\"https:\/\/museu.biblic.arqtgn.cat\/wp-content\/uploads\/sites\/34\/2015\/08\/2-217x300.jpg 217w, https:\/\/museu.biblic.arqtgn.cat\/wp-content\/uploads\/sites\/34\/2015\/08\/2-739x1024.jpg 739w, https:\/\/museu.biblic.arqtgn.cat\/wp-content\/uploads\/sites\/34\/2015\/08\/2.jpg 1158w\" sizes=\"auto, (max-width: 217px) 100vw, 217px\" \/><\/a><\/p>\n<p><strong>La m\u00fasica en la Biblia:<\/strong> 5 euros<\/p>\n<p><a href=\"https:\/\/museu.biblic.arqtgn.cat\/wp-content\/uploads\/sites\/34\/2015\/08\/Scan0010-300x98.jpg\"><img loading=\"lazy\" decoding=\"async\" class=\"alignnone wp-image-604\" src=\"https:\/\/museu.biblic.arqtgn.cat\/wp-content\/uploads\/sites\/34\/2015\/08\/Scan0010-300x98.jpg\" alt=\"Scan0010\" width=\"361\" height=\"118\" srcset=\"https:\/\/museu.biblic.arqtgn.cat\/wp-content\/uploads\/sites\/34\/2015\/08\/Scan0010-300x98.jpg 300w, https:\/\/museu.biblic.arqtgn.cat\/wp-content\/uploads\/sites\/34\/2015\/08\/Scan0010-1024x335.jpg 1024w, https:\/\/museu.biblic.arqtgn.cat\/wp-content\/uploads\/sites\/34\/2015\/08\/Scan0010.jpg 1982w\" sizes=\"auto, (max-width: 361px) 100vw, 361px\" \/><\/a><\/p>\n<p><strong>El sarc\u00f3fago de Bethesda:<\/strong> 3 euros<\/p>\n<p><a href=\"https:\/\/museu.biblic.arqtgn.cat\/wp-content\/uploads\/sites\/34\/2015\/08\/Pessebre-300x231.jpg\"><img loading=\"lazy\" decoding=\"async\" class=\"alignnone size-medium wp-image-606\" src=\"https:\/\/museu.biblic.arqtgn.cat\/wp-content\/uploads\/sites\/34\/2015\/08\/Pessebre-300x231.jpg\" alt=\"Pessebre\" width=\"300\" height=\"231\" srcset=\"https:\/\/museu.biblic.arqtgn.cat\/wp-content\/uploads\/sites\/34\/2015\/08\/Pessebre-300x231.jpg 300w, https:\/\/museu.biblic.arqtgn.cat\/wp-content\/uploads\/sites\/34\/2015\/08\/Pessebre-1024x789.jpg 1024w, https:\/\/museu.biblic.arqtgn.cat\/wp-content\/uploads\/sites\/34\/2015\/08\/Pessebre.jpg 1947w\" sizes=\"auto, (max-width: 300px) 100vw, 300px\" \/><\/a><\/p>\n<p><strong>Recortable pesebre:<\/strong> 1 euro<\/p>\n<p>&nbsp;<\/p>\n","protected":false},"excerpt":{"rendered":"<p>La Tarraco de los primeros cristianos: 15 euros Anno Domini: Una recreaci\u00f3n de la primera Navidad de la historia: Libro+DVD: 15 euros Panorama B\u00edblico: 5 euros Biblia de la Comunidad: 60 euros 25 a\u00f1os de la BCI: 5 euros La m\u00fasica en la Biblia: 5 euros El sarc\u00f3fago de Bethesda: 3 euros Recortable pesebre: 1<\/p>\n","protected":false},"author":34,"featured_media":0,"parent":0,"menu_order":0,"comment_status":"closed","ping_status":"closed","template":"page-template-full.php","meta":{"footnotes":""},"class_list":["post-2933","page","type-page","status-publish","hentry"],"amp_enabled":false,"_links":{"self":[{"href":"https:\/\/museu.biblic.arqtgn.cat\/es\/wp-json\/wp\/v2\/pages\/2933","targetHints":{"allow":["GET"]}}],"collection":[{"href":"https:\/\/museu.biblic.arqtgn.cat\/es\/wp-json\/wp\/v2\/pages"}],"about":[{"href":"https:\/\/museu.biblic.arqtgn.cat\/es\/wp-json\/wp\/v2\/types\/page"}],"author":[{"embeddable":true,"href":"https:\/\/museu.biblic.arqtgn.cat\/es\/wp-json\/wp\/v2\/users\/34"}],"replies":[{"embeddable":true,"href":"https:\/\/museu.biblic.arqtgn.cat\/es\/wp-json\/wp\/v2\/comments?post=2933"}],"version-history":[{"count":2,"href":"https:\/\/museu.biblic.arqtgn.cat\/es\/wp-json\/wp\/v2\/pages\/2933\/revisions"}],"predecessor-version":[{"id":3935,"href":"https:\/\/museu.biblic.arqtgn.cat\/es\/wp-json\/wp\/v2\/pages\/2933\/revisions\/3935"}],"wp:attachment":[{"href":"https:\/\/museu.biblic.arqtgn.cat\/es\/wp-json\/wp\/v2\/media?parent=2933"}],"curies":[{"name":"wp","href":"https:\/\/api.w.org\/{rel}","templated":true}]}}