{"id":2946,"date":"2020-12-23T18:23:00","date_gmt":"2020-12-23T17:23:00","guid":{"rendered":"http:\/\/museu.biblic.arqtgn.cat\/?page_id=2946"},"modified":"2020-12-23T18:44:57","modified_gmt":"2020-12-23T17:44:57","slug":"contacto","status":"publish","type":"page","link":"https:\/\/museu.biblic.arqtgn.cat\/es\/contacto\/","title":{"rendered":"CONTACTO"},"content":{"rendered":"<p><a href=\"http:\/\/mbt.wp.arqtgn.cat\/wp-content\/uploads\/sites\/34\/2014\/10\/logo4.jpg\"><img loading=\"lazy\" decoding=\"async\" class=\"alignnone wp-image-31\" src=\"http:\/\/mbt.wp.arqtgn.cat\/wp-content\/uploads\/sites\/34\/2014\/10\/logo4.jpg\" alt=\"logo\" width=\"286\" height=\"81\" \/><\/a><\/p>\n<p><strong>Museo B\u00edblico Tarraconense<\/strong><br \/>\nC\/ de les Coques 1-C<br \/>\n43003 Tarragona<br \/>\n<strong>Director:<\/strong> Andreu Mu\u00f1oz Melgar <strong>Conservaci\u00f3n y servicio pedag\u00f3gico:<\/strong> M\u00edriam Ramon Mas<br \/>\n<strong>P\u00e1gina web:<\/strong> http:\/\/museu.biblic.arqtgn.cat<br \/>\n<strong>Correo electr\u00f3nico:<\/strong> museu.biblic@arqtgn.cat<br \/>\n<strong>Telefono:<\/strong> 977 251 888 Fax: 977 251 847<\/p>\n","protected":false},"excerpt":{"rendered":"<p>Museo B\u00edblico Tarraconense C\/ de les Coques 1-C 43003 Tarragona Director: Andreu Mu\u00f1oz Melgar Conservaci\u00f3n y servicio pedag\u00f3gico: M\u00edriam Ramon Mas P\u00e1gina web: http:\/\/museu.biblic.arqtgn.cat Correo electr\u00f3nico: museu.biblic@arqtgn.cat Telefono: 977 251 888 Fax: 977 251 847<\/p>\n","protected":false},"author":34,"featured_media":0,"parent":0,"menu_order":0,"comment_status":"closed","ping_status":"closed","template":"page-template-full.php","meta":{"footnotes":""},"class_list":["post-2946","page","type-page","status-publish","hentry"],"amp_enabled":false,"_links":{"self":[{"href":"https:\/\/museu.biblic.arqtgn.cat\/es\/wp-json\/wp\/v2\/pages\/2946","targetHints":{"allow":["GET"]}}],"collection":[{"href":"https:\/\/museu.biblic.arqtgn.cat\/es\/wp-json\/wp\/v2\/pages"}],"about":[{"href":"https:\/\/museu.biblic.arqtgn.cat\/es\/wp-json\/wp\/v2\/types\/page"}],"author":[{"embeddable":true,"href":"https:\/\/museu.biblic.arqtgn.cat\/es\/wp-json\/wp\/v2\/users\/34"}],"replies":[{"embeddable":true,"href":"https:\/\/museu.biblic.arqtgn.cat\/es\/wp-json\/wp\/v2\/comments?post=2946"}],"version-history":[{"count":1,"href":"https:\/\/museu.biblic.arqtgn.cat\/es\/wp-json\/wp\/v2\/pages\/2946\/revisions"}],"predecessor-version":[{"id":2947,"href":"https:\/\/museu.biblic.arqtgn.cat\/es\/wp-json\/wp\/v2\/pages\/2946\/revisions\/2947"}],"wp:attachment":[{"href":"https:\/\/museu.biblic.arqtgn.cat\/es\/wp-json\/wp\/v2\/media?parent=2946"}],"curies":[{"name":"wp","href":"https:\/\/api.w.org\/{rel}","templated":true}]}}