{"id":2952,"date":"2020-12-23T18:24:21","date_gmt":"2020-12-23T17:24:21","guid":{"rendered":"http:\/\/museu.biblic.arqtgn.cat\/?page_id=2952"},"modified":"2020-12-23T18:44:57","modified_gmt":"2020-12-23T17:44:57","slug":"la-casa-de-los-concilios-sede-del-museo-biblico","status":"publish","type":"page","link":"https:\/\/museu.biblic.arqtgn.cat\/es\/la-casa-de-los-concilios-sede-del-museo-biblico\/","title":{"rendered":"LA CASA DE LOS CONCILIOS: SEDE DEL MUSEO B\u00cdBLICO"},"content":{"rendered":"<p style=\"text-align: justify;\"><a href=\"http:\/\/mbt.wp.arqtgn.cat\/wp-content\/uploads\/sites\/34\/2015\/07\/398_Casa_dels_Concilis_c._de_les_Coques_1.jpg\"><img loading=\"lazy\" decoding=\"async\" class=\"wp-image-323 alignright\" src=\"http:\/\/mbt.wp.arqtgn.cat\/wp-content\/uploads\/sites\/34\/2015\/07\/398_Casa_dels_Concilis_c._de_les_Coques_1-225x300.jpg\" alt=\"398_Casa_dels_Concilis,_c._de_les_Coques_1\" width=\"278\" height=\"371\" srcset=\"https:\/\/museu.biblic.arqtgn.cat\/wp-content\/uploads\/sites\/34\/2015\/07\/398_Casa_dels_Concilis_c._de_les_Coques_1-225x300.jpg 225w, https:\/\/museu.biblic.arqtgn.cat\/wp-content\/uploads\/sites\/34\/2015\/07\/398_Casa_dels_Concilis_c._de_les_Coques_1-768x1024.jpg 768w, https:\/\/museu.biblic.arqtgn.cat\/wp-content\/uploads\/sites\/34\/2015\/07\/398_Casa_dels_Concilis_c._de_les_Coques_1.jpg 800w\" sizes=\"auto, (max-width: 278px) 100vw, 278px\" \/><\/a>El Museo B\u00edblico Tarraconense se encuentra ubicado en la Casa de los Concilios. Se trata de un edificio construido en el a\u00f1o 1585 para custodiar los documentos y los protocolos de la provincia eclesi\u00e1stica Tarraconense y de sus concilios provinciales. Durante la segunda mitad del s.XX, el edificio fue sede de un proyecto educativo social impulsado por el cardenal Benjam\u00edn de Arriba y Castro.<\/p>\n<p style=\"text-align: justify;\">En la fachada, la puerta principal es de medio punto y conserva, en la parte superior, tres emblemas her\u00e1ldicos, dos con la Tau (s\u00edmbolo de la Iglesia de Tarragona) y uno con las barras onduladas (s\u00edmbolo de la ciudad). Tambi\u00e9n empotrado en la fachada hay un bajo relieve, en forma de panel rectangular alargado, obra de Llu\u00eds M. Saumells Panad\u00e9s y esculpido por Enric Cebral y Pere Vidal hac\u00eda el a\u00f1o 1962, que representa la figura del ap\u00f3stol san Pablo.<br \/>\nEl edificio conserva un segmento de la muralla romana correspondiente a los p\u00f3rticos del recinto de culto imperial. Tambi\u00e9n debemos tener en cuenta que en este inmueble hay un acceso a un refugio antia\u00e9reo de la Guerra Civil (1936 \u2013 1939). El inmueble est\u00e1 protegido como un Bien Local de Inter\u00e9s Cultural.<\/p>\n","protected":false},"excerpt":{"rendered":"<p>El Museo B\u00edblico Tarraconense se encuentra ubicado en la Casa de los Concilios. Se trata de un edificio construido en el a\u00f1o 1585 para custodiar los documentos y los protocolos de la provincia eclesi\u00e1stica Tarraconense y de sus concilios provinciales. Durante la segunda mitad del s.XX, el edificio fue sede de un proyecto educativo social<\/p>\n","protected":false},"author":34,"featured_media":0,"parent":0,"menu_order":0,"comment_status":"closed","ping_status":"closed","template":"page-template-full.php","meta":{"footnotes":""},"class_list":["post-2952","page","type-page","status-publish","hentry"],"amp_enabled":false,"_links":{"self":[{"href":"https:\/\/museu.biblic.arqtgn.cat\/es\/wp-json\/wp\/v2\/pages\/2952","targetHints":{"allow":["GET"]}}],"collection":[{"href":"https:\/\/museu.biblic.arqtgn.cat\/es\/wp-json\/wp\/v2\/pages"}],"about":[{"href":"https:\/\/museu.biblic.arqtgn.cat\/es\/wp-json\/wp\/v2\/types\/page"}],"author":[{"embeddable":true,"href":"https:\/\/museu.biblic.arqtgn.cat\/es\/wp-json\/wp\/v2\/users\/34"}],"replies":[{"embeddable":true,"href":"https:\/\/museu.biblic.arqtgn.cat\/es\/wp-json\/wp\/v2\/comments?post=2952"}],"version-history":[{"count":1,"href":"https:\/\/museu.biblic.arqtgn.cat\/es\/wp-json\/wp\/v2\/pages\/2952\/revisions"}],"predecessor-version":[{"id":2954,"href":"https:\/\/museu.biblic.arqtgn.cat\/es\/wp-json\/wp\/v2\/pages\/2952\/revisions\/2954"}],"wp:attachment":[{"href":"https:\/\/museu.biblic.arqtgn.cat\/es\/wp-json\/wp\/v2\/media?parent=2952"}],"curies":[{"name":"wp","href":"https:\/\/api.w.org\/{rel}","templated":true}]}}