{"id":2956,"date":"2020-12-23T18:25:01","date_gmt":"2020-12-23T17:25:01","guid":{"rendered":"http:\/\/museu.biblic.arqtgn.cat\/?page_id=2956"},"modified":"2020-12-23T18:44:57","modified_gmt":"2020-12-23T17:44:57","slug":"la-ruta-de-los-primeros-cristianos","status":"publish","type":"page","link":"https:\/\/museu.biblic.arqtgn.cat\/es\/la-ruta-de-los-primeros-cristianos\/","title":{"rendered":"LA RUTA DE LOS PRIMEROS CRISTIANOS"},"content":{"rendered":"<p style=\"text-align: justify;\"><a href=\"http:\/\/mbt.wp.arqtgn.cat\/wp-content\/uploads\/sites\/34\/2015\/08\/baixa.jpg\"><img loading=\"lazy\" decoding=\"async\" class=\" wp-image-757 alignleft\" src=\"http:\/\/mbt.wp.arqtgn.cat\/wp-content\/uploads\/sites\/34\/2015\/08\/baixa.jpg\" alt=\"baixa\" width=\"231\" height=\"266\" \/><\/a>El Museo B\u00edblico Tarraconense forma parte de <em><strong>La ruta de los primeros cristianos de Tarraco<\/strong><\/em>, un itinerario impulsado por el Patronato Municipal de Turismo de Tarragona y pensado para guiar al visitante a trav\u00e9s de la historia, la arqueolog\u00eda y el arte y, de esta manera, hacer m\u00e1s comprensible el proceso de nacimiento y desarrollo del cristianismo en Tarragona.<\/p>\n<p style=\"text-align: justify;\">La tradici\u00f3n vincula la llegada del cristianismo a la acci\u00f3n misionera del ap\u00f3stol Pablo. Pero la primera noticia sobre cristianismo en la ciudad es del a\u00f1o 259 cuando el obispo de Tarraco, Fructuoso y sus di\u00e1conos Augurio y Eulogio, fueron quemados vivos en el anfiteatro bajo la persecuci\u00f3n de los emperadores Valeriano y Galeano. En \u00e9poca tardorromana la Iglesia de Tarragona se convirti\u00f3 en sede metropolitana de la Provincia Tarraconense. Fue dinamizadora de los muchos Concilios provinciales y algunos de sus obispos fueron designados como alegados del Papa para las provincias hisp\u00e1nicas. El patrimonio documental, art\u00edstico y arqueol\u00f3gico paleocristiano que la ciudad ha legado es, en su conjunto, el m\u00e1s notable de toda la pen\u00ednsula ib\u00e9rica.<\/p>\n<p style=\"text-align: justify;\"><em><strong>La ruta de los primeros cristianos de Tarraco<\/strong><\/em> no es una visita guiada convencional, el visitante la puede hacer a su aire, los d\u00edas que quiera. El itinerario consta de ocho espacios (equipamientos muse\u00edsticos o monumentos) diferentes que son: la capilla de San Pablo (Centro Tarraconense El Seminario), la Catedral y el Museo Diocesano de Tarragona, el Museo B\u00edblico Tarraconense, el Anfiteatro de Tarragona (Museo de Historia de Tarragona), el F\u00f3rum de la Colonia (Museo de Historia de Tarragona), la Bas\u00edlica Paleocristiana del Parc Central, la Necr\u00f3polis Paleocristiana (Museo Nacional Arqueol\u00f3gico de Tarragona) y el conjunto arqueol\u00f3gico de Centcelles (Museo Nacional Arqueol\u00f3gico de Tarragona).<\/p>\n<p style=\"text-align: justify;\">Los interesados en seguir los pasos de los primeros cristianos de Tarraco, pueden comprar por 1\u20ac un pasaporte que ser\u00e1 sellado en cada espacio visitado y mediante el cual obtendr\u00e1n importantes descuentos a la hora de comprar las entradas en los diferentes museos y monumentos.<\/p>\n<p style=\"text-align: justify;\"><strong>PDF de la ruta:<\/strong>\u00a0<a href=\"http:\/\/mbt.wp.arqtgn.cat\/wp-content\/uploads\/sites\/34\/2015\/08\/rpc_esp.pdf\">informaci\u00f3n ruta de los primeros cristianos de Tarraco<\/a><\/p>\n<p style=\"text-align: justify;\"><strong>PDF libro-gu\u00eda para poder seguir la ruta:<\/strong>\u00a0<a href=\"http:\/\/mbt.wp.arqtgn.cat\/wp-content\/uploads\/sites\/34\/2015\/08\/LLIBRE-CRISTIANS-1.pdf\">libro <em>La Tarraco de los primeros cristianos<\/em><\/a><\/p>\n<p style=\"text-align: justify;\"><strong>Para m\u00e1s informaci\u00f3n:<\/strong>\u00a0<a href=\"http:\/\/www.tarragonaturisme.cat\/es\/rutas\/la-ruta-de-los-primeros-cristianos-de-tarraco\">web Patronato Municipal de Turismo de Tarragona<\/a><\/p>\n","protected":false},"excerpt":{"rendered":"<p>El Museo B\u00edblico Tarraconense forma parte de La ruta de los primeros cristianos de Tarraco, un itinerario impulsado por el Patronato Municipal de Turismo de Tarragona y pensado para guiar al visitante a trav\u00e9s de la historia, la arqueolog\u00eda y el arte y, de esta manera, hacer m\u00e1s comprensible el proceso de nacimiento y desarrollo<\/p>\n","protected":false},"author":34,"featured_media":0,"parent":0,"menu_order":0,"comment_status":"closed","ping_status":"closed","template":"page-template-full.php","meta":{"footnotes":""},"class_list":["post-2956","page","type-page","status-publish","hentry"],"amp_enabled":false,"_links":{"self":[{"href":"https:\/\/museu.biblic.arqtgn.cat\/es\/wp-json\/wp\/v2\/pages\/2956","targetHints":{"allow":["GET"]}}],"collection":[{"href":"https:\/\/museu.biblic.arqtgn.cat\/es\/wp-json\/wp\/v2\/pages"}],"about":[{"href":"https:\/\/museu.biblic.arqtgn.cat\/es\/wp-json\/wp\/v2\/types\/page"}],"author":[{"embeddable":true,"href":"https:\/\/museu.biblic.arqtgn.cat\/es\/wp-json\/wp\/v2\/users\/34"}],"replies":[{"embeddable":true,"href":"https:\/\/museu.biblic.arqtgn.cat\/es\/wp-json\/wp\/v2\/comments?post=2956"}],"version-history":[{"count":1,"href":"https:\/\/museu.biblic.arqtgn.cat\/es\/wp-json\/wp\/v2\/pages\/2956\/revisions"}],"predecessor-version":[{"id":2961,"href":"https:\/\/museu.biblic.arqtgn.cat\/es\/wp-json\/wp\/v2\/pages\/2956\/revisions\/2961"}],"wp:attachment":[{"href":"https:\/\/museu.biblic.arqtgn.cat\/es\/wp-json\/wp\/v2\/media?parent=2956"}],"curies":[{"name":"wp","href":"https:\/\/api.w.org\/{rel}","templated":true}]}}