{"id":2963,"date":"2020-12-23T18:25:42","date_gmt":"2020-12-23T17:25:42","guid":{"rendered":"http:\/\/museu.biblic.arqtgn.cat\/?page_id=2963"},"modified":"2020-12-23T18:44:57","modified_gmt":"2020-12-23T17:44:57","slug":"objetivos-y-lineas-de-actuacion-del-museo-biblico-tarraconense","status":"publish","type":"page","link":"https:\/\/museu.biblic.arqtgn.cat\/es\/objetivos-y-lineas-de-actuacion-del-museo-biblico-tarraconense\/","title":{"rendered":"OBJETIVOS Y L\u00cdNEAS DE ACTUACI\u00d3N DEL MUSEO B\u00cdBLICO TARRACONENSE"},"content":{"rendered":"<p style=\"text-align: justify;\"><strong>Objetivos:<a href=\"http:\/\/mbt.wp.arqtgn.cat\/wp-content\/uploads\/sites\/34\/2014\/10\/11295761_941444615886422_1024232757617965689_n.jpg\"><img loading=\"lazy\" decoding=\"async\" class=\" wp-image-331 alignright\" src=\"http:\/\/mbt.wp.arqtgn.cat\/wp-content\/uploads\/sites\/34\/2014\/10\/11295761_941444615886422_1024232757617965689_n-300x200.jpg\" alt=\"11295761_941444615886422_1024232757617965689_n\" width=\"436\" height=\"290\" srcset=\"https:\/\/museu.biblic.arqtgn.cat\/wp-content\/uploads\/sites\/34\/2014\/10\/11295761_941444615886422_1024232757617965689_n-300x200.jpg 300w, https:\/\/museu.biblic.arqtgn.cat\/wp-content\/uploads\/sites\/34\/2014\/10\/11295761_941444615886422_1024232757617965689_n.jpg 960w\" sizes=\"auto, (max-width: 436px) 100vw, 436px\" \/><\/a><\/strong><\/p>\n<p style=\"text-align: justify;\">\u2013 Ser un instrumento pedag\u00f3gico que ayude al p\u00fablico a enmarcar hist\u00f3ricamente y culturalmente las Sagradas Escrituras y ayudar a descubrir la influencia que la Biblia ha ejercido sobre la<br \/>\ncultura y el pensamiento universal, y en particular sobre nuestra sociedad occidental.<br \/>\n\u2013 Contribuir a la formaci\u00f3n b\u00edblica de los agentes de pastoral de la archidi\u00f3cesis, los arciprestazgos y parroquias, y acercar la cultura b\u00edblica al \u00e1mbito acad\u00e9mico y a la sociedad en general.<br \/>\n\u2013 Contribuir a la formaci\u00f3n de todos los creyentes, en sinton\u00eda con las resoluciones del Concilio Provincial Tarraconense de 1995 (cf. sobre todo las resoluciones 53 a 58).<br \/>\n\u2013 Tambi\u00e9n pretende ser un instrumento \u00fatil al servicio del di\u00e1logo interreligioso y de la interculturalidad.<br \/>\n\u2013 El equipo del Museo intenta llegar a estos objetivos mediante una concepci\u00f3n multidisciplinar en que se presentan los siguientes contenidos sobre el mundo b\u00edblico: geograf\u00eda, entorno natural, historia y arqueolog\u00eda, numism\u00e1tica, historia literaria, culto y manifestaciones art\u00edsticas.<\/p>\n<p style=\"text-align: justify;\"><strong>L\u00edneas de actuaci\u00f3n:<\/strong><\/p>\n<p style=\"text-align: justify;\">\u2013 El Museo contempla tres l\u00edneas b\u00e1sicas de actuaci\u00f3n: conservaci\u00f3n, divulgaci\u00f3n y b\u00fasqueda.<br \/>\n\u2013 En el \u00e1mbito de la conservaci\u00f3n se hace todo lo posible, de acuerdo con sus recursos, para preservar correctamente el patrimonio que la instituci\u00f3n ha ido reuniendo, ya sea por su legado antiguo, por adquisici\u00f3n o como fruto de donaciones.<br \/>\n\u2013 En el \u00e1mbito de la divulgaci\u00f3n y de la formaci\u00f3n, el Museo mantiene una l\u00ednea preferente al servicio de la catequesis y de la comunidad educativa en general, desde los niveles de primaria hasta la Universidad. Para grupos de edades comprendidas entre los 8 y 12 a\u00f1os, el Museo tiene un dosier pedag\u00f3gico como apoyo de la visita. Algunos talleres did\u00e1cticos se externalizan a trav\u00e9s de una empresa formada en cultura b\u00edblica y arqueol\u00f3gica, y mediante un convenio con el Museo.<br \/>\nExiste una estrecha colaboraci\u00f3n con el Instituto Superior de Ciencias Religiosas San Fructuoso de Tarragona y la Asociaci\u00f3n B\u00edblica de Catalu\u00f1a, de manera que el Museo se convierte en aula de formaci\u00f3n para las materias y cursos impartidos por estas instituciones eclesi\u00e1sticas. En la misma l\u00ednea se establecen relaciones estables con el Instituto Catal\u00e1n de Arqueolog\u00eda Cl\u00e1sica para realizar actividades de formaci\u00f3n en las instalaciones del Museo y con la URV (Universidad Rovira i Virgili de Tarragona) para acoger alumnos en pr\u00e1cticas. Se organizan tambi\u00e9n, con frecuencia, conferencias centradas en temas b\u00edblicos con la transversalidad de la teolog\u00eda, la historia, el arte o el pensamiento, entre otros.<br \/>\n\u2013 En el \u00e1mbito de la b\u00fasqueda el Museo B\u00edblico est\u00e1 abierto a las necesidades de los investigadores tanto en el campo de las ciencias religiosas, como el de la arqueolog\u00eda. Mantiene una l\u00ednea de investigaci\u00f3n arqueol\u00f3gica a partir de diferentes convenios con el Instituto Catal\u00e1n de Arqueolog\u00eda Cl\u00e1sica y la Concejal\u00eda de Patrimonio del Ayuntamiento de Tarragona. Conscientes de la dificultad econ\u00f3mica de participar en proyectos arqueol\u00f3gicos en Tierra Santa, el Museo aporta su experiencia en proyectos de arqueolog\u00eda cristiana a la ciudad. De esta manera el Museo ha intervenido en excavaciones en la catedral de Tarragona, la bas\u00edlica visigoda del Anfiteatro o el \u00e1rea de la Necr\u00f3polis Paleocristiana de la ciudad.<br \/>\n\u2013 Los tres ejes de actuaci\u00f3n descritos permiten situar al Museo B\u00edblico en la intersecci\u00f3n del mundo eclesial y la sociedad civil, entre los campos de la Fe y de la Cultura, en un di\u00e1logo fruct\u00edfero y abierto.<\/p>\n","protected":false},"excerpt":{"rendered":"<p>Objetivos: \u2013 Ser un instrumento pedag\u00f3gico que ayude al p\u00fablico a enmarcar hist\u00f3ricamente y culturalmente las Sagradas Escrituras y ayudar a descubrir la influencia que la Biblia ha ejercido sobre la cultura y el pensamiento universal, y en particular sobre nuestra sociedad occidental. \u2013 Contribuir a la formaci\u00f3n b\u00edblica de los agentes de pastoral de<\/p>\n","protected":false},"author":34,"featured_media":0,"parent":0,"menu_order":0,"comment_status":"closed","ping_status":"closed","template":"page-template-full.php","meta":{"footnotes":""},"class_list":["post-2963","page","type-page","status-publish","hentry"],"amp_enabled":false,"_links":{"self":[{"href":"https:\/\/museu.biblic.arqtgn.cat\/es\/wp-json\/wp\/v2\/pages\/2963","targetHints":{"allow":["GET"]}}],"collection":[{"href":"https:\/\/museu.biblic.arqtgn.cat\/es\/wp-json\/wp\/v2\/pages"}],"about":[{"href":"https:\/\/museu.biblic.arqtgn.cat\/es\/wp-json\/wp\/v2\/types\/page"}],"author":[{"embeddable":true,"href":"https:\/\/museu.biblic.arqtgn.cat\/es\/wp-json\/wp\/v2\/users\/34"}],"replies":[{"embeddable":true,"href":"https:\/\/museu.biblic.arqtgn.cat\/es\/wp-json\/wp\/v2\/comments?post=2963"}],"version-history":[{"count":1,"href":"https:\/\/museu.biblic.arqtgn.cat\/es\/wp-json\/wp\/v2\/pages\/2963\/revisions"}],"predecessor-version":[{"id":2968,"href":"https:\/\/museu.biblic.arqtgn.cat\/es\/wp-json\/wp\/v2\/pages\/2963\/revisions\/2968"}],"wp:attachment":[{"href":"https:\/\/museu.biblic.arqtgn.cat\/es\/wp-json\/wp\/v2\/media?parent=2963"}],"curies":[{"name":"wp","href":"https:\/\/api.w.org\/{rel}","templated":true}]}}