{"id":2973,"date":"2020-12-23T18:27:17","date_gmt":"2020-12-23T17:27:17","guid":{"rendered":"http:\/\/museu.biblic.arqtgn.cat\/?page_id=2973"},"modified":"2020-12-23T18:44:57","modified_gmt":"2020-12-23T17:44:57","slug":"videoteca","status":"publish","type":"page","link":"https:\/\/museu.biblic.arqtgn.cat\/es\/videoteca\/","title":{"rendered":"VIDEOTECA"},"content":{"rendered":"<p>En este apartado se pueden visualizar diferentes audiovisuales producidos o coproducidos por el Museo B\u00edblico, as\u00ed como otros videos de entrevistas y conferencias realizadas:<\/p>\n<p><strong><a href=\"http:\/\/mbt.wp.arqtgn.cat\/wp-content\/uploads\/sites\/34\/2015\/08\/DSC_0368.jpg\"><img loading=\"lazy\" decoding=\"async\" class=\"alignnone size-medium wp-image-815\" src=\"http:\/\/mbt.wp.arqtgn.cat\/wp-content\/uploads\/sites\/34\/2015\/08\/DSC_0368-300x201.jpg\" alt=\"DSC_0368\" width=\"300\" height=\"201\" srcset=\"https:\/\/museu.biblic.arqtgn.cat\/wp-content\/uploads\/sites\/34\/2015\/08\/DSC_0368-300x201.jpg 300w, https:\/\/museu.biblic.arqtgn.cat\/wp-content\/uploads\/sites\/34\/2015\/08\/DSC_0368-1024x685.jpg 1024w\" sizes=\"auto, (max-width: 300px) 100vw, 300px\" \/><\/a>\u00a0\u00a0<\/strong><\/p>\n<p><span style=\"color: #800080;\"><strong><a href=\"https:\/\/youtu.be\/rS32lVdJJ50\">El Museo B\u00edblico Tarraconense<\/a><\/strong><\/span><\/p>\n<p><a href=\"http:\/\/mbt.wp.arqtgn.cat\/wp-content\/uploads\/sites\/34\/2015\/08\/SETSAN_04.jpg\"><img loading=\"lazy\" decoding=\"async\" class=\"alignnone size-medium wp-image-819\" src=\"http:\/\/mbt.wp.arqtgn.cat\/wp-content\/uploads\/sites\/34\/2015\/08\/SETSAN_04-300x165.jpg\" alt=\"SETSAN_04\" width=\"300\" height=\"165\" srcset=\"https:\/\/museu.biblic.arqtgn.cat\/wp-content\/uploads\/sites\/34\/2015\/08\/SETSAN_04-300x165.jpg 300w, https:\/\/museu.biblic.arqtgn.cat\/wp-content\/uploads\/sites\/34\/2015\/08\/SETSAN_04-1024x562.jpg 1024w, https:\/\/museu.biblic.arqtgn.cat\/wp-content\/uploads\/sites\/34\/2015\/08\/SETSAN_04.jpg 1049w\" sizes=\"auto, (max-width: 300px) 100vw, 300px\" \/><\/a><\/p>\n<p><span style=\"color: #800080;\"><strong><a href=\"http:\/\/tac12.xiptv.cat\/setmana-santa-2015\/capitol\/capitol-4\">Entrevista TAC 12: Recorrido por el Museo B\u00edblico con su director, Andreu Mu\u00f1oz<\/a><\/strong><\/span><\/p>\n<p><a href=\"http:\/\/mbt.wp.arqtgn.cat\/wp-content\/uploads\/sites\/34\/2015\/08\/Figura-3.jpg\"><img loading=\"lazy\" decoding=\"async\" class=\"alignnone size-medium wp-image-790\" src=\"http:\/\/mbt.wp.arqtgn.cat\/wp-content\/uploads\/sites\/34\/2015\/08\/Figura-3-300x201.jpg\" alt=\"Figura 3\" width=\"300\" height=\"201\" srcset=\"https:\/\/museu.biblic.arqtgn.cat\/wp-content\/uploads\/sites\/34\/2015\/08\/Figura-3-300x201.jpg 300w, https:\/\/museu.biblic.arqtgn.cat\/wp-content\/uploads\/sites\/34\/2015\/08\/Figura-3-1024x685.jpg 1024w\" sizes=\"auto, (max-width: 300px) 100vw, 300px\" \/><\/a><\/p>\n<p><span style=\"color: #800080;\"><strong><a href=\"https:\/\/youtu.be\/LFMjwsm6WcA\"><em>Praesidivm, Templvm et Ecclesia<\/em>. Las intervenciones arqueol\u00f3gicas en la Catedral de Tarragona<\/a><\/strong><\/span><\/p>\n<p><em><strong><a href=\"http:\/\/mbt.wp.arqtgn.cat\/wp-content\/uploads\/sites\/34\/2015\/08\/42bis.jpg\"><img loading=\"lazy\" decoding=\"async\" class=\"alignnone size-medium wp-image-793\" src=\"http:\/\/mbt.wp.arqtgn.cat\/wp-content\/uploads\/sites\/34\/2015\/08\/42bis-300x220.jpg\" alt=\"42bis\" width=\"300\" height=\"220\" srcset=\"https:\/\/museu.biblic.arqtgn.cat\/wp-content\/uploads\/sites\/34\/2015\/08\/42bis-300x220.jpg 300w, https:\/\/museu.biblic.arqtgn.cat\/wp-content\/uploads\/sites\/34\/2015\/08\/42bis-1024x752.jpg 1024w\" sizes=\"auto, (max-width: 300px) 100vw, 300px\" \/><\/a><\/strong><\/em><\/p>\n<p><span style=\"color: #800080;\"><em><strong><a href=\"https:\/\/youtu.be\/HnZRnwNh0Pw\">Vita Theclae<\/a><\/strong><\/em><\/span><\/p>\n<p><a href=\"http:\/\/mbt.wp.arqtgn.cat\/wp-content\/uploads\/sites\/34\/2015\/08\/docu.jpg\"><img loading=\"lazy\" decoding=\"async\" class=\"alignnone size-medium wp-image-796\" src=\"http:\/\/mbt.wp.arqtgn.cat\/wp-content\/uploads\/sites\/34\/2015\/08\/docu-300x212.jpg\" alt=\"docu\" width=\"300\" height=\"212\" srcset=\"https:\/\/museu.biblic.arqtgn.cat\/wp-content\/uploads\/sites\/34\/2015\/08\/docu-300x212.jpg 300w, https:\/\/museu.biblic.arqtgn.cat\/wp-content\/uploads\/sites\/34\/2015\/08\/docu.jpg 800w\" sizes=\"auto, (max-width: 300px) 100vw, 300px\" \/><\/a><\/p>\n<p><span style=\"color: #800080;\"><em><strong><a href=\"https:\/\/youtu.be\/caJycSpWIkc\">Amphitheatrum, memoria martyrium et ecclesiae<\/a><\/strong><\/em><\/span><\/p>\n<p><a href=\"http:\/\/mbt.wp.arqtgn.cat\/wp-content\/uploads\/sites\/34\/2015\/08\/1.1.jpg\"><img loading=\"lazy\" decoding=\"async\" class=\"alignnone size-medium wp-image-799\" src=\"http:\/\/mbt.wp.arqtgn.cat\/wp-content\/uploads\/sites\/34\/2015\/08\/1.1-300x190.jpg\" alt=\"1.1\" width=\"300\" height=\"190\" srcset=\"https:\/\/museu.biblic.arqtgn.cat\/wp-content\/uploads\/sites\/34\/2015\/08\/1.1-300x190.jpg 300w, https:\/\/museu.biblic.arqtgn.cat\/wp-content\/uploads\/sites\/34\/2015\/08\/1.1-1024x650.jpg 1024w, https:\/\/museu.biblic.arqtgn.cat\/wp-content\/uploads\/sites\/34\/2015\/08\/1.1.jpg 1664w\" sizes=\"auto, (max-width: 300px) 100vw, 300px\" \/><\/a><\/p>\n<p><span style=\"color: #800080;\"><a href=\"https:\/\/youtu.be\/3kJQ2VddBDk\"><strong>El patrimonio religioso de la archidi\u00f3cesis de Tarragona a trav\u00e9s de las postales (1897-2014). Colecci\u00f3n de Josep Maria Brull Alabart<\/strong> <\/a><\/span><\/p>\n<p><a href=\"http:\/\/mbt.wp.arqtgn.cat\/wp-content\/uploads\/sites\/34\/2015\/08\/Tarragona_-_Catedral_claustro_201.jpg\"><img loading=\"lazy\" decoding=\"async\" class=\"alignnone size-medium wp-image-824\" src=\"http:\/\/mbt.wp.arqtgn.cat\/wp-content\/uploads\/sites\/34\/2015\/08\/Tarragona_-_Catedral_claustro_201-300x225.jpg\" alt=\"Tarragona_-_Catedral,_claustro_20\" width=\"300\" height=\"225\" srcset=\"https:\/\/museu.biblic.arqtgn.cat\/wp-content\/uploads\/sites\/34\/2015\/08\/Tarragona_-_Catedral_claustro_201-300x225.jpg 300w, https:\/\/museu.biblic.arqtgn.cat\/wp-content\/uploads\/sites\/34\/2015\/08\/Tarragona_-_Catedral_claustro_201-1024x768.jpg 1024w, https:\/\/museu.biblic.arqtgn.cat\/wp-content\/uploads\/sites\/34\/2015\/08\/Tarragona_-_Catedral_claustro_201.jpg 1600w\" sizes=\"auto, (max-width: 300px) 100vw, 300px\" \/><\/a><\/p>\n<p><span style=\"color: #800080;\"><strong><a href=\"https:\/\/youtu.be\/jo8___lEnfM\">Conferencia en el MBT: Di\u00e1logos de Arte y Biblia: La iconograf\u00eda del claustro de la Catedral de Tarragona<\/a><\/strong><\/span><\/p>\n<p><a href=\"http:\/\/mbt.wp.arqtgn.cat\/wp-content\/uploads\/sites\/34\/2015\/08\/maxresdefault.jpg\"><img loading=\"lazy\" decoding=\"async\" class=\"alignnone size-medium wp-image-803\" src=\"http:\/\/mbt.wp.arqtgn.cat\/wp-content\/uploads\/sites\/34\/2015\/08\/maxresdefault-300x169.jpg\" alt=\"maxresdefault\" width=\"300\" height=\"169\" srcset=\"https:\/\/museu.biblic.arqtgn.cat\/wp-content\/uploads\/sites\/34\/2015\/08\/maxresdefault-300x169.jpg 300w, https:\/\/museu.biblic.arqtgn.cat\/wp-content\/uploads\/sites\/34\/2015\/08\/maxresdefault-1024x576.jpg 1024w, https:\/\/museu.biblic.arqtgn.cat\/wp-content\/uploads\/sites\/34\/2015\/08\/maxresdefault.jpg 1280w\" sizes=\"auto, (max-width: 300px) 100vw, 300px\" \/><\/a><\/p>\n<p><span style=\"color: #800080;\"><strong><a href=\"https:\/\/youtu.be\/z5PuYF5kKsk\"><em>Aqua Sacra<\/em>: Botijos y tradici\u00f3n (II edici\u00f3n). Colecci\u00f3n de la familia Gali\u00e0-Iglesias<\/a><\/strong><\/span><\/p>\n<p><a href=\"http:\/\/mbt.wp.arqtgn.cat\/wp-content\/uploads\/sites\/34\/2015\/08\/1-UNO-1.jpg\"><img loading=\"lazy\" decoding=\"async\" class=\"alignnone wp-image-806\" src=\"http:\/\/mbt.wp.arqtgn.cat\/wp-content\/uploads\/sites\/34\/2015\/08\/1-UNO-1-293x300.jpg\" alt=\"1 UNO 1\" width=\"274\" height=\"281\" srcset=\"https:\/\/museu.biblic.arqtgn.cat\/wp-content\/uploads\/sites\/34\/2015\/08\/1-UNO-1-293x300.jpg 293w, https:\/\/museu.biblic.arqtgn.cat\/wp-content\/uploads\/sites\/34\/2015\/08\/1-UNO-1-999x1024.jpg 999w, https:\/\/museu.biblic.arqtgn.cat\/wp-content\/uploads\/sites\/34\/2015\/08\/1-UNO-1.jpg 1535w\" sizes=\"auto, (max-width: 274px) 100vw, 274px\" \/><\/a><\/p>\n<p><span style=\"color: #800080;\"><strong><a href=\"https:\/\/youtu.be\/zj1VdDF_NBo\">Bethesda: Historia de un sarc\u00f3fago<\/a><\/strong><\/span><\/p>\n<p><a href=\"https:\/\/youtu.be\/O8yX0fvds6o\"><img loading=\"lazy\" decoding=\"async\" class=\"alignnone wp-image-809\" src=\"http:\/\/mbt.wp.arqtgn.cat\/wp-content\/uploads\/sites\/34\/2015\/08\/incoemeterio-04-300x194.jpg\" alt=\"incoemeterio-04\" width=\"291\" height=\"188\" srcset=\"https:\/\/museu.biblic.arqtgn.cat\/wp-content\/uploads\/sites\/34\/2015\/08\/incoemeterio-04-300x194.jpg 300w, https:\/\/museu.biblic.arqtgn.cat\/wp-content\/uploads\/sites\/34\/2015\/08\/incoemeterio-04.jpg 800w\" sizes=\"auto, (max-width: 291px) 100vw, 291px\" \/><\/a><\/p>\n<p><span style=\"color: #800080;\"><strong><a href=\"https:\/\/youtu.be\/O8yX0fvds6o\"><em>In Coemeterio<\/em>. Reconstrucci\u00f3n de un funeral cristiano del s. V d.C.<\/a><\/strong><\/span><\/p>\n<p><img loading=\"lazy\" decoding=\"async\" class=\"alignnone size-medium wp-image-1089\" src=\"http:\/\/mbt.wp.arqtgn.cat\/wp-content\/uploads\/sites\/34\/2015\/08\/image_large-300x200.jpg\" alt=\"image_large\" width=\"300\" height=\"200\" srcset=\"https:\/\/museu.biblic.arqtgn.cat\/wp-content\/uploads\/sites\/34\/2015\/08\/image_large-300x200.jpg 300w, https:\/\/museu.biblic.arqtgn.cat\/wp-content\/uploads\/sites\/34\/2015\/08\/image_large.jpg 768w\" sizes=\"auto, (max-width: 300px) 100vw, 300px\" \/><\/p>\n<p><span style=\"color: #800080;\"><strong><a href=\"https:\/\/www.youtube.com\/watch?v=moQqWKMcbWM\">La Tarraco de los primeros cristianos<\/a><\/strong><\/span><\/p>\n<p><img loading=\"lazy\" decoding=\"async\" class=\"alignnone wp-image-1238\" src=\"http:\/\/mbt.wp.arqtgn.cat\/wp-content\/uploads\/sites\/34\/2015\/08\/1490209095142-300x169.jpg\" alt=\"\" width=\"312\" height=\"176\" srcset=\"https:\/\/museu.biblic.arqtgn.cat\/wp-content\/uploads\/sites\/34\/2015\/08\/1490209095142-300x169.jpg 300w, https:\/\/museu.biblic.arqtgn.cat\/wp-content\/uploads\/sites\/34\/2015\/08\/1490209095142.jpg 426w\" sizes=\"auto, (max-width: 312px) 100vw, 312px\" \/><\/p>\n<p><span style=\"color: #800080;\"><strong><a href=\"http:\/\/www.ccma.cat\/tv3\/alacarta\/el-lloc-dels-fets\/la-foguera-de-les-deitats-amfiteatre-de-tarragona\/video\/5661415\/\">La foguera de les de\u00eftats-Amfiteatre de Tarragona. El lloc dels fets, TV3<\/a><\/strong><\/span><\/p>\n<p><img loading=\"lazy\" decoding=\"async\" class=\"alignnone wp-image-1245\" src=\"http:\/\/mbt.wp.arqtgn.cat\/wp-content\/uploads\/sites\/34\/2015\/08\/DSC0217_ca430b23-1-300x172.jpg\" alt=\"\" width=\"330\" height=\"189\" srcset=\"https:\/\/museu.biblic.arqtgn.cat\/wp-content\/uploads\/sites\/34\/2015\/08\/DSC0217_ca430b23-1-300x172.jpg 300w, https:\/\/museu.biblic.arqtgn.cat\/wp-content\/uploads\/sites\/34\/2015\/08\/DSC0217_ca430b23-1-768x439.jpg 768w, https:\/\/museu.biblic.arqtgn.cat\/wp-content\/uploads\/sites\/34\/2015\/08\/DSC0217_ca430b23-1.jpg 953w\" sizes=\"auto, (max-width: 330px) 100vw, 330px\" \/><\/p>\n<p><span style=\"color: #800080;\"><strong><a href=\"http:\/\/tac12.xiptv.cat\/setmana-santa-2017\/capitol\/jornades-de-portes-obertes-al-museu-biblic-de-tarragona\">Entrevista Tac12: Miniaturas de la Semana Santa de Tarragona<\/a><\/strong><\/span><\/p>\n<p>&nbsp;<\/p>\n<p><img loading=\"lazy\" decoding=\"async\" class=\"alignnone wp-image-1247\" src=\"http:\/\/mbt.wp.arqtgn.cat\/wp-content\/uploads\/sites\/34\/2015\/08\/Cartell-Anunci-Expo-curieses-300x280.jpg\" alt=\"\" width=\"339\" height=\"316\" srcset=\"https:\/\/museu.biblic.arqtgn.cat\/wp-content\/uploads\/sites\/34\/2015\/08\/Cartell-Anunci-Expo-curieses-300x280.jpg 300w, https:\/\/museu.biblic.arqtgn.cat\/wp-content\/uploads\/sites\/34\/2015\/08\/Cartell-Anunci-Expo-curieses-768x718.jpg 768w, https:\/\/museu.biblic.arqtgn.cat\/wp-content\/uploads\/sites\/34\/2015\/08\/Cartell-Anunci-Expo-curieses-1024x957.jpg 1024w\" sizes=\"auto, (max-width: 339px) 100vw, 339px\" \/><\/p>\n<p><span style=\"color: #800080;\"><strong><a href=\"http:\/\/www.esglesiadetarragona.cat\/entrevista-a-mn-joan-curieses\/\">Exposici\u00f3: Joan Curieses, escultor<\/a><\/strong><\/span><\/p>\n<p>&nbsp;<\/p>\n<p><img loading=\"lazy\" decoding=\"async\" class=\"alignnone size-medium wp-image-1316\" src=\"http:\/\/mbt.wp.arqtgn.cat\/wp-content\/uploads\/sites\/34\/2015\/08\/portada-AD-288x300.jpg\" alt=\"\" width=\"288\" height=\"300\" srcset=\"https:\/\/museu.biblic.arqtgn.cat\/wp-content\/uploads\/sites\/34\/2015\/08\/portada-AD-288x300.jpg 288w, https:\/\/museu.biblic.arqtgn.cat\/wp-content\/uploads\/sites\/34\/2015\/08\/portada-AD.jpg 300w\" sizes=\"auto, (max-width: 288px) 100vw, 288px\" \/><\/p>\n<p><span style=\"color: #800080;\"><strong><a href=\"https:\/\/www.youtube.com\/watch?v=Y-sY1O3Ma90\">Anno Domini: Una recreaci\u00f3n de la primera Navidad de la historia<\/a><\/strong><\/span><\/p>\n","protected":false},"excerpt":{"rendered":"<p>En este apartado se pueden visualizar diferentes audiovisuales producidos o coproducidos por el Museo B\u00edblico, as\u00ed como otros videos de entrevistas y conferencias realizadas: \u00a0\u00a0 El Museo B\u00edblico Tarraconense Entrevista TAC 12: Recorrido por el Museo B\u00edblico con su director, Andreu Mu\u00f1oz Praesidivm, Templvm et Ecclesia. Las intervenciones arqueol\u00f3gicas en la Catedral de Tarragona Vita<\/p>\n","protected":false},"author":34,"featured_media":0,"parent":0,"menu_order":0,"comment_status":"closed","ping_status":"closed","template":"page-template-full.php","meta":{"footnotes":""},"class_list":["post-2973","page","type-page","status-publish","hentry"],"amp_enabled":false,"_links":{"self":[{"href":"https:\/\/museu.biblic.arqtgn.cat\/es\/wp-json\/wp\/v2\/pages\/2973","targetHints":{"allow":["GET"]}}],"collection":[{"href":"https:\/\/museu.biblic.arqtgn.cat\/es\/wp-json\/wp\/v2\/pages"}],"about":[{"href":"https:\/\/museu.biblic.arqtgn.cat\/es\/wp-json\/wp\/v2\/types\/page"}],"author":[{"embeddable":true,"href":"https:\/\/museu.biblic.arqtgn.cat\/es\/wp-json\/wp\/v2\/users\/34"}],"replies":[{"embeddable":true,"href":"https:\/\/museu.biblic.arqtgn.cat\/es\/wp-json\/wp\/v2\/comments?post=2973"}],"version-history":[{"count":1,"href":"https:\/\/museu.biblic.arqtgn.cat\/es\/wp-json\/wp\/v2\/pages\/2973\/revisions"}],"predecessor-version":[{"id":2992,"href":"https:\/\/museu.biblic.arqtgn.cat\/es\/wp-json\/wp\/v2\/pages\/2973\/revisions\/2992"}],"wp:attachment":[{"href":"https:\/\/museu.biblic.arqtgn.cat\/es\/wp-json\/wp\/v2\/media?parent=2973"}],"curies":[{"name":"wp","href":"https:\/\/api.w.org\/{rel}","templated":true}]}}