{"id":2994,"date":"2020-12-23T18:32:07","date_gmt":"2020-12-23T17:32:07","guid":{"rendered":"http:\/\/museu.biblic.arqtgn.cat\/?page_id=2994"},"modified":"2020-12-23T18:44:55","modified_gmt":"2020-12-23T17:44:55","slug":"2007-imperium-et-sacerdotium-2","status":"publish","type":"page","link":"https:\/\/museu.biblic.arqtgn.cat\/es\/2007-imperium-et-sacerdotium-2\/","title":{"rendered":"2007: Imperium et sacerdotium"},"content":{"rendered":"<p style=\"text-align: justify;\"><strong>Exposici\u00f3n <em>Imperium et sacerdotium<\/em>. Los mosaicos de Justiniano y Teodora de San Vital de Ravenna (reconstrucci\u00f3n de sus indumentarias); (del 26 de junio al 15 de julio de 2007):<\/strong><\/p>\n<p style=\"text-align: justify;\">En el presbiterio de la iglesia italiana de San Vital de Ravenna (s.VI) se conservan unos maravillosos mosaicos dedicados al emperador Justiniano y a la emperatriz Teodora. En una situaci\u00f3n preeminente y flanqueando el altar en ambos lados, la pareja imperial sujetan en actitud de ofrenda el c\u00e1liz y la patena y se encuentran acompa\u00f1ados por su propia corte, militares y cl\u00e9rigos. Justiniano y Teodora tuvieron el sue\u00f1o de restaurar el viejo Imperio romano. Poder y religi\u00f3n se combinan en una creaci\u00f3n pl\u00e1stica \u00fanica, expresando el reconocimiento de la divinidad de Cristo y el car\u00e1cter divino del emperador llamado a la misi\u00f3n de hacer triunfar en la tierra el Reino de Dios.<\/p>\n<p style=\"text-align: justify;\">En esta exposici\u00f3n se present\u00f3 la fiel reconstrucci\u00f3n del vestuario de los personajes de estos dos mosaicos bizantinos \u00fanicos en el mundo gracias a la colaboraci\u00f3n de David Richardson y la Legio II Augusta de Gran Breta\u00f1a. La recreaci\u00f3n de esta indumentaria es obra del brit\u00e1nico Roger Oldhampstead, que ha confeccionado diferentes escenarios y vestuarios para pel\u00edculas como <em>Cleopatra<\/em> de Richard Burton y Elisabeth Taylor, <em>Yo Claudio, Pasaje a la India<\/em> o la c\u00e9lebre serie de la BBC, <em>Dr. Who<\/em>.<\/p>\n<p style=\"text-align: justify;\"><a href=\"http:\/\/mbt.wp.arqtgn.cat\/wp-content\/uploads\/sites\/34\/2015\/07\/188906_102273326520506_5049852_n.jpg\"><img loading=\"lazy\" decoding=\"async\" class=\" wp-image-491 aligncenter\" src=\"http:\/\/mbt.wp.arqtgn.cat\/wp-content\/uploads\/sites\/34\/2015\/07\/188906_102273326520506_5049852_n-300x225.jpg\" alt=\"188906_102273326520506_5049852_n\" width=\"399\" height=\"299\" srcset=\"https:\/\/museu.biblic.arqtgn.cat\/wp-content\/uploads\/sites\/34\/2015\/07\/188906_102273326520506_5049852_n-300x225.jpg 300w, https:\/\/museu.biblic.arqtgn.cat\/wp-content\/uploads\/sites\/34\/2015\/07\/188906_102273326520506_5049852_n.jpg 720w\" sizes=\"auto, (max-width: 399px) 100vw, 399px\" \/><\/a><\/p>\n","protected":false},"excerpt":{"rendered":"<p>Exposici\u00f3n Imperium et sacerdotium. Los mosaicos de Justiniano y Teodora de San Vital de Ravenna (reconstrucci\u00f3n de sus indumentarias); (del 26 de junio al 15 de julio de 2007): En el presbiterio de la iglesia italiana de San Vital de Ravenna (s.VI) se conservan unos maravillosos mosaicos dedicados al emperador Justiniano y a la emperatriz<\/p>\n","protected":false},"author":34,"featured_media":0,"parent":0,"menu_order":0,"comment_status":"closed","ping_status":"closed","template":"page-template-full.php","meta":{"footnotes":""},"class_list":["post-2994","page","type-page","status-publish","hentry"],"amp_enabled":false,"_links":{"self":[{"href":"https:\/\/museu.biblic.arqtgn.cat\/es\/wp-json\/wp\/v2\/pages\/2994","targetHints":{"allow":["GET"]}}],"collection":[{"href":"https:\/\/museu.biblic.arqtgn.cat\/es\/wp-json\/wp\/v2\/pages"}],"about":[{"href":"https:\/\/museu.biblic.arqtgn.cat\/es\/wp-json\/wp\/v2\/types\/page"}],"author":[{"embeddable":true,"href":"https:\/\/museu.biblic.arqtgn.cat\/es\/wp-json\/wp\/v2\/users\/34"}],"replies":[{"embeddable":true,"href":"https:\/\/museu.biblic.arqtgn.cat\/es\/wp-json\/wp\/v2\/comments?post=2994"}],"version-history":[{"count":1,"href":"https:\/\/museu.biblic.arqtgn.cat\/es\/wp-json\/wp\/v2\/pages\/2994\/revisions"}],"predecessor-version":[{"id":2996,"href":"https:\/\/museu.biblic.arqtgn.cat\/es\/wp-json\/wp\/v2\/pages\/2994\/revisions\/2996"}],"wp:attachment":[{"href":"https:\/\/museu.biblic.arqtgn.cat\/es\/wp-json\/wp\/v2\/media?parent=2994"}],"curies":[{"name":"wp","href":"https:\/\/api.w.org\/{rel}","templated":true}]}}